{"id":1486,"date":"2026-01-20T12:11:11","date_gmt":"2026-01-20T12:11:11","guid":{"rendered":"https:\/\/bonuskongcasino.com\/login-and-registration\/"},"modified":"2026-03-30T15:07:43","modified_gmt":"2026-03-30T14:07:43","slug":"logowanie-i-rejestracja","status":"publish","type":"page","link":"https:\/\/spinstein-casino.net\/pl\/logowanie-i-rejestracja\/","title":{"rendered":"Logowanie i rejestracja"},"content":{"rendered":"<h1>Logowanie i rejestracja w Spinstein<\/h1>\n<p>Po Spinstein login mo\u017cesz zacz\u0105\u0107 gra\u0107 na prawdziwe pieni\u0105dze w bezpiecznym miejscu. Je\u015bli nie masz konta, nie mo\u017cesz korzysta\u0107 ze wszystkich funkcji. Rejestracja otwiera przed polskimi graczami wszystkie mo\u017cliwo\u015bci \u2013 gry, bonusy, p\u0142atno\u015bci i obs\u0142uga klienta s\u0105 dost\u0119pne od razu.<\/p>\n<p><div class=\"banner-wrap\" aria-label=\"Banner\"><img src=\"https:\/\/spinstein-casino.net\/wp-content\/uploads\/2026\/03\/Spinstein-banner-carousel-800\u0445400.webp\" class=\"w-100 d-none d-lg-block img-pc main-banner-img\" alt=\"spinstein banner desktop\" fetchpriority=\"high\" decoding=\"async\"><img src=\"https:\/\/spinstein-casino.net\/wp-content\/uploads\/2026\/03\/spinstein-banner-mobile.webp\" class=\"w-100 d-none d-md-block d-lg-none main-banner-img\" alt=\"spinstein banner mobile\" fetchpriority=\"high\" decoding=\"async\"><img src=\"https:\/\/spinstein-casino.net\/wp-content\/uploads\/2026\/03\/spinstein-banner-mobile.webp\" class=\"w-100 d-md-none\" alt=\"spinstein banner mobile\" fetchpriority=\"high\" decoding=\"async\"><div class=\"banner-description\">\n<div class=\"banner-title\">Bonusy powitalne<\/div>\n<p class=\"banner-header-title\">1500 \u20ac<\/p>\n<div class=\"banner-header-AdditionalText\">+ 250 Darmowe spiny<\/div>\n<button data-item=\"homepage_banner_link\" class=\"goto m-button m-gradient-border m-button--primary m-button--large banner-button btn-orange\">\n            <div class=\"m-button-content\">\n                <span>Zarejestruj si\u0119 teraz<\/span>\n                <span><\/span>\n            <\/div>\n        <\/button>\n<\/div>\n<div class=\"WelcomePack\">\n<p><img loading=\"lazy\" decoding=\"async\" class=\"alignnone size-full wp-image-1856\" src=\"https:\/\/spinstein-casino.net\/wp-content\/uploads\/2026\/03\/welcome-crown.png\" alt=\"crown\" width=\"25\" height=\"26\" \/><\/p>\n<div class=\"WelcomePack-Info\">Cotygodniowy zwrot got\u00f3wki do 25%<\/div>\n<p><img loading=\"lazy\" decoding=\"async\" class=\"alignnone size-full wp-image-1856\" src=\"https:\/\/spinstein-casino.net\/wp-content\/uploads\/2026\/03\/welcome-crown.png\" alt=\"crown\" width=\"25\" height=\"26\" \/><\/p>\n<\/div>\n<\/div><div class=\"scrollable-content-wrap my-5\"><div class=\"scrollable-content-inner\"><h2>Dlaczego warto za\u0142o\u017cy\u0107 konto w kasynie Spin Stein<\/h2>\n<p>Dost\u0119p do Spinstein maj\u0105 wszystkie osoby, kt\u00f3re uko\u0144czy\u0142y 18 lat. Dzi\u0119ki temu mo\u017cesz przej\u015b\u0107 z trybu demo do gry na prawdziwe pieni\u0105dze. Po rejestracji zyskujesz dost\u0119p do pe\u0142nej kolekcji gier, ofert specjalnych, mo\u017cliwo\u015bci dokonywania p\u0142atno\u015bci oraz bezpo\u015bredniego kontaktu z wieloj\u0119zycznym zespo\u0142em obs\u0142ugi klienta.<\/p>\n<p>W Spinstein obowi\u0105zuje ograniczenie, \u017ce ka\u017cdy u\u017cytkownik mo\u017ce mie\u0107 tylko jeden profil. Przed rozpocz\u0119ciem gry warto zapozna\u0107 si\u0119 z regulaminem platformy. Utworzenie konta jest wysoce zalecane, je\u015bli chcesz cieszy\u0107 si\u0119 wszystkim, co oferuje kasyno, bez \u017cadnych ogranicze\u0144.<\/p>\n<h3>Jak dzia\u0142a tworzenie konta<\/h3>\n<p>Za\u0142o\u017cenie profilu w Spinstein Casino zajmuje zaledwie kilka minut. Nawet osoby, kt\u00f3re nigdy wcze\u015bniej nie korzysta\u0142y z kasyna online, z \u0142atwo\u015bci\u0105 poradz\u0105 sobie z rozpocz\u0119ciem gry. Podanie prawdziwych danych jest wa\u017cne, poniewa\u017c p\u00f3\u017aniej przeprowadzane s\u0105 testy weryfikacyjne. Na pocz\u0105tku wystarczy adres e-mail i has\u0142o. Nie musisz podawa\u0107 wi\u0119cej danych osobowych w tej chwili. Post\u0119puj zgodnie z poni\u017csz\u0105 instrukcj\u0105:<\/p>\n<ol>\n<li>Kliknij zielony przycisk u g\u00f3ry strony g\u0142\u00f3wnej serwisu Spin Stein.<\/li>\n<li>Nast\u0119pnie wprowad\u017a swoje dane osobowe w formularzach.<\/li>\n<li>Upewnij si\u0119, \u017ce Twoje has\u0142o jest silne i zawiera zar\u00f3wno wielkie, jak i ma\u0142e litery oraz inne znaki.<\/li>\n<li>Podczas rejestracji skorzystaj z posiadanych kod\u00f3w promocyjnych, aby od razu otrzyma\u0107 nagrody.<\/li>\n<li>Musisz potwierdzi\u0107 sw\u00f3j wiek i zaakceptowa\u0107 warunki korzystania z platformy Spinstein.<\/li>\n<li>Aby zako\u0144czy\u0107 procedur\u0119 i aktywowa\u0107 konto, kliknij \u201eZarejestruj si\u0119\u201d.<\/li>\n<\/ol>\n<p><img loading=\"lazy\" decoding=\"async\" class=\"alignnone size-full wp-image-1952\" src=\"https:\/\/spinstein-casino.net\/wp-content\/uploads\/2026\/03\/Spinstein-Login.webp\" alt=\"Spinstein Login\" width=\"1248\" height=\"536\" srcset=\"https:\/\/spinstein-casino.net\/wp-content\/uploads\/2026\/03\/Spinstein-Login.webp 1248w, https:\/\/spinstein-casino.net\/wp-content\/uploads\/2026\/03\/Spinstein-Login-300x129.webp 300w, https:\/\/spinstein-casino.net\/wp-content\/uploads\/2026\/03\/Spinstein-Login-1024x440.webp 1024w, https:\/\/spinstein-casino.net\/wp-content\/uploads\/2026\/03\/Spinstein-Login-768x330.webp 768w\" sizes=\"auto, (max-width: 1248px) 100vw, 1248px\" \/><\/p>\n<h2>Powr\u00f3t do konta Spinstein<\/h2>\n<p>Aby zalogowa\u0107 si\u0119 po rejestracji, musisz przej\u015b\u0107 przez proces logowania do Spinstein. Znajd\u017a przycisk \u201eZaloguj si\u0119\u201d w prawym g\u00f3rnym rogu strony g\u0142\u00f3wnej i kliknij go. B\u0119dziesz musia\u0142 poda\u0107 sw\u00f3j adres e-mail oraz has\u0142o, kt\u00f3re ustawi\u0142e\u015b podczas rejestracji.<\/p>\n<p>Nie zawsze wszystko idzie zgodnie z planem, ale zawsze istnieje spos\u00f3b na rozwi\u0105zanie problemu. Zapoznaj si\u0119 z poni\u017cszym zestawieniem, aby dowiedzie\u0107 si\u0119, jak radzi\u0107 sobie z typowymi problemami.<\/p>\n<table>\n<tbody>\n<tr>\n<td>Problem z logowaniem do Spinstein<\/td>\n<td>Dlaczego tak si\u0119 sta\u0142o<\/td>\n<td>Jak to naprawi\u0107<\/td>\n<\/tr>\n<tr>\n<td>Has\u0142o jest odrzucane<\/td>\n<td>By\u0107 mo\u017ce pope\u0142ni\u0142e\u015b b\u0142\u0105d podczas wpisywania has\u0142a, pomyli\u0142e\u015b je z has\u0142em do innego konta lub zapomnia\u0142e\u015b, jakie has\u0142o wybra\u0142e\u015b.<\/td>\n<td>Na ekranie logowania do Spinstein znajduje si\u0119 link, kt\u00f3ry pozwala zresetowa\u0107 has\u0142o poprzez weryfikacj\u0119 adresu e-mail.<\/td>\n<\/tr>\n<tr>\n<td>Konto w kasynie Spinstein jest ca\u0142kowicie zablokowane<\/td>\n<td>Wiele nieudanych pr\u00f3b logowania spowodowa\u0142o, \u017ce automatyczny system bezpiecze\u0144stwa zablokowa\u0142 dost\u0119p na kr\u00f3tki czas.<\/td>\n<td>Aby konto zosta\u0142o automatycznie odblokowane, poczekaj oko\u0142o 15 minut. Aby uzyska\u0107 szybsz\u0105 odpowied\u017a, skontaktuj si\u0119 z obs\u0142ug\u0105 klienta za po\u015brednictwem czatu na \u017cywo.<\/td>\n<\/tr>\n<tr>\n<td>Nagle wyrzucony w trakcie sesji<\/td>\n<td>Zadzia\u0142a\u0142 limit czasu bezczynno\u015bci, kt\u00f3ry chroni porzucone sesje przegl\u0105darki przed dost\u0119pem os\u00f3b, kt\u00f3re nie powinny mie\u0107 do nich dost\u0119pu.<\/td>\n<td>Wystarczy zalogowa\u0107 si\u0119 ponownie. Ze wzgl\u0119d\u00f3w bezpiecze\u0144stwa sesje ko\u0144cz\u0105 si\u0119 po 30\u201360 minutach bezczynno\u015bci.<\/td>\n<\/tr>\n<tr>\n<td>Kod uwierzytelniaj\u0105cy nie dzia\u0142a<\/td>\n<td>Kod jednorazowy straci\u0142 wa\u017cno\u015b\u0107 (by\u0142 wa\u017cny tylko przez 30\u201360 sekund).<\/td>\n<td>Wprowad\u017a najnowszy kod z aplikacji uwierzytelniaj\u0105cej lub wygeneruj nowy.<\/td>\n<\/tr>\n<\/tbody>\n<\/table>\n<h2>Co mo\u017cna zrobi\u0107 na pulpicie nawigacyjnym profilu<\/h2>\n<p>Loguj\u0105c si\u0119 do Spin Stein, mo\u017cesz nie tylko gra\u0107 w gry i korzysta\u0107 z ofert. W Twoim profilu znajduje si\u0119 szereg ustawie\u0144 i funkcji, kt\u00f3re poprawiaj\u0105 komfort gry. Zmiany danych osobowych mo\u017cna wprowadza\u0107 w dowolnym momencie. Zanim b\u0119dziesz m\u00f3g\u0142 zmieni\u0107 has\u0142o, musisz potwierdzi\u0107 sw\u00f3j adres e-mail.<\/p>\n<p>Aby zapewni\u0107 bezpiecze\u0144stwo gry, nale\u017cy stale sprawdza\u0107 histori\u0119 aktywno\u015bci, kt\u00f3ra obejmuje czas sp\u0119dzony na platformie, wp\u0142acone kwoty, \u0142\u0105czne straty i \u0142\u0105czne wygrane. W ka\u017cdej chwili mo\u017cna sprawdzi\u0107 status bonusu w kasynie Spinstein. Klienci korzystaj\u0105 ze specjalistycznych narz\u0119dzi odpowiedzialnej gry, aby w razie potrzeby ustawi\u0107 rozs\u0105dne limity.<\/p>\n<h2>Jak Twoje dane s\u0105 chronione w Spinstein<\/h2>\n<p>Wa\u017cne jest, aby zaufa\u0107 serwisowi Spinstein i poda\u0107 swoje dane osobowe oraz finansowe. Posiadamy oficjaln\u0105 licencj\u0119 na prowadzenie gier hazardowych online, wi\u0119c musimy przestrzega\u0107 okre\u015blonych zasad bezpiecze\u0144stwa. Zawsze dbamy o pe\u0142n\u0105 zgodno\u015b\u0107 z przepisami GDPR. Witryna chroni wszystkie dane za pomoc\u0105 szyfrowania AES o 256 bitach, dzi\u0119ki czemu nikt inny nie ma do nich dost\u0119pu.<\/p>\n<p>Opcjonalne uwierzytelnianie dwusk\u0142adnikowe zapewnia dodatkow\u0105 warstw\u0119 bezpiecze\u0144stwa Twojego konta. Monitorujemy ca\u0142\u0105 aktywno\u015b\u0107 logowania w kasynie Spin Stein i natychmiast wysy\u0142amy powiadomienia, je\u015bli zauwa\u017cymy jakiekolwiek dziwne tendencje. Mo\u017cesz skontaktowa\u0107 si\u0119 z naszym dwuj\u0119zycznym zespo\u0142em obs\u0142ugi klienta 24\/7 za po\u015brednictwem czatu na \u017cywo lub poczty elektronicznej, aby natychmiast uzyska\u0107 odpowiedzi na swoje pytania lub rozwi\u0105za\u0107 problemy.<\/p>\n<h2>FAQ<\/h2>\n<h3>Czy weryfikacja odbywa si\u0119 natychmiast po rejestracji w Spinstein?<\/h3>\n<p>Ka\u017cdy klient Spinstein musi przej\u015b\u0107 proces weryfikacji przed z\u0142o\u017ceniem pierwszej pro\u015bby o wyp\u0142at\u0119. Obejmuje to przes\u0142anie zdj\u0119cia dokumentu na platform\u0119 w celu potwierdzenia to\u017csamo\u015bci, w\u0142asno\u015bci konta p\u0142atniczego oraz pe\u0142noletno\u015bci. Proces weryfikacji trwa od 24 do 48 godzin.<\/p>\n<h3>Czy m\u00f3j znajomy i ja mo\u017cemy wsp\u00f3lnie korzysta\u0107 z jednego konta w Spinstein?<\/h3>\n<p>W kasynie Spinstein posiadanie indywidualnego profilu jest obowi\u0105zkowe. Musisz poda\u0107 swoje dane osobowe i korzysta\u0107 z w\u0142asnego konta p\u0142atniczego. Wsp\u00f3\u0142dzielenie kont jest niezgodne z zasadami i mo\u017ce skutkowa\u0107 zawieszeniem obu os\u00f3b.<\/p>\n<h3>Co jest dost\u0119pne w kasynie Spinstein bez rejestracji?<\/h3>\n<p>W trybie demo gracze mog\u0105 wypr\u00f3bowa\u0107 niekt\u00f3re gry. Gra wirtualnymi monetami nie kosztuje nic. Nie mo\u017cna jednak wyp\u0142aci\u0107 wygranych; to jest cena, jak\u0105 trzeba zap\u0142aci\u0107. Niezarejestrowani u\u017cytkownicy mog\u0105 nadal kontaktowa\u0107 si\u0119 z zespo\u0142em obs\u0142ugi klienta w sprawie og\u00f3lnych pyta\u0144 dotycz\u0105cych strony.<\/p>\n<\/div><\/div><\/p>\n","protected":false},"excerpt":{"rendered":"<p>Logowanie i rejestracja w Spinstein Po Spinstein login mo\u017cesz zacz\u0105\u0107 gra\u0107 na prawdziwe pieni\u0105dze w bezpiecznym miejscu. Je\u015bli nie masz konta, nie mo\u017cesz korzysta\u0107 ze wszystkich funkcji. Rejestracja otwiera przed polskimi graczami wszystkie mo\u017cliwo\u015bci \u2013 gry, bonusy, p\u0142atno\u015bci i obs\u0142uga klienta s\u0105 dost\u0119pne od razu.<\/p>\n","protected":false},"author":1,"featured_media":0,"parent":0,"menu_order":0,"comment_status":"closed","ping_status":"closed","template":"template-builder.php","meta":{"_acf_changed":false,"inline_featured_image":false,"footnotes":""},"class_list":["post-1486","page","type-page","status-publish","hentry"],"acf":[],"yoast_head":"<!-- This site is optimized with the Yoast SEO plugin v27.3 - https:\/\/yoast.com\/product\/yoast-seo-wordpress\/ -->\n<title>Logowanie do Spinstein \u2013 bezpieczny dost\u0119p do rejestracji i logowania<\/title>\n<meta name=\"description\" content=\"Logowanie do Spinstein \u2013 uzyskaj bezpieczny dost\u0119p do swojego konta lub utw\u00f3rz nowe w ci\u0105gu kilku minut. Zarz\u0105dzaj weryfikacj\u0105, odzyskiwaniem has\u0142a i ustawieniami konta w Spinstein.\" \/>\n<meta name=\"robots\" content=\"index, follow, max-snippet:-1, max-image-preview:large, max-video-preview:-1\" \/>\n<link rel=\"canonical\" href=\"https:\/\/spinstein-casino.net\/pl\/logowanie-i-rejestracja\/\" \/>\n<meta property=\"og:locale\" content=\"pl_PL\" \/>\n<meta property=\"og:type\" content=\"article\" \/>\n<meta property=\"og:title\" content=\"Logowanie do Spinstein \u2013 bezpieczny dost\u0119p do rejestracji i logowania\" \/>\n<meta property=\"og:description\" content=\"Logowanie do Spinstein \u2013 uzyskaj bezpieczny dost\u0119p do swojego konta lub utw\u00f3rz nowe w ci\u0105gu kilku minut. Zarz\u0105dzaj weryfikacj\u0105, odzyskiwaniem has\u0142a i ustawieniami konta w Spinstein.\" \/>\n<meta property=\"og:url\" content=\"https:\/\/spinstein-casino.net\/pl\/logowanie-i-rejestracja\/\" \/>\n<meta property=\"og:site_name\" content=\"spinstein\" \/>\n<meta property=\"article:modified_time\" content=\"2026-03-30T14:07:43+00:00\" \/>\n<meta name=\"twitter:card\" content=\"summary_large_image\" \/>\n<meta name=\"twitter:label1\" content=\"Est. reading time\" \/>\n\t<meta name=\"twitter:data1\" content=\"1 minute\" \/>\n<script type=\"application\/ld+json\" class=\"yoast-schema-graph\">{\"@context\":\"https:\\\/\\\/schema.org\",\"@graph\":[{\"@type\":\"WebPage\",\"@id\":\"https:\\\/\\\/spinstein-casino.net\\\/pl\\\/logowanie-i-rejestracja\\\/\",\"url\":\"https:\\\/\\\/spinstein-casino.net\\\/pl\\\/logowanie-i-rejestracja\\\/\",\"name\":\"Logowanie do Spinstein \u2013 bezpieczny dost\u0119p do rejestracji i logowania\",\"isPartOf\":{\"@id\":\"https:\\\/\\\/spinstein-casino.net\\\/pl\\\/#website\"},\"datePublished\":\"2026-01-20T12:11:11+00:00\",\"dateModified\":\"2026-03-30T14:07:43+00:00\",\"description\":\"Logowanie do Spinstein \u2013 uzyskaj bezpieczny dost\u0119p do swojego konta lub utw\u00f3rz nowe w ci\u0105gu kilku minut. Zarz\u0105dzaj weryfikacj\u0105, odzyskiwaniem has\u0142a i ustawieniami konta w Spinstein.\",\"breadcrumb\":{\"@id\":\"https:\\\/\\\/spinstein-casino.net\\\/pl\\\/logowanie-i-rejestracja\\\/#breadcrumb\"},\"inLanguage\":\"pl-PL\",\"potentialAction\":[{\"@type\":\"ReadAction\",\"target\":[\"https:\\\/\\\/spinstein-casino.net\\\/pl\\\/logowanie-i-rejestracja\\\/\"]}]},{\"@type\":\"BreadcrumbList\",\"@id\":\"https:\\\/\\\/spinstein-casino.net\\\/pl\\\/logowanie-i-rejestracja\\\/#breadcrumb\",\"itemListElement\":[{\"@type\":\"ListItem\",\"position\":1,\"name\":\"Spinstein\",\"item\":\"https:\\\/\\\/spinstein-casino.net\\\/pl\\\/\"},{\"@type\":\"ListItem\",\"position\":2,\"name\":\"Logowanie i rejestracja\"}]},{\"@type\":\"WebSite\",\"@id\":\"https:\\\/\\\/spinstein-casino.net\\\/pl\\\/#website\",\"url\":\"https:\\\/\\\/spinstein-casino.net\\\/pl\\\/\",\"name\":\"Spinstein\",\"description\":\"\",\"publisher\":{\"@id\":\"https:\\\/\\\/spinstein-casino.net\\\/pl\\\/#organization\"},\"potentialAction\":[{\"@type\":\"SearchAction\",\"target\":{\"@type\":\"EntryPoint\",\"urlTemplate\":\"https:\\\/\\\/spinstein-casino.net\\\/pl\\\/?s={search_term_string}\"},\"query-input\":{\"@type\":\"PropertyValueSpecification\",\"valueRequired\":true,\"valueName\":\"search_term_string\"}}],\"inLanguage\":\"pl-PL\"},{\"@type\":\"Organization\",\"@id\":\"https:\\\/\\\/spinstein-casino.net\\\/pl\\\/#organization\",\"name\":\"Spinstein\",\"url\":\"https:\\\/\\\/spinstein-casino.net\\\/pl\\\/\",\"logo\":{\"@type\":\"ImageObject\",\"inLanguage\":\"pl-PL\",\"@id\":\"https:\\\/\\\/spinstein-casino.net\\\/pl\\\/#\\\/schema\\\/logo\\\/image\\\/\",\"url\":\"https:\\\/\\\/spinstein-casino.net\\\/wp-content\\\/uploads\\\/2026\\\/03\\\/spinstein-logo.png\",\"contentUrl\":\"https:\\\/\\\/spinstein-casino.net\\\/wp-content\\\/uploads\\\/2026\\\/03\\\/spinstein-logo.png\",\"width\":166,\"height\":40,\"caption\":\"Spinstein\"},\"image\":{\"@id\":\"https:\\\/\\\/spinstein-casino.net\\\/pl\\\/#\\\/schema\\\/logo\\\/image\\\/\"}}]}<\/script>\n<!-- \/ Yoast SEO plugin. -->","yoast_head_json":{"title":"Logowanie do Spinstein \u2013 bezpieczny dost\u0119p do rejestracji i logowania","description":"Logowanie do Spinstein \u2013 uzyskaj bezpieczny dost\u0119p do swojego konta lub utw\u00f3rz nowe w ci\u0105gu kilku minut. Zarz\u0105dzaj weryfikacj\u0105, odzyskiwaniem has\u0142a i ustawieniami konta w Spinstein.","robots":{"index":"index","follow":"follow","max-snippet":"max-snippet:-1","max-image-preview":"max-image-preview:large","max-video-preview":"max-video-preview:-1"},"canonical":"https:\/\/spinstein-casino.net\/pl\/logowanie-i-rejestracja\/","og_locale":"pl_PL","og_type":"article","og_title":"Logowanie do Spinstein \u2013 bezpieczny dost\u0119p do rejestracji i logowania","og_description":"Logowanie do Spinstein \u2013 uzyskaj bezpieczny dost\u0119p do swojego konta lub utw\u00f3rz nowe w ci\u0105gu kilku minut. Zarz\u0105dzaj weryfikacj\u0105, odzyskiwaniem has\u0142a i ustawieniami konta w Spinstein.","og_url":"https:\/\/spinstein-casino.net\/pl\/logowanie-i-rejestracja\/","og_site_name":"spinstein","article_modified_time":"2026-03-30T14:07:43+00:00","twitter_card":"summary_large_image","twitter_misc":{"Est. reading time":"1 minute"},"schema":{"@context":"https:\/\/schema.org","@graph":[{"@type":"WebPage","@id":"https:\/\/spinstein-casino.net\/pl\/logowanie-i-rejestracja\/","url":"https:\/\/spinstein-casino.net\/pl\/logowanie-i-rejestracja\/","name":"Logowanie do Spinstein \u2013 bezpieczny dost\u0119p do rejestracji i logowania","isPartOf":{"@id":"https:\/\/spinstein-casino.net\/pl\/#website"},"datePublished":"2026-01-20T12:11:11+00:00","dateModified":"2026-03-30T14:07:43+00:00","description":"Logowanie do Spinstein \u2013 uzyskaj bezpieczny dost\u0119p do swojego konta lub utw\u00f3rz nowe w ci\u0105gu kilku minut. Zarz\u0105dzaj weryfikacj\u0105, odzyskiwaniem has\u0142a i ustawieniami konta w Spinstein.","breadcrumb":{"@id":"https:\/\/spinstein-casino.net\/pl\/logowanie-i-rejestracja\/#breadcrumb"},"inLanguage":"pl-PL","potentialAction":[{"@type":"ReadAction","target":["https:\/\/spinstein-casino.net\/pl\/logowanie-i-rejestracja\/"]}]},{"@type":"BreadcrumbList","@id":"https:\/\/spinstein-casino.net\/pl\/logowanie-i-rejestracja\/#breadcrumb","itemListElement":[{"@type":"ListItem","position":1,"name":"Spinstein","item":"https:\/\/spinstein-casino.net\/pl\/"},{"@type":"ListItem","position":2,"name":"Logowanie i rejestracja"}]},{"@type":"WebSite","@id":"https:\/\/spinstein-casino.net\/pl\/#website","url":"https:\/\/spinstein-casino.net\/pl\/","name":"Spinstein","description":"","publisher":{"@id":"https:\/\/spinstein-casino.net\/pl\/#organization"},"potentialAction":[{"@type":"SearchAction","target":{"@type":"EntryPoint","urlTemplate":"https:\/\/spinstein-casino.net\/pl\/?s={search_term_string}"},"query-input":{"@type":"PropertyValueSpecification","valueRequired":true,"valueName":"search_term_string"}}],"inLanguage":"pl-PL"},{"@type":"Organization","@id":"https:\/\/spinstein-casino.net\/pl\/#organization","name":"Spinstein","url":"https:\/\/spinstein-casino.net\/pl\/","logo":{"@type":"ImageObject","inLanguage":"pl-PL","@id":"https:\/\/spinstein-casino.net\/pl\/#\/schema\/logo\/image\/","url":"https:\/\/spinstein-casino.net\/wp-content\/uploads\/2026\/03\/spinstein-logo.png","contentUrl":"https:\/\/spinstein-casino.net\/wp-content\/uploads\/2026\/03\/spinstein-logo.png","width":166,"height":40,"caption":"Spinstein"},"image":{"@id":"https:\/\/spinstein-casino.net\/pl\/#\/schema\/logo\/image\/"}}]}},"_links":{"self":[{"href":"https:\/\/spinstein-casino.net\/pl\/wp-json\/wp\/v2\/pages\/1486","targetHints":{"allow":["GET"]}}],"collection":[{"href":"https:\/\/spinstein-casino.net\/pl\/wp-json\/wp\/v2\/pages"}],"about":[{"href":"https:\/\/spinstein-casino.net\/pl\/wp-json\/wp\/v2\/types\/page"}],"author":[{"embeddable":true,"href":"https:\/\/spinstein-casino.net\/pl\/wp-json\/wp\/v2\/users\/1"}],"replies":[{"embeddable":true,"href":"https:\/\/spinstein-casino.net\/pl\/wp-json\/wp\/v2\/comments?post=1486"}],"version-history":[{"count":3,"href":"https:\/\/spinstein-casino.net\/pl\/wp-json\/wp\/v2\/pages\/1486\/revisions"}],"predecessor-version":[{"id":2080,"href":"https:\/\/spinstein-casino.net\/pl\/wp-json\/wp\/v2\/pages\/1486\/revisions\/2080"}],"wp:attachment":[{"href":"https:\/\/spinstein-casino.net\/pl\/wp-json\/wp\/v2\/media?parent=1486"}],"curies":[{"name":"wp","href":"https:\/\/api.w.org\/{rel}","templated":true}]}}