{"id":1447,"date":"2026-01-20T12:08:23","date_gmt":"2026-01-20T12:08:23","guid":{"rendered":"https:\/\/bonuskongcasino.com\/app\/"},"modified":"2026-03-30T15:06:00","modified_gmt":"2026-03-30T14:06:00","slug":"aplikacja","status":"publish","type":"page","link":"https:\/\/spinstein-casino.net\/pl\/aplikacja\/","title":{"rendered":"Aplikacja"},"content":{"rendered":"<h1>Platforma mobilna Spinstein<\/h1>\n<p>Spinstein App znacznie u\u0142atwia korzystanie z gier. Dzia\u0142a na wszystkich nowoczesnych urz\u0105dzeniach i pozwala polskim u\u017cytkownikom gra\u0107, gdziekolwiek si\u0119 znajduj\u0105. Nie ma znaczenia, czy masz telefon z systemem Android czy iOS; gra szybko si\u0119 \u0142aduje i dzia\u0142a bez zarzutu. Wszystkie funkcje, wygl\u0105d i nawigacja b\u0119d\u0105 rozpoznawalne, poniewa\u017c s\u0105 podobne do tych na g\u0142\u00f3wnej stronie internetowej na komputery PC. Mo\u017cesz j\u0105 szybko i \u0142atwo zainstalowa\u0107 ze strony internetowej Spinstein.<\/p>\n<div class=\"banner-wrap\" aria-label=\"Banner\"><img src=\"https:\/\/spinstein-casino.net\/wp-content\/uploads\/2026\/03\/Spinstein-banner-carousel-800\u0445400.webp\" class=\"w-100 d-none d-lg-block img-pc main-banner-img\" alt=\"spinstein banner desktop\" fetchpriority=\"high\" decoding=\"async\"><img src=\"https:\/\/spinstein-casino.net\/wp-content\/uploads\/2026\/03\/spinstein-banner-mobile.webp\" class=\"w-100 d-none d-md-block d-lg-none main-banner-img\" alt=\"spinstein banner mobile\" fetchpriority=\"high\" decoding=\"async\"><img src=\"https:\/\/spinstein-casino.net\/wp-content\/uploads\/2026\/03\/spinstein-banner-mobile.webp\" class=\"w-100 d-md-none\" alt=\"spinstein banner mobile\" fetchpriority=\"high\" decoding=\"async\"><div class=\"banner-description\">\n<div class=\"banner-title\">Bonusy powitalne<\/div>\n<p class=\"banner-header-title\">1500 \u20ac<\/p>\n<div class=\"banner-header-AdditionalText\">+ 250 Darmowe spiny<\/div>\n<button data-item=\"homepage_banner_link\" class=\"goto m-button m-gradient-border m-button--primary m-button--large banner-button btn-orange\">\n            <div class=\"m-button-content\">\n                <span>Zarejestruj si\u0119 teraz<\/span>\n                <span><\/span>\n            <\/div>\n        <\/button>\n<\/div>\n<div class=\"WelcomePack\">\n<p><img loading=\"lazy\" decoding=\"async\" class=\"alignnone size-full wp-image-1856\" src=\"https:\/\/spinstein-casino.net\/wp-content\/uploads\/2026\/03\/welcome-crown.png\" alt=\"crown\" width=\"25\" height=\"26\" \/><\/p>\n<div class=\"WelcomePack-Info\">Cotygodniowy zwrot got\u00f3wki do 25%<\/div>\n<p><img loading=\"lazy\" decoding=\"async\" class=\"alignnone size-full wp-image-1856\" src=\"https:\/\/spinstein-casino.net\/wp-content\/uploads\/2026\/03\/welcome-crown.png\" alt=\"crown\" width=\"25\" height=\"26\" \/><\/p>\n<\/div>\n<\/div>\n<h2>Aplikacja Spinstein \u2013 g\u0142\u00f3wne cechy<\/h2>\n<p>Ponad po\u0142owa klient\u00f3w kasyna Spinstein lubi gra\u0107 na swoich telefonach. Nic dziwnego, \u017ce ludzie chc\u0105 zachowa\u0107 elastyczno\u015b\u0107 i by\u0107 online bez wzgl\u0119du na to, gdzie si\u0119 znajduj\u0105. Wszyscy klienci maj\u0105 do wyboru dwie proste opcje: wersj\u0119 mobiln\u0105 przegl\u0105darki oraz aplikacj\u0119 Spin Stein.<\/p>\n<table>\n<tbody>\n<tr>\n<td>Funkcja<\/td>\n<td>Rzeczywisto\u015b\u0107 techniczna<\/td>\n<td>Co to oznacza<\/td>\n<\/tr>\n<tr>\n<td>Interfejs, kt\u00f3ry dobrze dzia\u0142a na urz\u0105dzeniach mobilnych<\/td>\n<td>Aby u\u0142atwi\u0107 nawigacj\u0119 kciukiem, ka\u017cdy przycisk, menu i element gry zosta\u0142 zmniejszony i przesuni\u0119ty.<\/td>\n<td>Nie ma ju\u017c przypadkowych dotkni\u0119\u0107 niew\u0142a\u015bciwych przycisk\u00f3w, poniewa\u017c wszystko ma odpowiedni rozmiar i jest rozmieszczone z my\u015bl\u0105 o palcach.<\/td>\n<\/tr>\n<tr>\n<td>Szybkie \u0142adowanie gier<\/td>\n<td>Inteligentne buforowanie i skompresowane zasoby pozwalaj\u0105 na \u0142adowanie gier w tle, zanim je klikniesz.<\/td>\n<td>Kr\u00f3tszy czas mi\u0119dzy rundami pozwala utrzyma\u0107 tempo akcji.<\/td>\n<\/tr>\n<tr>\n<td>Sta\u0142a wydajno\u015b\u0107<\/td>\n<td>Programy dzia\u0142aj\u0105ce w tle s\u0105 spowalniane, a przerwy w po\u0142\u0105czeniu s\u0105 p\u0142ynnie obs\u0142ugiwane.<\/td>\n<td>Gry Spin Stein dzia\u0142aj\u0105 p\u0142ynnie, bez op\u00f3\u017anie\u0144 i przerw, nawet gdy po\u0142\u0105czenie Wi-Fi nie jest stabilne.<\/td>\n<\/tr>\n<tr>\n<td>Sterowanie reaguj\u0105ce na dotyk<\/td>\n<td>Strefy wykrywania trafie\u0144 zosta\u0142y powi\u0119kszone w stosunku do tego, co wida\u0107 na ekranie, dzi\u0119ki czemu dotkni\u0119cia s\u0105 rejestrowane nawet wtedy, gdy celujesz nieco niedok\u0142adnie.<\/td>\n<td>Dotkni\u0119cia i przewijanie dzia\u0142aj\u0105 idealnie, bez op\u00f3\u017anie\u0144 i irytacji spowodowanej pomini\u0119ciem polece\u0144 w kluczowych momentach.<\/td>\n<\/tr>\n<tr>\n<td>Bezpieczne sesje mobilne<\/td>\n<td>Szyfrowanie typu end-to-end chroni ka\u017cdy bit danych przesy\u0142anych mi\u0119dzy telefonami a serwerami Spinstein Casino.<\/td>\n<td>Proces logowania i Twoje dane osobowe s\u0105 bezpieczne nawet w publicznych sieciach Wi-Fi.<\/td>\n<\/tr>\n<tr>\n<td>Automatyczne aktualizacje<\/td>\n<td>Kiedy otwierasz progresywn\u0105 aplikacj\u0119 internetow\u0105, w tle cicho pobiera ona najnowsze funkcje.<\/td>\n<td>Zawsze masz dost\u0119p do najnowszej wersji bez konieczno\u015bci r\u0119cznego pobierania, uzyskiwania zgody ze sklepu z aplikacjami czy martwienia si\u0119 o miejsce na dysku.<\/td>\n<\/tr>\n<\/tbody>\n<\/table>\n<h3>Bezpiecze\u0144stwo Twoich danych<\/h3>\n<p>Twoje bezpiecze\u0144stwo jest najwa\u017cniejsze podczas korzystania z mobilnej wersji aplikacji Spinstein. Zapory sieciowe aplikacji internetowych (WAF) chroni\u0105 przed botami i innymi podejrzanymi dzia\u0142aniami na urz\u0105dzeniach mobilnych. Platforma stale monitoruje aktywno\u015b\u0107, aby zapobiega\u0107 oszustwom.<\/p>\n<p>Gracze mog\u0105 w ka\u017cdej chwili skontaktowa\u0107 si\u0119 z zespo\u0142em pomocy technicznej, je\u015bli maj\u0105 pytania dotycz\u0105ce bezpiecze\u0144stwa lub innych kwestii. Aplikacja Spinstein Casino oferuje opcj\u0119 czatu na \u017cywo, kt\u00f3ra zapewnia odpowiedzi w ci\u0105gu kilku minut.<\/p>\n<p><div class=\"scrollable-content-wrap my-5\"><div class=\"scrollable-content-inner\"><h2>Gra na Androidzie z p\u0142ynn\u0105 rozgrywk\u0105<\/h2>\n<p>Kiedy klienci graj\u0105 na Androidzie w Spinstein, otrzymuj\u0105 szybkie, stabilne i ca\u0142kowicie zoptymalizowane \u015brodowisko gry, stworzone specjalnie dla urz\u0105dze\u0144 mobilnych. Platforma dzia\u0142a na wszystkich nowych wersjach Androida. Oprogramowanie zosta\u0142o stworzone tak, aby zminimalizowa\u0107 czas \u0142adowania i zu\u017cycie danych.<\/p>\n<p>Sterowanie dotykowe w mobilnym kasynie Spin Stein zosta\u0142o zaprojektowane z my\u015bl\u0105 o precyzji. Dzi\u0119ki niemu mo\u017cna szybko i \u0142atwo obstawia\u0107 zak\u0142ady, kr\u0119ci\u0107 b\u0119bnami i wyp\u0142aca\u0107 wygrane. Wszystkie procesy dzia\u0142aj\u0105ce w tle zosta\u0142y dostrojone tak, aby zapewni\u0107 stabilno\u015b\u0107 sesji, nawet podczas d\u0142ugich okres\u00f3w gry.<\/p>\n<p>Aby zainstalowa\u0107 program bez \u017cadnych problem\u00f3w, wystarczy wykona\u0107 poni\u017csze kroki:<\/p>\n<ol>\n<li>Je\u015bli korzystasz z przegl\u0105darki Chrome podczas odwiedzania strony kasyna Spinstein, kliknij przycisk \u201eWi\u0119cej\u201d w pasku adresu.<\/li>\n<li>U\u017cytkownicy musz\u0105 wybra\u0107 z listy opcj\u0119 \u201eDodaj do ekranu g\u0142\u00f3wnego\u201d.<\/li>\n<li>Mo\u017cesz zmieni\u0107 nazw\u0119 i wygl\u0105d ikony, aby dostosowa\u0107 j\u0105 do swoich potrzeb.<\/li>\n<li>Wystarczy nacisn\u0105\u0107 \u201eDodaj\u201d, aby zatwierdzi\u0107 swoje dzia\u0142ania.<\/li>\n<\/ol>\n<p><img loading=\"lazy\" decoding=\"async\" class=\"alignnone size-full wp-image-1928\" src=\"https:\/\/spinstein-casino.net\/wp-content\/uploads\/2026\/03\/Spinstein-Android-App.webp\" alt=\"Spinstein Android App\" width=\"1248\" height=\"536\" srcset=\"https:\/\/spinstein-casino.net\/wp-content\/uploads\/2026\/03\/Spinstein-Android-App.webp 1248w, https:\/\/spinstein-casino.net\/wp-content\/uploads\/2026\/03\/Spinstein-Android-App-300x129.webp 300w, https:\/\/spinstein-casino.net\/wp-content\/uploads\/2026\/03\/Spinstein-Android-App-1024x440.webp 1024w, https:\/\/spinstein-casino.net\/wp-content\/uploads\/2026\/03\/Spinstein-Android-App-768x330.webp 768w\" sizes=\"auto, (max-width: 1248px) 100vw, 1248px\" \/><\/p>\n<\/div><\/div><div style=\"clear: both\"><\/div><div class=\"d-flex justify-content-center\"><button data-item=\"decouvrez_link\" data-group=\"website_links\" class=\"goto fw-bold rounded-pill btn btn-orange\" aria-label=\"Pobierz aplikacj\u0119 Spinstein\" >Pobierz aplikacj\u0119 Spinstein<\/button><\/div><div class=\"scrollable-content-wrap my-5\"><div class=\"scrollable-content-inner\"><h2>Aplikacja mobilna na iOS<\/h2>\n<p>Wszyscy gracze korzystaj\u0105cy z urz\u0105dze\u0144 z systemem iOS mog\u0105 szybko uzyska\u0107 dost\u0119p do mobilnego kasyna za pomoc\u0105 dowolnej przegl\u0105darki na swoich telefonach lub tabletach. Wszystkie gry, takie jak automaty online, gry sto\u0142owe i gry kasynowe na \u017cywo, automatycznie dostosowuj\u0105 si\u0119 do rozmiaru i rozdzielczo\u015bci ekranu. Nie ma \u017cadnych ogranicze\u0144, a wszystkie funkcje b\u0119d\u0105 dost\u0119pne na Twoim urz\u0105dzeniu.<\/p>\n<p>Mo\u017cesz korzysta\u0107 zar\u00f3wno z wersji internetowej, jak i aplikacji Spinstein. Gracze mog\u0105 nawet \u0142\u0105czy\u0107 je, korzystaj\u0105c z tego samego konta w kasynie Spinstein bez \u017cadnych problem\u00f3w.<\/p>\n<h3>Instrukcja instalacji<\/h3>\n<p>Aplikacja mobilna korzysta wy\u0142\u0105cznie z danych z pami\u0119ci podr\u0119cznej, wi\u0119c klienci nie musz\u0105 martwi\u0107 si\u0119 o brak miejsca na swoich urz\u0105dzeniach. Aby zainstalowa\u0107 aplikacj\u0119 Spin Stein, wykonaj nast\u0119puj\u0105ce kroki:<\/p>\n<ol>\n<li>Aplikacja Skr\u00f3ty jest ju\u017c zainstalowana na Twoim iPhonie. Najpierw musisz j\u0105 uruchomi\u0107.<\/li>\n<li>W prawym g\u00f3rnym rogu powinna by\u0107 widoczna ikona znaku plusa (+). Po jej dotkni\u0119ciu zostanie utworzony nowy skr\u00f3t. Nast\u0119pnie dotknij przycisku \u201eDodaj akcj\u0119\u201d i wpisz \u201eSpinstein\u201d.<\/li>\n<li>W wynikach wyszukiwania poni\u017cej powinna pojawi\u0107 si\u0119 \u017c\u0105dana aplikacja. Mo\u017cesz j\u0105 wybra\u0107 z tej listy.<\/li>\n<li>Teraz kliknij ma\u0142\u0105 strza\u0142k\u0119 w d\u00f3\u0142 obok nazwy skr\u00f3tu. Z listy wy\u015bwietlonych opcji wybierz \u201eDodaj do ekranu g\u0142\u00f3wnego\u201d.<\/li>\n<li>Je\u015bli chcesz wykaza\u0107 si\u0119 kreatywno\u015bci\u0105, mo\u017cesz wybra\u0107 w\u0142asne zdj\u0119cie na ikon\u0119, je\u015bli domy\u015blna wydaje si\u0119 nudna. Nadaj jej nazw\u0119, a nast\u0119pnie naci\u015bnij przycisk \u201eDodaj\u201d.<\/li>\n<li>Ikona Spinstein pojawi si\u0119 na ekranie g\u0142\u00f3wnym tu\u017c obok wszystkich innych aplikacji.<\/li>\n<\/ol>\n<p><img loading=\"lazy\" decoding=\"async\" class=\"alignnone size-full wp-image-1936\" src=\"https:\/\/spinstein-casino.net\/wp-content\/uploads\/2026\/03\/Spinstein-iOS-App.webp\" alt=\"Spinstein iOS App\" width=\"1248\" height=\"536\" srcset=\"https:\/\/spinstein-casino.net\/wp-content\/uploads\/2026\/03\/Spinstein-iOS-App.webp 1248w, https:\/\/spinstein-casino.net\/wp-content\/uploads\/2026\/03\/Spinstein-iOS-App-300x129.webp 300w, https:\/\/spinstein-casino.net\/wp-content\/uploads\/2026\/03\/Spinstein-iOS-App-1024x440.webp 1024w, https:\/\/spinstein-casino.net\/wp-content\/uploads\/2026\/03\/Spinstein-iOS-App-768x330.webp 768w\" sizes=\"auto, (max-width: 1248px) 100vw, 1248px\" \/><\/p>\n<\/div><\/div><div style=\"clear: both\"><\/div><div class=\"d-flex justify-content-center\"><button data-item=\"decouvrez_link\" data-group=\"website_links\" class=\"goto fw-bold rounded-pill btn btn-orange\" aria-label=\"Pobierz Spinstein\" >Pobierz Spinstein<\/button><\/div><div class=\"scrollable-content-wrap my-5\"><div class=\"scrollable-content-inner\"><h2>Opcje Spinstein dla system\u00f3w Windows i macOS<\/h2>\n<p>Je\u015bli grasz w kasynie Spin Stein na komputerze stacjonarnym lub laptopie, nie b\u0119dziesz mie\u0107 \u017cadnych problem\u00f3w. Nie musisz instalowa\u0107 \u017cadnego dodatkowego oprogramowania. Nadal mo\u017cesz wej\u015b\u0107 na stron\u0119 w dowolnej przegl\u0105darce.<\/p>\n<p>Je\u015bli chcesz mie\u0107 dost\u0119p do strony jednym klikni\u0119ciem, mo\u017cesz zainstalowa\u0107 ikon\u0119 skr\u00f3tu na pulpicie. Aby to zrobi\u0107, musisz przej\u015b\u0107 do ustawie\u0144 przegl\u0105darki. Je\u015bli masz problemy z instalacj\u0105 ikony aplikacji Spinstein, mo\u017cesz natychmiast uzyska\u0107 pomoc poprzez czat na \u017cywo lub e-mail.<\/p>\n<p><img loading=\"lazy\" decoding=\"async\" class=\"alignnone size-full wp-image-1944\" src=\"https:\/\/spinstein-casino.net\/wp-content\/uploads\/2026\/03\/Spinstein-Desktop.webp\" alt=\"Spinstein Desktop\" width=\"1248\" height=\"536\" srcset=\"https:\/\/spinstein-casino.net\/wp-content\/uploads\/2026\/03\/Spinstein-Desktop.webp 1248w, https:\/\/spinstein-casino.net\/wp-content\/uploads\/2026\/03\/Spinstein-Desktop-300x129.webp 300w, https:\/\/spinstein-casino.net\/wp-content\/uploads\/2026\/03\/Spinstein-Desktop-1024x440.webp 1024w, https:\/\/spinstein-casino.net\/wp-content\/uploads\/2026\/03\/Spinstein-Desktop-768x330.webp 768w\" sizes=\"auto, (max-width: 1248px) 100vw, 1248px\" \/><\/p>\n<\/div><\/div><div style=\"clear: both\"><\/div><div class=\"d-flex justify-content-center\"><button data-item=\"decouvrez_link\" data-group=\"website_links\" class=\"goto fw-bold rounded-pill btn btn-orange\" aria-label=\"Pobierz aplikacj\u0119 Spinstein\" >Pobierz aplikacj\u0119 Spinstein<\/button><\/div><div class=\"scrollable-content-wrap my-5\"><div class=\"scrollable-content-inner\"><h2>FAQ<\/h2>\n<h3>Czy mog\u0119 zako\u0144czy\u0107 proces rejestracji w aplikacji Spin Stein?<\/h3>\n<p>Je\u015bli jeste\u015b nowym u\u017cytkownikiem kasyna online Spinstein i chcesz zacz\u0105\u0107 od aplikacji, rejestracja jest tam bardzo prosta. Proces jest taki sam i wymaga jedynie podania adresu e-mail oraz has\u0142a. Ze wzgl\u0119d\u00f3w bezpiecze\u0144stwa przed dokonaniem pierwszej wyp\u0142aty nale\u017cy zako\u0144czy\u0107 proces weryfikacji.<\/p>\n<h3>Czy mo\u017cna gra\u0107 w gry kasynowe na \u017cywo Spinstein na smartfonie?<\/h3>\n<p>Wszystkie gry z kolekcji, kt\u00f3ra liczy ponad 6 000 tytu\u0142\u00f3w, mo\u017cna nadal gra\u0107 na smartfonie lub tablecie. Znajduj\u0105 si\u0119 tam r\u00f3wnie\u017c gry kasyna na \u017cywo. Spinstein wykorzystuje specjalne funkcje sterowania dotykowego, aby zapewni\u0107, \u017ce gra jest zawsze \u0142atwa i przyjemna, niezale\u017cnie od u\u017cywanego urz\u0105dzenia.<\/p>\n<h3>Sk\u0105d b\u0119d\u0119 wiedzie\u0107, \u017ce oprogramowanie mobilne wymaga aktualizacji?<\/h3>\n<p>Nie musisz nic robi\u0107, aby aplikacja PWA kasyna Spinstein zaktualizowa\u0142a si\u0119 sama. Powiadomienia push i e-maile zawsze informuj\u0105 u\u017cytkownik\u00f3w o zmianach na platformie, wi\u0119c nic Ci\u0119 nie zaskoczy.<\/p>\n<\/div><\/div><\/p>\n","protected":false},"excerpt":{"rendered":"<p>Platforma mobilna Spinstein Spinstein App znacznie u\u0142atwia korzystanie z gier. Dzia\u0142a na wszystkich nowoczesnych urz\u0105dzeniach i pozwala polskim u\u017cytkownikom gra\u0107, gdziekolwiek si\u0119 znajduj\u0105. Nie ma znaczenia, czy masz telefon z systemem Android czy iOS; gra szybko si\u0119 \u0142aduje i dzia\u0142a bez zarzutu. Wszystkie funkcje, wygl\u0105d i nawigacja b\u0119d\u0105 rozpoznawalne, poniewa\u017c s\u0105 podobne do tych na [&hellip;]<\/p>\n","protected":false},"author":1,"featured_media":0,"parent":0,"menu_order":0,"comment_status":"closed","ping_status":"closed","template":"template-builder.php","meta":{"_acf_changed":false,"inline_featured_image":false,"footnotes":""},"class_list":["post-1447","page","type-page","status-publish","hentry"],"acf":[],"yoast_head":"<!-- This site is optimized with the Yoast SEO plugin v27.3 - https:\/\/yoast.com\/product\/yoast-seo-wordpress\/ -->\n<title>Pobierz aplikacj\u0119 Spinstein | iOS, Android i komputery stacjonarne<\/title>\n<meta name=\"description\" content=\"Zainstaluj aplikacj\u0119 Spinstein na iOS, Androidzie, Windowsie i macOS, \u017ceby gra\u0107 w ponad 6000 gier kasynowych gdziekolwiek jeste\u015b. P\u0142ynne dzia\u0142anie, synchronizacja konta i wsparcie 24\/7 \u2013 wszystko to w Spinstein.\" \/>\n<meta name=\"robots\" content=\"index, follow, max-snippet:-1, max-image-preview:large, max-video-preview:-1\" \/>\n<link rel=\"canonical\" href=\"https:\/\/spinstein-casino.net\/pl\/aplikacja\/\" \/>\n<meta property=\"og:locale\" content=\"pl_PL\" \/>\n<meta property=\"og:type\" content=\"article\" \/>\n<meta property=\"og:title\" content=\"Pobierz aplikacj\u0119 Spinstein | iOS, Android i komputery stacjonarne\" \/>\n<meta property=\"og:description\" content=\"Zainstaluj aplikacj\u0119 Spinstein na iOS, Androidzie, Windowsie i macOS, \u017ceby gra\u0107 w ponad 6000 gier kasynowych gdziekolwiek jeste\u015b. P\u0142ynne dzia\u0142anie, synchronizacja konta i wsparcie 24\/7 \u2013 wszystko to w Spinstein.\" \/>\n<meta property=\"og:url\" content=\"https:\/\/spinstein-casino.net\/pl\/aplikacja\/\" \/>\n<meta property=\"og:site_name\" content=\"spinstein\" \/>\n<meta property=\"article:modified_time\" content=\"2026-03-30T14:06:00+00:00\" \/>\n<meta name=\"twitter:card\" content=\"summary_large_image\" \/>\n<meta name=\"twitter:label1\" content=\"Est. reading time\" \/>\n\t<meta name=\"twitter:data1\" content=\"2 minutes\" \/>\n<script type=\"application\/ld+json\" class=\"yoast-schema-graph\">{\"@context\":\"https:\\\/\\\/schema.org\",\"@graph\":[{\"@type\":\"WebPage\",\"@id\":\"https:\\\/\\\/spinstein-casino.net\\\/pl\\\/aplikacja\\\/\",\"url\":\"https:\\\/\\\/spinstein-casino.net\\\/pl\\\/aplikacja\\\/\",\"name\":\"Pobierz aplikacj\u0119 Spinstein | iOS, Android i komputery stacjonarne\",\"isPartOf\":{\"@id\":\"https:\\\/\\\/spinstein-casino.net\\\/pl\\\/#website\"},\"datePublished\":\"2026-01-20T12:08:23+00:00\",\"dateModified\":\"2026-03-30T14:06:00+00:00\",\"description\":\"Zainstaluj aplikacj\u0119 Spinstein na iOS, Androidzie, Windowsie i macOS, \u017ceby gra\u0107 w ponad 6000 gier kasynowych gdziekolwiek jeste\u015b. P\u0142ynne dzia\u0142anie, synchronizacja konta i wsparcie 24\\\/7 \u2013 wszystko to w Spinstein.\",\"breadcrumb\":{\"@id\":\"https:\\\/\\\/spinstein-casino.net\\\/pl\\\/aplikacja\\\/#breadcrumb\"},\"inLanguage\":\"pl-PL\",\"potentialAction\":[{\"@type\":\"ReadAction\",\"target\":[\"https:\\\/\\\/spinstein-casino.net\\\/pl\\\/aplikacja\\\/\"]}]},{\"@type\":\"BreadcrumbList\",\"@id\":\"https:\\\/\\\/spinstein-casino.net\\\/pl\\\/aplikacja\\\/#breadcrumb\",\"itemListElement\":[{\"@type\":\"ListItem\",\"position\":1,\"name\":\"Spinstein\",\"item\":\"https:\\\/\\\/spinstein-casino.net\\\/pl\\\/\"},{\"@type\":\"ListItem\",\"position\":2,\"name\":\"Aplikacja\"}]},{\"@type\":\"WebSite\",\"@id\":\"https:\\\/\\\/spinstein-casino.net\\\/pl\\\/#website\",\"url\":\"https:\\\/\\\/spinstein-casino.net\\\/pl\\\/\",\"name\":\"Spinstein\",\"description\":\"\",\"publisher\":{\"@id\":\"https:\\\/\\\/spinstein-casino.net\\\/pl\\\/#organization\"},\"potentialAction\":[{\"@type\":\"SearchAction\",\"target\":{\"@type\":\"EntryPoint\",\"urlTemplate\":\"https:\\\/\\\/spinstein-casino.net\\\/pl\\\/?s={search_term_string}\"},\"query-input\":{\"@type\":\"PropertyValueSpecification\",\"valueRequired\":true,\"valueName\":\"search_term_string\"}}],\"inLanguage\":\"pl-PL\"},{\"@type\":\"Organization\",\"@id\":\"https:\\\/\\\/spinstein-casino.net\\\/pl\\\/#organization\",\"name\":\"Spinstein\",\"url\":\"https:\\\/\\\/spinstein-casino.net\\\/pl\\\/\",\"logo\":{\"@type\":\"ImageObject\",\"inLanguage\":\"pl-PL\",\"@id\":\"https:\\\/\\\/spinstein-casino.net\\\/pl\\\/#\\\/schema\\\/logo\\\/image\\\/\",\"url\":\"https:\\\/\\\/spinstein-casino.net\\\/wp-content\\\/uploads\\\/2026\\\/03\\\/spinstein-logo.png\",\"contentUrl\":\"https:\\\/\\\/spinstein-casino.net\\\/wp-content\\\/uploads\\\/2026\\\/03\\\/spinstein-logo.png\",\"width\":166,\"height\":40,\"caption\":\"Spinstein\"},\"image\":{\"@id\":\"https:\\\/\\\/spinstein-casino.net\\\/pl\\\/#\\\/schema\\\/logo\\\/image\\\/\"}}]}<\/script>\n<!-- \/ Yoast SEO plugin. -->","yoast_head_json":{"title":"Pobierz aplikacj\u0119 Spinstein | iOS, Android i komputery stacjonarne","description":"Zainstaluj aplikacj\u0119 Spinstein na iOS, Androidzie, Windowsie i macOS, \u017ceby gra\u0107 w ponad 6000 gier kasynowych gdziekolwiek jeste\u015b. P\u0142ynne dzia\u0142anie, synchronizacja konta i wsparcie 24\/7 \u2013 wszystko to w Spinstein.","robots":{"index":"index","follow":"follow","max-snippet":"max-snippet:-1","max-image-preview":"max-image-preview:large","max-video-preview":"max-video-preview:-1"},"canonical":"https:\/\/spinstein-casino.net\/pl\/aplikacja\/","og_locale":"pl_PL","og_type":"article","og_title":"Pobierz aplikacj\u0119 Spinstein | iOS, Android i komputery stacjonarne","og_description":"Zainstaluj aplikacj\u0119 Spinstein na iOS, Androidzie, Windowsie i macOS, \u017ceby gra\u0107 w ponad 6000 gier kasynowych gdziekolwiek jeste\u015b. P\u0142ynne dzia\u0142anie, synchronizacja konta i wsparcie 24\/7 \u2013 wszystko to w Spinstein.","og_url":"https:\/\/spinstein-casino.net\/pl\/aplikacja\/","og_site_name":"spinstein","article_modified_time":"2026-03-30T14:06:00+00:00","twitter_card":"summary_large_image","twitter_misc":{"Est. reading time":"2 minutes"},"schema":{"@context":"https:\/\/schema.org","@graph":[{"@type":"WebPage","@id":"https:\/\/spinstein-casino.net\/pl\/aplikacja\/","url":"https:\/\/spinstein-casino.net\/pl\/aplikacja\/","name":"Pobierz aplikacj\u0119 Spinstein | iOS, Android i komputery stacjonarne","isPartOf":{"@id":"https:\/\/spinstein-casino.net\/pl\/#website"},"datePublished":"2026-01-20T12:08:23+00:00","dateModified":"2026-03-30T14:06:00+00:00","description":"Zainstaluj aplikacj\u0119 Spinstein na iOS, Androidzie, Windowsie i macOS, \u017ceby gra\u0107 w ponad 6000 gier kasynowych gdziekolwiek jeste\u015b. P\u0142ynne dzia\u0142anie, synchronizacja konta i wsparcie 24\/7 \u2013 wszystko to w Spinstein.","breadcrumb":{"@id":"https:\/\/spinstein-casino.net\/pl\/aplikacja\/#breadcrumb"},"inLanguage":"pl-PL","potentialAction":[{"@type":"ReadAction","target":["https:\/\/spinstein-casino.net\/pl\/aplikacja\/"]}]},{"@type":"BreadcrumbList","@id":"https:\/\/spinstein-casino.net\/pl\/aplikacja\/#breadcrumb","itemListElement":[{"@type":"ListItem","position":1,"name":"Spinstein","item":"https:\/\/spinstein-casino.net\/pl\/"},{"@type":"ListItem","position":2,"name":"Aplikacja"}]},{"@type":"WebSite","@id":"https:\/\/spinstein-casino.net\/pl\/#website","url":"https:\/\/spinstein-casino.net\/pl\/","name":"Spinstein","description":"","publisher":{"@id":"https:\/\/spinstein-casino.net\/pl\/#organization"},"potentialAction":[{"@type":"SearchAction","target":{"@type":"EntryPoint","urlTemplate":"https:\/\/spinstein-casino.net\/pl\/?s={search_term_string}"},"query-input":{"@type":"PropertyValueSpecification","valueRequired":true,"valueName":"search_term_string"}}],"inLanguage":"pl-PL"},{"@type":"Organization","@id":"https:\/\/spinstein-casino.net\/pl\/#organization","name":"Spinstein","url":"https:\/\/spinstein-casino.net\/pl\/","logo":{"@type":"ImageObject","inLanguage":"pl-PL","@id":"https:\/\/spinstein-casino.net\/pl\/#\/schema\/logo\/image\/","url":"https:\/\/spinstein-casino.net\/wp-content\/uploads\/2026\/03\/spinstein-logo.png","contentUrl":"https:\/\/spinstein-casino.net\/wp-content\/uploads\/2026\/03\/spinstein-logo.png","width":166,"height":40,"caption":"Spinstein"},"image":{"@id":"https:\/\/spinstein-casino.net\/pl\/#\/schema\/logo\/image\/"}}]}},"_links":{"self":[{"href":"https:\/\/spinstein-casino.net\/pl\/wp-json\/wp\/v2\/pages\/1447","targetHints":{"allow":["GET"]}}],"collection":[{"href":"https:\/\/spinstein-casino.net\/pl\/wp-json\/wp\/v2\/pages"}],"about":[{"href":"https:\/\/spinstein-casino.net\/pl\/wp-json\/wp\/v2\/types\/page"}],"author":[{"embeddable":true,"href":"https:\/\/spinstein-casino.net\/pl\/wp-json\/wp\/v2\/users\/1"}],"replies":[{"embeddable":true,"href":"https:\/\/spinstein-casino.net\/pl\/wp-json\/wp\/v2\/comments?post=1447"}],"version-history":[{"count":3,"href":"https:\/\/spinstein-casino.net\/pl\/wp-json\/wp\/v2\/pages\/1447\/revisions"}],"predecessor-version":[{"id":2078,"href":"https:\/\/spinstein-casino.net\/pl\/wp-json\/wp\/v2\/pages\/1447\/revisions\/2078"}],"wp:attachment":[{"href":"https:\/\/spinstein-casino.net\/pl\/wp-json\/wp\/v2\/media?parent=1447"}],"curies":[{"name":"wp","href":"https:\/\/api.w.org\/{rel}","templated":true}]}}