{"id":1485,"date":"2026-01-20T12:11:11","date_gmt":"2026-01-20T12:11:11","guid":{"rendered":"https:\/\/bonuskongcasino.com\/login-and-registration\/"},"modified":"2026-03-30T14:56:39","modified_gmt":"2026-03-30T13:56:39","slug":"accesso-e-registrazione","status":"publish","type":"page","link":"https:\/\/spinstein-casino.net\/it\/accesso-e-registrazione\/","title":{"rendered":"Accesso e registrazione"},"content":{"rendered":"<h1>Accesso e registrazione a Spinstein<\/h1>\n<p>Una volta completato il Spinstein login, puoi iniziare a giocare con denaro reale in un ambiente sicuro. Se non hai un account, non puoi utilizzare tutte le funzionalit\u00e0. La registrazione sblocca tutto per i giocatori italiani: giochi, bonus, pagamenti e assistenza clienti sono immediatamente disponibili.<\/p>\n<p><div class=\"banner-wrap\" aria-label=\"Banner\"><img src=\"https:\/\/spinstein-casino.net\/wp-content\/uploads\/2026\/03\/Spinstein-banner-carousel-800\u0445400.webp\" class=\"w-100 d-none d-lg-block img-pc main-banner-img\" alt=\"spinstein banner desktop\" fetchpriority=\"high\" decoding=\"async\"><img src=\"https:\/\/spinstein-casino.net\/wp-content\/uploads\/2026\/03\/spinstein-banner-mobile.webp\" class=\"w-100 d-none d-md-block d-lg-none main-banner-img\" alt=\"spinstein banner mobile\" fetchpriority=\"high\" decoding=\"async\"><img src=\"https:\/\/spinstein-casino.net\/wp-content\/uploads\/2026\/03\/spinstein-banner-mobile.webp\" class=\"w-100 d-md-none\" alt=\"spinstein banner mobile\" fetchpriority=\"high\" decoding=\"async\"><div class=\"banner-description\">\n<div class=\"banner-title\">Bonus di benvenuto<\/div>\n<p class=\"banner-header-title\">1500 \u20ac<\/p>\n<div class=\"banner-header-AdditionalText\">+ 250 Giri gratuiti<\/div>\n<button data-item=\"homepage_banner_link\" class=\"goto m-button m-gradient-border m-button--primary m-button--large banner-button btn-orange\">\n            <div class=\"m-button-content\">\n                <span>Iscriviti ora<\/span>\n                <span><\/span>\n            <\/div>\n        <\/button>\n<\/div>\n<div class=\"WelcomePack\">\n<p><img loading=\"lazy\" decoding=\"async\" class=\"alignnone size-full wp-image-1855\" src=\"https:\/\/spinstein-casino.net\/wp-content\/uploads\/2026\/03\/welcome-crown.png\" alt=\"crown\" width=\"25\" height=\"26\" \/><\/p>\n<div class=\"WelcomePack-Info\">Cashback settimanale fino al 25%<\/div>\n<p><img loading=\"lazy\" decoding=\"async\" class=\"alignnone size-full wp-image-1855\" src=\"https:\/\/spinstein-casino.net\/wp-content\/uploads\/2026\/03\/welcome-crown.png\" alt=\"crown\" width=\"25\" height=\"26\" \/><\/p>\n<\/div>\n<\/div><div class=\"scrollable-content-wrap my-5\"><div class=\"scrollable-content-inner\"><h2>Perch\u00e9 \u00e8 importante creare un account su Spin Stein Casino<\/h2>\n<p>L&#8217;accesso a Spinstein \u00e8 consentito a chiunque abbia compiuto 18 anni. Questo trasforma il gioco in modalit\u00e0 demo in gioco con soldi veri. Una volta registrato, avrai accesso alla collezione completa di giochi, alle offerte speciali, alla possibilit\u00e0 di effettuare pagamenti e al contatto diretto con il team di assistenza multilingue.<\/p>\n<p>Su Spinstein, l&#8217;unica restrizione \u00e8 che ogni utente pu\u00f2 avere un solo profilo. \u00c8 consigliabile leggere le regole della piattaforma prima di iniziare. La creazione di un account \u00e8 altamente raccomandata se vuoi goderti tutto ci\u00f2 che il casin\u00f2 offre senza limiti.<\/p>\n<h3>Come funziona la creazione dell&#8217;account<\/h3>\n<p>Ci vogliono solo pochi minuti per configurare il tuo profilo su Spinstein Casino. Anche chi non ha mai visitato un casin\u00f2 online prima d&#8217;ora trover\u00e0 facile iniziare. \u00c8 importante fornire informazioni reali poich\u00e9 in seguito verranno effettuati dei test di verifica. All&#8217;inizio, tutto ci\u00f2 di cui hai bisogno \u00e8 un indirizzo e-mail e una password. Non devi fornire ulteriori informazioni personali in questo momento. Segui questo percorso:<\/p>\n<ol>\n<li>Clicca sul pulsante verde nella parte superiore della pagina principale del sito web di Spin Stein.<\/li>\n<li>Successivamente, inserisci le tue informazioni personali nei moduli.<\/li>\n<li>Assicurati che la tua password sia complessa e contenga sia lettere maiuscole che minuscole e altri caratteri.<\/li>\n<li>Al momento della registrazione, utilizza eventuali codici promozionali in tuo possesso per ottenere subito dei premi.<\/li>\n<li>Devi confermare la tua et\u00e0 e accettare i termini e le condizioni della piattaforma Spinstein.<\/li>\n<li>Per completare la procedura e attivare il tuo account, clicca su &#8220;Registrati&#8221;.<\/li>\n<\/ol>\n<p><img loading=\"lazy\" decoding=\"async\" class=\"alignnone size-full wp-image-1951\" src=\"https:\/\/spinstein-casino.net\/wp-content\/uploads\/2026\/03\/Spinstein-Login.webp\" alt=\"Spinstein Login\" width=\"1248\" height=\"536\" srcset=\"https:\/\/spinstein-casino.net\/wp-content\/uploads\/2026\/03\/Spinstein-Login.webp 1248w, https:\/\/spinstein-casino.net\/wp-content\/uploads\/2026\/03\/Spinstein-Login-300x129.webp 300w, https:\/\/spinstein-casino.net\/wp-content\/uploads\/2026\/03\/Spinstein-Login-1024x440.webp 1024w, https:\/\/spinstein-casino.net\/wp-content\/uploads\/2026\/03\/Spinstein-Login-768x330.webp 768w\" sizes=\"auto, (max-width: 1248px) 100vw, 1248px\" \/><\/p>\n<h2>Come accedere al tuo account Spinstein<\/h2>\n<p>Per accedere dopo la registrazione, devi completare la procedura di login su Spinstein. Individua il pulsante \u201cAccedi\u201d nell\u2019angolo in alto a destra della homepage e cliccaci sopra. Dovrai inserire il tuo indirizzo e-mail e la password che hai impostato al momento della registrazione.<\/p>\n<p>Non sempre tutto va come previsto, ma c&#8217;\u00e8 sempre un modo per risolvere un problema. Dai un&#8217;occhiata alla guida qui sotto per sapere come affrontare i problemi pi\u00f9 comuni.<\/p>\n<table>\n<tbody>\n<tr>\n<td>Problema di accesso a Spinstein<\/td>\n<td>Perch\u00e9 si \u00e8 verificato<\/td>\n<td>Come risolverlo<\/td>\n<\/tr>\n<tr>\n<td>La password non viene accettata<\/td>\n<td>Potrebbe essere perch\u00e9 hai commesso un errore durante l&#8217;inserimento, l&#8217;hai confusa con la password di un altro account o hai dimenticato quella che avevi scelto.<\/td>\n<td>Nella schermata di accesso a Spinstein \u00e8 presente un link che ti consente di reimpostare la password verificando la tua email.<\/td>\n<\/tr>\n<tr>\n<td>L&#8217;account di Spinstein Casino \u00e8 completamente bloccato<\/td>\n<td>Diversi tentativi di accesso falliti hanno causato il blocco automatico dell&#8217;accesso per un breve periodo.<\/td>\n<td>Per lo sblocco automatico, attendi circa 15 minuti. Per una risposta pi\u00f9 rapida, contatta l&#8217;assistenza tramite la chat live.<\/td>\n<\/tr>\n<tr>\n<td>Espulso improvvisamente nel bel mezzo di una sessione<\/td>\n<td>\u00c8 scattato il timeout di inattivit\u00e0, che protegge le sessioni del browser abbandonate dall&#8217;accesso da parte di persone non autorizzate.<\/td>\n<td>Basta effettuare nuovamente l&#8217;accesso. Le sessioni terminano dopo 30-60 minuti di inattivit\u00e0 per motivi di sicurezza.<\/td>\n<\/tr>\n<tr>\n<td>Il codice di autenticazione non funziona<\/td>\n<td>Il codice a tempo \u00e8 scaduto (era valido solo per 30-60 secondi).<\/td>\n<td>Inserisci il codice pi\u00f9 recente dall&#8217;app di autenticazione o generane uno nuovo.<\/td>\n<\/tr>\n<\/tbody>\n<\/table>\n<h2>Cosa puoi fare dalla dashboard del tuo profilo<\/h2>\n<p>Con il tuo login a Spin Stein puoi fare molto di pi\u00f9 che giocare e ottenere offerte. Nel tuo profilo sono disponibili numerose impostazioni e funzionalit\u00e0 che migliorano l&#8217;esperienza di gioco. Le modifiche alle informazioni personali possono essere effettuate in qualsiasi momento. Prima di poter cambiare la tua password, devi confermare il tuo indirizzo e-mail.<\/p>\n<p>Per garantire la sicurezza del gioco, dovresti controllare costantemente la cronologia delle tue attivit\u00e0, che include il tempo trascorso sulla piattaforma, gli importi depositati, le perdite totali e le vincite totali. Puoi sempre controllare lo stato del tuo bonus Spinstein Casino. I clienti utilizzano strumenti specializzati per il gioco responsabile per impostare limiti salutari quando necessario.<\/p>\n<h2>Come vengono protette le tue informazioni su Spinstein<\/h2>\n<p>\u00c8 importante affidare a Spinstein login le tue informazioni personali e finanziarie. Abbiamo una licenza ufficiale per il gioco online, quindi dobbiamo seguire determinate regole di sicurezza. Ci assicuriamo sempre di essere pienamente conformi al GDPR. Il sito web protegge tutti i suoi dati con la crittografia AES a 256 bit in modo che nessun altro possa accedervi.<\/p>\n<p>L&#8217;autenticazione a due fattori opzionale aggiunge ulteriori livelli di sicurezza al tuo account. Teniamo d&#8217;occhio tutte le attivit\u00e0 di accesso su Spin Stein Casino e inviamo immediatamente avvisi se notiamo tendenze insolite. Puoi contattare il nostro team di assistenza bilingue 24 ore su 24, 7 giorni su 7, tramite live chat o e-mail per ottenere subito risposte alle tue domande o risolvere eventuali problemi.<\/p>\n<h2>Domande frequenti<\/h2>\n<h3>La verifica avviene immediatamente dopo la registrazione su Spinstein?<\/h3>\n<p>Ogni cliente di Spinstein deve sottoporsi al processo di verifica prima di effettuare la prima richiesta di prelievo. Ci\u00f2 comporta il caricamento di una foto di un documento sulla piattaforma per dimostrare la tua identit\u00e0, la titolarit\u00e0 del conto di pagamento e l&#8217;et\u00e0 legale. Il processo di revisione richiede dalle 24 alle 48 ore.<\/p>\n<h3>Io e un mio amico possiamo usare insieme un unico account Spin Stein?<\/h3>\n<p>Su Spinstein Casino, \u00e8 obbligatorio possedere un profilo individuale. Devi fornire le tue informazioni personali e utilizzare il tuo conto di pagamento. La condivisione degli account \u00e8 contro le regole e pu\u00f2 comportare la sospensione per entrambe le persone.<\/p>\n<h3>Cosa \u00e8 accessibile su Spinstein Casino senza registrarsi?<\/h3>\n<p>In modalit\u00e0 demo, i giocatori possono provare alcuni giochi. Giocare con monete virtuali non costa nulla. Tuttavia, non \u00e8 possibile prelevare le vincite; questo \u00e8 il compromesso. I visitatori non registrati possono comunque contattare il team di assistenza per domande generali sul sito.<\/p>\n<\/div><\/div><\/p>\n","protected":false},"excerpt":{"rendered":"<p>Accesso e registrazione a Spinstein Una volta completato il Spinstein login, puoi iniziare a giocare con denaro reale in un ambiente sicuro. Se non hai un account, non puoi utilizzare tutte le funzionalit\u00e0. La registrazione sblocca tutto per i giocatori italiani: giochi, bonus, pagamenti e assistenza clienti sono immediatamente disponibili.<\/p>\n","protected":false},"author":1,"featured_media":0,"parent":0,"menu_order":0,"comment_status":"closed","ping_status":"closed","template":"template-builder.php","meta":{"_acf_changed":false,"inline_featured_image":false,"footnotes":""},"class_list":["post-1485","page","type-page","status-publish","hentry"],"acf":[],"yoast_head":"<!-- This site is optimized with the Yoast SEO plugin v27.3 - https:\/\/yoast.com\/product\/yoast-seo-wordpress\/ -->\n<title>Spinstein Login - Accesso sicuro alla registrazione e al login<\/title>\n<meta name=\"description\" content=\"Accesso a Spinstein: accedi al tuo account in modo sicuro o creane uno nuovo in pochi minuti. Gestisci facilmente la verifica, il recupero della password e le impostazioni dell&#039;account in Spinstein.\" \/>\n<meta name=\"robots\" content=\"index, follow, max-snippet:-1, max-image-preview:large, max-video-preview:-1\" \/>\n<link rel=\"canonical\" href=\"https:\/\/spinstein-casino.net\/it\/accesso-e-registrazione\/\" \/>\n<meta property=\"og:locale\" content=\"it_IT\" \/>\n<meta property=\"og:type\" content=\"article\" \/>\n<meta property=\"og:title\" content=\"Spinstein Login - Accesso sicuro alla registrazione e al login\" \/>\n<meta property=\"og:description\" content=\"Accesso a Spinstein: accedi al tuo account in modo sicuro o creane uno nuovo in pochi minuti. Gestisci facilmente la verifica, il recupero della password e le impostazioni dell&#039;account in Spinstein.\" \/>\n<meta property=\"og:url\" content=\"https:\/\/spinstein-casino.net\/it\/accesso-e-registrazione\/\" \/>\n<meta property=\"og:site_name\" content=\"spinstein\" \/>\n<meta property=\"article:modified_time\" content=\"2026-03-30T13:56:39+00:00\" \/>\n<meta name=\"twitter:card\" content=\"summary_large_image\" \/>\n<meta name=\"twitter:label1\" content=\"Est. reading time\" \/>\n\t<meta name=\"twitter:data1\" content=\"1 minute\" \/>\n<script type=\"application\/ld+json\" class=\"yoast-schema-graph\">{\"@context\":\"https:\\\/\\\/schema.org\",\"@graph\":[{\"@type\":\"WebPage\",\"@id\":\"https:\\\/\\\/spinstein-casino.net\\\/it\\\/accesso-e-registrazione\\\/\",\"url\":\"https:\\\/\\\/spinstein-casino.net\\\/it\\\/accesso-e-registrazione\\\/\",\"name\":\"Spinstein Login - Accesso sicuro alla registrazione e al login\",\"isPartOf\":{\"@id\":\"https:\\\/\\\/spinstein-casino.net\\\/it\\\/#website\"},\"datePublished\":\"2026-01-20T12:11:11+00:00\",\"dateModified\":\"2026-03-30T13:56:39+00:00\",\"description\":\"Accesso a Spinstein: accedi al tuo account in modo sicuro o creane uno nuovo in pochi minuti. Gestisci facilmente la verifica, il recupero della password e le impostazioni dell'account in Spinstein.\",\"breadcrumb\":{\"@id\":\"https:\\\/\\\/spinstein-casino.net\\\/it\\\/accesso-e-registrazione\\\/#breadcrumb\"},\"inLanguage\":\"it-IT\",\"potentialAction\":[{\"@type\":\"ReadAction\",\"target\":[\"https:\\\/\\\/spinstein-casino.net\\\/it\\\/accesso-e-registrazione\\\/\"]}]},{\"@type\":\"BreadcrumbList\",\"@id\":\"https:\\\/\\\/spinstein-casino.net\\\/it\\\/accesso-e-registrazione\\\/#breadcrumb\",\"itemListElement\":[{\"@type\":\"ListItem\",\"position\":1,\"name\":\"Spinstein\",\"item\":\"https:\\\/\\\/spinstein-casino.net\\\/it\\\/\"},{\"@type\":\"ListItem\",\"position\":2,\"name\":\"Accesso e registrazione\"}]},{\"@type\":\"WebSite\",\"@id\":\"https:\\\/\\\/spinstein-casino.net\\\/it\\\/#website\",\"url\":\"https:\\\/\\\/spinstein-casino.net\\\/it\\\/\",\"name\":\"Spinstein\",\"description\":\"\",\"publisher\":{\"@id\":\"https:\\\/\\\/spinstein-casino.net\\\/it\\\/#organization\"},\"potentialAction\":[{\"@type\":\"SearchAction\",\"target\":{\"@type\":\"EntryPoint\",\"urlTemplate\":\"https:\\\/\\\/spinstein-casino.net\\\/it\\\/?s={search_term_string}\"},\"query-input\":{\"@type\":\"PropertyValueSpecification\",\"valueRequired\":true,\"valueName\":\"search_term_string\"}}],\"inLanguage\":\"it-IT\"},{\"@type\":\"Organization\",\"@id\":\"https:\\\/\\\/spinstein-casino.net\\\/it\\\/#organization\",\"name\":\"Spinstein\",\"url\":\"https:\\\/\\\/spinstein-casino.net\\\/it\\\/\",\"logo\":{\"@type\":\"ImageObject\",\"inLanguage\":\"it-IT\",\"@id\":\"https:\\\/\\\/spinstein-casino.net\\\/it\\\/#\\\/schema\\\/logo\\\/image\\\/\",\"url\":\"https:\\\/\\\/spinstein-casino.net\\\/wp-content\\\/uploads\\\/2026\\\/03\\\/spinstein-logo.png\",\"contentUrl\":\"https:\\\/\\\/spinstein-casino.net\\\/wp-content\\\/uploads\\\/2026\\\/03\\\/spinstein-logo.png\",\"width\":166,\"height\":40,\"caption\":\"Spinstein\"},\"image\":{\"@id\":\"https:\\\/\\\/spinstein-casino.net\\\/it\\\/#\\\/schema\\\/logo\\\/image\\\/\"}}]}<\/script>\n<!-- \/ Yoast SEO plugin. -->","yoast_head_json":{"title":"Spinstein Login - Accesso sicuro alla registrazione e al login","description":"Accesso a Spinstein: accedi al tuo account in modo sicuro o creane uno nuovo in pochi minuti. Gestisci facilmente la verifica, il recupero della password e le impostazioni dell'account in Spinstein.","robots":{"index":"index","follow":"follow","max-snippet":"max-snippet:-1","max-image-preview":"max-image-preview:large","max-video-preview":"max-video-preview:-1"},"canonical":"https:\/\/spinstein-casino.net\/it\/accesso-e-registrazione\/","og_locale":"it_IT","og_type":"article","og_title":"Spinstein Login - Accesso sicuro alla registrazione e al login","og_description":"Accesso a Spinstein: accedi al tuo account in modo sicuro o creane uno nuovo in pochi minuti. Gestisci facilmente la verifica, il recupero della password e le impostazioni dell'account in Spinstein.","og_url":"https:\/\/spinstein-casino.net\/it\/accesso-e-registrazione\/","og_site_name":"spinstein","article_modified_time":"2026-03-30T13:56:39+00:00","twitter_card":"summary_large_image","twitter_misc":{"Est. reading time":"1 minute"},"schema":{"@context":"https:\/\/schema.org","@graph":[{"@type":"WebPage","@id":"https:\/\/spinstein-casino.net\/it\/accesso-e-registrazione\/","url":"https:\/\/spinstein-casino.net\/it\/accesso-e-registrazione\/","name":"Spinstein Login - Accesso sicuro alla registrazione e al login","isPartOf":{"@id":"https:\/\/spinstein-casino.net\/it\/#website"},"datePublished":"2026-01-20T12:11:11+00:00","dateModified":"2026-03-30T13:56:39+00:00","description":"Accesso a Spinstein: accedi al tuo account in modo sicuro o creane uno nuovo in pochi minuti. Gestisci facilmente la verifica, il recupero della password e le impostazioni dell'account in Spinstein.","breadcrumb":{"@id":"https:\/\/spinstein-casino.net\/it\/accesso-e-registrazione\/#breadcrumb"},"inLanguage":"it-IT","potentialAction":[{"@type":"ReadAction","target":["https:\/\/spinstein-casino.net\/it\/accesso-e-registrazione\/"]}]},{"@type":"BreadcrumbList","@id":"https:\/\/spinstein-casino.net\/it\/accesso-e-registrazione\/#breadcrumb","itemListElement":[{"@type":"ListItem","position":1,"name":"Spinstein","item":"https:\/\/spinstein-casino.net\/it\/"},{"@type":"ListItem","position":2,"name":"Accesso e registrazione"}]},{"@type":"WebSite","@id":"https:\/\/spinstein-casino.net\/it\/#website","url":"https:\/\/spinstein-casino.net\/it\/","name":"Spinstein","description":"","publisher":{"@id":"https:\/\/spinstein-casino.net\/it\/#organization"},"potentialAction":[{"@type":"SearchAction","target":{"@type":"EntryPoint","urlTemplate":"https:\/\/spinstein-casino.net\/it\/?s={search_term_string}"},"query-input":{"@type":"PropertyValueSpecification","valueRequired":true,"valueName":"search_term_string"}}],"inLanguage":"it-IT"},{"@type":"Organization","@id":"https:\/\/spinstein-casino.net\/it\/#organization","name":"Spinstein","url":"https:\/\/spinstein-casino.net\/it\/","logo":{"@type":"ImageObject","inLanguage":"it-IT","@id":"https:\/\/spinstein-casino.net\/it\/#\/schema\/logo\/image\/","url":"https:\/\/spinstein-casino.net\/wp-content\/uploads\/2026\/03\/spinstein-logo.png","contentUrl":"https:\/\/spinstein-casino.net\/wp-content\/uploads\/2026\/03\/spinstein-logo.png","width":166,"height":40,"caption":"Spinstein"},"image":{"@id":"https:\/\/spinstein-casino.net\/it\/#\/schema\/logo\/image\/"}}]}},"_links":{"self":[{"href":"https:\/\/spinstein-casino.net\/it\/wp-json\/wp\/v2\/pages\/1485","targetHints":{"allow":["GET"]}}],"collection":[{"href":"https:\/\/spinstein-casino.net\/it\/wp-json\/wp\/v2\/pages"}],"about":[{"href":"https:\/\/spinstein-casino.net\/it\/wp-json\/wp\/v2\/types\/page"}],"author":[{"embeddable":true,"href":"https:\/\/spinstein-casino.net\/it\/wp-json\/wp\/v2\/users\/1"}],"replies":[{"embeddable":true,"href":"https:\/\/spinstein-casino.net\/it\/wp-json\/wp\/v2\/comments?post=1485"}],"version-history":[{"count":2,"href":"https:\/\/spinstein-casino.net\/it\/wp-json\/wp\/v2\/pages\/1485\/revisions"}],"predecessor-version":[{"id":2072,"href":"https:\/\/spinstein-casino.net\/it\/wp-json\/wp\/v2\/pages\/1485\/revisions\/2072"}],"wp:attachment":[{"href":"https:\/\/spinstein-casino.net\/it\/wp-json\/wp\/v2\/media?parent=1485"}],"curies":[{"name":"wp","href":"https:\/\/api.w.org\/{rel}","templated":true}]}}