{"id":1445,"date":"2026-01-20T12:08:23","date_gmt":"2026-01-20T12:08:23","guid":{"rendered":"https:\/\/bonuskongcasino.com\/app\/"},"modified":"2026-03-30T14:55:29","modified_gmt":"2026-03-30T13:55:29","slug":"applicazione","status":"publish","type":"page","link":"https:\/\/spinstein-casino.net\/it\/applicazione\/","title":{"rendered":"Applicazione"},"content":{"rendered":"<h1>Piattaforma mobile Spinstein<\/h1>\n<p>Spinstein App semplifica notevolmente la tua esperienza di gioco. Funziona con tutti i dispositivi moderni e consente agli utenti italiani di giocare ovunque si trovino. Non importa se hai un telefono Android o iOS; il gioco si caricher\u00e0 rapidamente e funzioner\u00e0 bene. Tutte le funzioni, il design e la navigazione saranno riconoscibili perch\u00e9 simili a quelli del sito web principale per PC. Puoi installarla rapidamente e facilmente dal sito web di Spinstein.<\/p>\n<div class=\"banner-wrap\" aria-label=\"Banner\"><img src=\"https:\/\/spinstein-casino.net\/wp-content\/uploads\/2026\/03\/Spinstein-banner-carousel-800\u0445400.webp\" class=\"w-100 d-none d-lg-block img-pc main-banner-img\" alt=\"spinstein banner desktop\" fetchpriority=\"high\" decoding=\"async\"><img src=\"https:\/\/spinstein-casino.net\/wp-content\/uploads\/2026\/03\/spinstein-banner-mobile.webp\" class=\"w-100 d-none d-md-block d-lg-none main-banner-img\" alt=\"spinstein banner mobile\" fetchpriority=\"high\" decoding=\"async\"><img src=\"https:\/\/spinstein-casino.net\/wp-content\/uploads\/2026\/03\/spinstein-banner-mobile.webp\" class=\"w-100 d-md-none\" alt=\"spinstein banner mobile\" fetchpriority=\"high\" decoding=\"async\"><div class=\"banner-description\">\n<div class=\"banner-title\">Bonus di benvenuto<\/div>\n<p class=\"banner-header-title\">1500 \u20ac<\/p>\n<div class=\"banner-header-AdditionalText\">+ 250 Giri gratuiti<\/div>\n<button data-item=\"homepage_banner_link\" class=\"goto m-button m-gradient-border m-button--primary m-button--large banner-button btn-orange\">\n            <div class=\"m-button-content\">\n                <span>Iscriviti ora<\/span>\n                <span><\/span>\n            <\/div>\n        <\/button>\n<\/div>\n<div class=\"WelcomePack\">\n<p><img loading=\"lazy\" decoding=\"async\" class=\"alignnone size-full wp-image-1855\" src=\"https:\/\/spinstein-casino.net\/wp-content\/uploads\/2026\/03\/welcome-crown.png\" alt=\"crown\" width=\"25\" height=\"26\" \/><\/p>\n<div class=\"WelcomePack-Info\">Cashback settimanale fino al 25%<\/div>\n<p><img loading=\"lazy\" decoding=\"async\" class=\"alignnone size-full wp-image-1855\" src=\"https:\/\/spinstein-casino.net\/wp-content\/uploads\/2026\/03\/welcome-crown.png\" alt=\"crown\" width=\"25\" height=\"26\" \/><\/p>\n<\/div>\n<\/div>\n<h2>App Spinstein \u2013 Caratteristiche principali<\/h2>\n<p>A pi\u00f9 della met\u00e0 dei clienti di Spinstein Casino piace giocare sui propri telefoni. Non sorprende che le persone vogliano rimanere flessibili ed essere online indipendentemente da dove si trovino. Tutti i clienti hanno due semplici opzioni: la versione per browser mobile e l&#8217;app Spin Stein.<\/p>\n<table>\n<tbody>\n<tr>\n<td>Caratteristica<\/td>\n<td>Realt\u00e0 tecnica<\/td>\n<td>Cosa significa<\/td>\n<\/tr>\n<tr>\n<td>Un&#8217;interfaccia che funziona bene sui dispositivi mobili<\/td>\n<td>Per la navigazione con il pollice, ogni pulsante, menu ed elemento di gioco \u00e8 stato rimpicciolito e riposizionato.<\/td>\n<td>Non capiter\u00e0 pi\u00f9 di toccare accidentalmente i pulsanti sbagliati perch\u00e9 tutto ha le dimensioni giuste ed \u00e8 distanziato in modo da adattarsi alle dita.<\/td>\n<\/tr>\n<tr>\n<td>Caricamento rapido del gioco<\/td>\n<td>Grazie alla cache intelligente e alle risorse compresse, i giochi si caricano in background prima ancora che tu faccia clic su di essi.<\/td>\n<td>L&#8217;intervallo ridotto tra i round mantiene viva l&#8217;azione.<\/td>\n<\/tr>\n<tr>\n<td>Prestazioni costanti<\/td>\n<td>I programmi in background vengono rallentati e le interruzioni di connessione vengono gestite senza intoppi.<\/td>\n<td>I giochi di Spin Stein funzionano senza intoppi, senza ritardi o interruzioni, anche quando la connessione Wi-Fi non \u00e8 stabile.<\/td>\n<\/tr>\n<tr>\n<td>Comandi sensibili al tocco<\/td>\n<td>Le zone di rilevamento dei colpi sono state rese pi\u00f9 grandi di quanto si possa vedere, in modo che i tocchi vengano registrati anche quando la mira \u00e8 leggermente imprecisa.<\/td>\n<td>Il tocco e lo scorrimento funzionano perfettamente, senza ritardi o fastidi dovuti a input mancanti nei momenti importanti.<\/td>\n<\/tr>\n<tr>\n<td>Sessioni mobili sicure<\/td>\n<td>La crittografia end-to-end protegge ogni bit di dati che passa tra i telefoni e i server di Spinstein Casino.<\/td>\n<td>La procedura di accesso e le tue informazioni personali sono al sicuro anche sulle reti Wi-Fi pubbliche.<\/td>\n<\/tr>\n<tr>\n<td>Aggiornamenti automatici<\/td>\n<td>Quando apri un&#8217;app web progressiva, questa scarica silenziosamente le ultime funzionalit\u00e0 in background.<\/td>\n<td>Avrai sempre accesso all&#8217;ultima versione senza doverla scaricare manualmente, ottenere l&#8217;approvazione dall&#8217;app store o preoccuparti dello spazio di archiviazione.<\/td>\n<\/tr>\n<\/tbody>\n<\/table>\n<h3>Sicurezza dei tuoi dati<\/h3>\n<p>La tua sicurezza \u00e8 la cosa pi\u00f9 importante quando utilizzi la versione mobile dell&#8217;app Spinstein. I firewall per applicazioni web (WAF) proteggono dai bot e da altre attivit\u00e0 sospette sui dispositivi mobili. La piattaforma monitora costantemente l&#8217;attivit\u00e0 per prevenire le frodi.<\/p>\n<p>I giocatori possono contattare il team di assistenza in qualsiasi momento per domande sulla sicurezza o su qualsiasi altra cosa. L&#8217;app Spinstein Casino offre un&#8217;opzione di chat live che fornisce risposte in pochi minuti.<\/p>\n<p><div class=\"scrollable-content-wrap my-5\"><div class=\"scrollable-content-inner\"><h2>Giocare su Android con un&#8217;esperienza di gioco fluida<\/h2>\n<p>Quando i clienti giocano su Android su Spinstein, ottengono un ambiente di gioco veloce, stabile e completamente ottimizzato, realizzato appositamente per i dispositivi mobili. La piattaforma funziona con tutte le nuove versioni di Android. Il software \u00e8 stato realizzato per ridurre al minimo i tempi di caricamento e l&#8217;utilizzo dei dati.<\/p>\n<p>I comandi touch del casin\u00f2 mobile Spin Stein sono stati progettati per essere precisi. \u00c8 possibile piazzare scommesse, far girare i rulli e incassare in modo rapido e semplice utilizzando questi comandi. Tutti i processi in background sono stati ottimizzati per rendere la sessione stabile, anche durante lunghi periodi di gioco.<\/p>\n<p>Per installare il programma senza problemi, basta seguire i passaggi riportati di seguito:<\/p>\n<ol>\n<li>Se stai utilizzando Chrome mentre ti trovi sul sito web di Spinstein Casino, clicca sul pulsante &#8220;Altro&#8221; nella barra degli indirizzi.<\/li>\n<li>Gli utenti devono selezionare &#8220;Aggiungi alla schermata Home&#8221; dall&#8217;elenco.<\/li>\n<li>Puoi modificare il nome e l&#8217;aspetto dell&#8217;icona per personalizzarla.<\/li>\n<li>Basta premere &#8220;Aggiungi&#8221; per confermare le tue azioni.<\/li>\n<\/ol>\n<p><img loading=\"lazy\" decoding=\"async\" class=\"alignnone size-full wp-image-1927\" src=\"https:\/\/spinstein-casino.net\/wp-content\/uploads\/2026\/03\/Spinstein-Android-App.webp\" alt=\"Spinstein Android App\" width=\"1248\" height=\"536\" srcset=\"https:\/\/spinstein-casino.net\/wp-content\/uploads\/2026\/03\/Spinstein-Android-App.webp 1248w, https:\/\/spinstein-casino.net\/wp-content\/uploads\/2026\/03\/Spinstein-Android-App-300x129.webp 300w, https:\/\/spinstein-casino.net\/wp-content\/uploads\/2026\/03\/Spinstein-Android-App-1024x440.webp 1024w, https:\/\/spinstein-casino.net\/wp-content\/uploads\/2026\/03\/Spinstein-Android-App-768x330.webp 768w\" sizes=\"auto, (max-width: 1248px) 100vw, 1248px\" \/><\/p>\n<\/div><\/div><div style=\"clear: both\"><\/div><div class=\"d-flex justify-content-center\"><button data-item=\"decouvrez_link\" data-group=\"website_links\" class=\"goto fw-bold rounded-pill btn btn-orange\" aria-label=\"Scarica l&#039;app Spinstein\" >Scarica l&#039;app Spinstein<\/button><\/div><div class=\"scrollable-content-wrap my-5\"><div class=\"scrollable-content-inner\"><h2>Applicazione mobile per iOS<\/h2>\n<p>Tutti gli utenti iOS possono accedere rapidamente al casin\u00f2 mobile utilizzando qualsiasi browser sul proprio telefono o tablet. Tutti i giochi, come le slot online, i giochi da tavolo e i giochi del casin\u00f2 dal vivo, si adattano automaticamente alle dimensioni e alla risoluzione dello schermo. Non ci sono limiti e tutte le funzionalit\u00e0 saranno disponibili sul tuo dispositivo.<\/p>\n<p>Puoi utilizzare sia la versione web che l&#8217;app Spinstein. I giocatori possono persino combinarle utilizzando lo stesso account Spinstein Casino senza alcun problema.<\/p>\n<h3>Istruzioni per l&#8217;installazione<\/h3>\n<p>L&#8217;app mobile utilizza solo dati memorizzati nella cache, quindi i clienti non devono preoccuparsi che i loro dispositivi rimangano senza spazio. Segui questi passaggi per installare l&#8217;app Spin Stein:<\/p>\n<ol>\n<li>L&#8217;app Scorciatoie \u00e8 gi\u00e0 presente sul tuo iPhone. Per prima cosa, devi avviarla.<\/li>\n<li>Nell&#8217;angolo in alto a destra, dovresti vedere l&#8217;icona del segno pi\u00f9 (+). Quando la tocchi, viene creata una nuova scorciatoia. Successivamente, tocca il pulsante &#8220;Aggiungi azione&#8221; e digita &#8220;Spinstein&#8221;.<\/li>\n<li>I risultati della ricerca qui sotto dovrebbero mostrare l&#8217;app che vuoi. Puoi sceglierla da quell&#8217;elenco.<\/li>\n<li>Ora, clicca sulla piccola freccia verso il basso accanto al nome della scorciatoia. Scegli &#8220;Aggiungi alla schermata Home&#8221; dall&#8217;elenco di opzioni che appare.<\/li>\n<li>Se vuoi essere creativo, puoi scegliere una foto personalizzata per la tua icona se quella predefinita ti sembra noiosa. Assegnale un nome, quindi premi il pulsante &#8220;Aggiungi&#8221;.<\/li>\n<li>L&#8217;icona di Spinstein apparir\u00e0 sulla tua schermata iniziale proprio accanto a tutte le altre app.<\/li>\n<\/ol>\n<p><img loading=\"lazy\" decoding=\"async\" class=\"alignnone size-full wp-image-1935\" src=\"https:\/\/spinstein-casino.net\/wp-content\/uploads\/2026\/03\/Spinstein-iOS-App.webp\" alt=\"Spinstein iOS App\" width=\"1248\" height=\"536\" srcset=\"https:\/\/spinstein-casino.net\/wp-content\/uploads\/2026\/03\/Spinstein-iOS-App.webp 1248w, https:\/\/spinstein-casino.net\/wp-content\/uploads\/2026\/03\/Spinstein-iOS-App-300x129.webp 300w, https:\/\/spinstein-casino.net\/wp-content\/uploads\/2026\/03\/Spinstein-iOS-App-1024x440.webp 1024w, https:\/\/spinstein-casino.net\/wp-content\/uploads\/2026\/03\/Spinstein-iOS-App-768x330.webp 768w\" sizes=\"auto, (max-width: 1248px) 100vw, 1248px\" \/><\/p>\n<\/div><\/div><div style=\"clear: both\"><\/div><div class=\"d-flex justify-content-center\"><button data-item=\"decouvrez_link\" data-group=\"website_links\" class=\"goto fw-bold rounded-pill btn btn-orange\" aria-label=\"Scarica Spinstein\" >Scarica Spinstein<\/button><\/div><div class=\"scrollable-content-wrap my-5\"><div class=\"scrollable-content-inner\"><h2>Opzioni di Spinstein per Windows e macOS<\/h2>\n<p>Se giochi su Spin Stein Casino dal tuo PC o laptop, non avrai alcun problema. Non \u00e8 necessario installare alcun software aggiuntivo. Puoi comunque accedere al sito web da qualsiasi browser.<\/p>\n<p>Puoi installare un&#8217;icona di collegamento sulla schermata iniziale del desktop se vuoi poter accedere al sito web con un solo clic. Per farlo, devi andare nelle impostazioni della pagina del tuo browser. Se hai difficolt\u00e0 a installare l&#8217;icona dell&#8217;app Spinstein, puoi ricevere assistenza immediata tramite chat live o e-mail.<\/p>\n<p><img loading=\"lazy\" decoding=\"async\" class=\"alignnone size-full wp-image-1943\" src=\"https:\/\/spinstein-casino.net\/wp-content\/uploads\/2026\/03\/Spinstein-Desktop.webp\" alt=\"Spinstein Desktop\" width=\"1248\" height=\"536\" srcset=\"https:\/\/spinstein-casino.net\/wp-content\/uploads\/2026\/03\/Spinstein-Desktop.webp 1248w, https:\/\/spinstein-casino.net\/wp-content\/uploads\/2026\/03\/Spinstein-Desktop-300x129.webp 300w, https:\/\/spinstein-casino.net\/wp-content\/uploads\/2026\/03\/Spinstein-Desktop-1024x440.webp 1024w, https:\/\/spinstein-casino.net\/wp-content\/uploads\/2026\/03\/Spinstein-Desktop-768x330.webp 768w\" sizes=\"auto, (max-width: 1248px) 100vw, 1248px\" \/><\/p>\n<\/div><\/div><div style=\"clear: both\"><\/div><div class=\"d-flex justify-content-center\"><button data-item=\"decouvrez_link\" data-group=\"website_links\" class=\"goto fw-bold rounded-pill btn btn-orange\" aria-label=\"Scarica l&#039;app Spinstein\" >Scarica l&#039;app Spinstein<\/button><\/div><div class=\"scrollable-content-wrap my-5\"><div class=\"scrollable-content-inner\"><h2>Domande frequenti<\/h2>\n<h3>Posso completare la procedura di registrazione nell&#8217;app Spin Stein?<\/h3>\n<p>Se sei nuovo al casin\u00f2 online Spinstein e vuoi iniziare con l&#8217;app, \u00e8 facile registrarsi l\u00ec. La procedura \u00e8 la stessa e richiede semplicemente il tuo indirizzo e-mail e la password. Come misura di sicurezza, devi completare la procedura di verifica prima di poter effettuare il tuo primo prelievo.<\/p>\n<h3>\u00c8 possibile giocare ai giochi del casin\u00f2 live di Spinstein su uno smartphone?<\/h3>\n<p>Puoi comunque giocare a tutti i giochi della collezione, che conta pi\u00f9 di 6.000 titoli, sul tuo smartphone o tablet. Sono disponibili anche i giochi del casin\u00f2 live. Spinstein utilizza specifiche funzionalit\u00e0 di controllo touch per garantire che la tua esperienza di gioco sia sempre facile e divertente, indipendentemente dal dispositivo che utilizzi.<\/p>\n<h3>Come faccio a sapere se il software mobile ha bisogno di un aggiornamento?<\/h3>\n<p>Non devi fare nulla affinch\u00e9 la PWA di Spinstein Casino si aggiorni automaticamente. Le notifiche push e le e-mail informano sempre gli utenti delle modifiche alla piattaforma, cos\u00ec non avrai sorprese.<\/p>\n<\/div><\/div><\/p>\n","protected":false},"excerpt":{"rendered":"<p>Piattaforma mobile Spinstein Spinstein App semplifica notevolmente la tua esperienza di gioco. Funziona con tutti i dispositivi moderni e consente agli utenti italiani di giocare ovunque si trovino. Non importa se hai un telefono Android o iOS; il gioco si caricher\u00e0 rapidamente e funzioner\u00e0 bene. Tutte le funzioni, il design e la navigazione saranno riconoscibili [&hellip;]<\/p>\n","protected":false},"author":1,"featured_media":0,"parent":0,"menu_order":0,"comment_status":"closed","ping_status":"closed","template":"template-builder.php","meta":{"_acf_changed":false,"inline_featured_image":false,"footnotes":""},"class_list":["post-1445","page","type-page","status-publish","hentry"],"acf":[],"yoast_head":"<!-- This site is optimized with the Yoast SEO plugin v27.3 - https:\/\/yoast.com\/product\/yoast-seo-wordpress\/ -->\n<title>Scarica l&#039;app Spinstein | iOS, Android e desktop<\/title>\n<meta name=\"description\" content=\"Installa l&#039;app Spinstein su iOS, Android, Windows e macOS per giocare a oltre 6000 giochi da casin\u00f2 ovunque ti trovi. Prestazioni fluide, sincronizzazione dell&#039;account e assistenza 24 ore su 24, 7 giorni su 7: tutto questo in Spinstein.\" \/>\n<meta name=\"robots\" content=\"index, follow, max-snippet:-1, max-image-preview:large, max-video-preview:-1\" \/>\n<link rel=\"canonical\" href=\"https:\/\/spinstein-casino.net\/it\/applicazione\/\" \/>\n<meta property=\"og:locale\" content=\"it_IT\" \/>\n<meta property=\"og:type\" content=\"article\" \/>\n<meta property=\"og:title\" content=\"Scarica l&#039;app Spinstein | iOS, Android e desktop\" \/>\n<meta property=\"og:description\" content=\"Installa l&#039;app Spinstein su iOS, Android, Windows e macOS per giocare a oltre 6000 giochi da casin\u00f2 ovunque ti trovi. Prestazioni fluide, sincronizzazione dell&#039;account e assistenza 24 ore su 24, 7 giorni su 7: tutto questo in Spinstein.\" \/>\n<meta property=\"og:url\" content=\"https:\/\/spinstein-casino.net\/it\/applicazione\/\" \/>\n<meta property=\"og:site_name\" content=\"spinstein\" \/>\n<meta property=\"article:modified_time\" content=\"2026-03-30T13:55:29+00:00\" \/>\n<meta name=\"twitter:card\" content=\"summary_large_image\" \/>\n<meta name=\"twitter:label1\" content=\"Est. reading time\" \/>\n\t<meta name=\"twitter:data1\" content=\"3 minutes\" \/>\n<script type=\"application\/ld+json\" class=\"yoast-schema-graph\">{\"@context\":\"https:\\\/\\\/schema.org\",\"@graph\":[{\"@type\":\"WebPage\",\"@id\":\"https:\\\/\\\/spinstein-casino.net\\\/it\\\/applicazione\\\/\",\"url\":\"https:\\\/\\\/spinstein-casino.net\\\/it\\\/applicazione\\\/\",\"name\":\"Scarica l'app Spinstein | iOS, Android e desktop\",\"isPartOf\":{\"@id\":\"https:\\\/\\\/spinstein-casino.net\\\/it\\\/#website\"},\"datePublished\":\"2026-01-20T12:08:23+00:00\",\"dateModified\":\"2026-03-30T13:55:29+00:00\",\"description\":\"Installa l'app Spinstein su iOS, Android, Windows e macOS per giocare a oltre 6000 giochi da casin\u00f2 ovunque ti trovi. Prestazioni fluide, sincronizzazione dell'account e assistenza 24 ore su 24, 7 giorni su 7: tutto questo in Spinstein.\",\"breadcrumb\":{\"@id\":\"https:\\\/\\\/spinstein-casino.net\\\/it\\\/applicazione\\\/#breadcrumb\"},\"inLanguage\":\"it-IT\",\"potentialAction\":[{\"@type\":\"ReadAction\",\"target\":[\"https:\\\/\\\/spinstein-casino.net\\\/it\\\/applicazione\\\/\"]}]},{\"@type\":\"BreadcrumbList\",\"@id\":\"https:\\\/\\\/spinstein-casino.net\\\/it\\\/applicazione\\\/#breadcrumb\",\"itemListElement\":[{\"@type\":\"ListItem\",\"position\":1,\"name\":\"Spinstein\",\"item\":\"https:\\\/\\\/spinstein-casino.net\\\/it\\\/\"},{\"@type\":\"ListItem\",\"position\":2,\"name\":\"Applicazione\"}]},{\"@type\":\"WebSite\",\"@id\":\"https:\\\/\\\/spinstein-casino.net\\\/it\\\/#website\",\"url\":\"https:\\\/\\\/spinstein-casino.net\\\/it\\\/\",\"name\":\"Spinstein\",\"description\":\"\",\"publisher\":{\"@id\":\"https:\\\/\\\/spinstein-casino.net\\\/it\\\/#organization\"},\"potentialAction\":[{\"@type\":\"SearchAction\",\"target\":{\"@type\":\"EntryPoint\",\"urlTemplate\":\"https:\\\/\\\/spinstein-casino.net\\\/it\\\/?s={search_term_string}\"},\"query-input\":{\"@type\":\"PropertyValueSpecification\",\"valueRequired\":true,\"valueName\":\"search_term_string\"}}],\"inLanguage\":\"it-IT\"},{\"@type\":\"Organization\",\"@id\":\"https:\\\/\\\/spinstein-casino.net\\\/it\\\/#organization\",\"name\":\"Spinstein\",\"url\":\"https:\\\/\\\/spinstein-casino.net\\\/it\\\/\",\"logo\":{\"@type\":\"ImageObject\",\"inLanguage\":\"it-IT\",\"@id\":\"https:\\\/\\\/spinstein-casino.net\\\/it\\\/#\\\/schema\\\/logo\\\/image\\\/\",\"url\":\"https:\\\/\\\/spinstein-casino.net\\\/wp-content\\\/uploads\\\/2026\\\/03\\\/spinstein-logo.png\",\"contentUrl\":\"https:\\\/\\\/spinstein-casino.net\\\/wp-content\\\/uploads\\\/2026\\\/03\\\/spinstein-logo.png\",\"width\":166,\"height\":40,\"caption\":\"Spinstein\"},\"image\":{\"@id\":\"https:\\\/\\\/spinstein-casino.net\\\/it\\\/#\\\/schema\\\/logo\\\/image\\\/\"}}]}<\/script>\n<!-- \/ Yoast SEO plugin. -->","yoast_head_json":{"title":"Scarica l'app Spinstein | iOS, Android e desktop","description":"Installa l'app Spinstein su iOS, Android, Windows e macOS per giocare a oltre 6000 giochi da casin\u00f2 ovunque ti trovi. Prestazioni fluide, sincronizzazione dell'account e assistenza 24 ore su 24, 7 giorni su 7: tutto questo in Spinstein.","robots":{"index":"index","follow":"follow","max-snippet":"max-snippet:-1","max-image-preview":"max-image-preview:large","max-video-preview":"max-video-preview:-1"},"canonical":"https:\/\/spinstein-casino.net\/it\/applicazione\/","og_locale":"it_IT","og_type":"article","og_title":"Scarica l'app Spinstein | iOS, Android e desktop","og_description":"Installa l'app Spinstein su iOS, Android, Windows e macOS per giocare a oltre 6000 giochi da casin\u00f2 ovunque ti trovi. Prestazioni fluide, sincronizzazione dell'account e assistenza 24 ore su 24, 7 giorni su 7: tutto questo in Spinstein.","og_url":"https:\/\/spinstein-casino.net\/it\/applicazione\/","og_site_name":"spinstein","article_modified_time":"2026-03-30T13:55:29+00:00","twitter_card":"summary_large_image","twitter_misc":{"Est. reading time":"3 minutes"},"schema":{"@context":"https:\/\/schema.org","@graph":[{"@type":"WebPage","@id":"https:\/\/spinstein-casino.net\/it\/applicazione\/","url":"https:\/\/spinstein-casino.net\/it\/applicazione\/","name":"Scarica l'app Spinstein | iOS, Android e desktop","isPartOf":{"@id":"https:\/\/spinstein-casino.net\/it\/#website"},"datePublished":"2026-01-20T12:08:23+00:00","dateModified":"2026-03-30T13:55:29+00:00","description":"Installa l'app Spinstein su iOS, Android, Windows e macOS per giocare a oltre 6000 giochi da casin\u00f2 ovunque ti trovi. Prestazioni fluide, sincronizzazione dell'account e assistenza 24 ore su 24, 7 giorni su 7: tutto questo in Spinstein.","breadcrumb":{"@id":"https:\/\/spinstein-casino.net\/it\/applicazione\/#breadcrumb"},"inLanguage":"it-IT","potentialAction":[{"@type":"ReadAction","target":["https:\/\/spinstein-casino.net\/it\/applicazione\/"]}]},{"@type":"BreadcrumbList","@id":"https:\/\/spinstein-casino.net\/it\/applicazione\/#breadcrumb","itemListElement":[{"@type":"ListItem","position":1,"name":"Spinstein","item":"https:\/\/spinstein-casino.net\/it\/"},{"@type":"ListItem","position":2,"name":"Applicazione"}]},{"@type":"WebSite","@id":"https:\/\/spinstein-casino.net\/it\/#website","url":"https:\/\/spinstein-casino.net\/it\/","name":"Spinstein","description":"","publisher":{"@id":"https:\/\/spinstein-casino.net\/it\/#organization"},"potentialAction":[{"@type":"SearchAction","target":{"@type":"EntryPoint","urlTemplate":"https:\/\/spinstein-casino.net\/it\/?s={search_term_string}"},"query-input":{"@type":"PropertyValueSpecification","valueRequired":true,"valueName":"search_term_string"}}],"inLanguage":"it-IT"},{"@type":"Organization","@id":"https:\/\/spinstein-casino.net\/it\/#organization","name":"Spinstein","url":"https:\/\/spinstein-casino.net\/it\/","logo":{"@type":"ImageObject","inLanguage":"it-IT","@id":"https:\/\/spinstein-casino.net\/it\/#\/schema\/logo\/image\/","url":"https:\/\/spinstein-casino.net\/wp-content\/uploads\/2026\/03\/spinstein-logo.png","contentUrl":"https:\/\/spinstein-casino.net\/wp-content\/uploads\/2026\/03\/spinstein-logo.png","width":166,"height":40,"caption":"Spinstein"},"image":{"@id":"https:\/\/spinstein-casino.net\/it\/#\/schema\/logo\/image\/"}}]}},"_links":{"self":[{"href":"https:\/\/spinstein-casino.net\/it\/wp-json\/wp\/v2\/pages\/1445","targetHints":{"allow":["GET"]}}],"collection":[{"href":"https:\/\/spinstein-casino.net\/it\/wp-json\/wp\/v2\/pages"}],"about":[{"href":"https:\/\/spinstein-casino.net\/it\/wp-json\/wp\/v2\/types\/page"}],"author":[{"embeddable":true,"href":"https:\/\/spinstein-casino.net\/it\/wp-json\/wp\/v2\/users\/1"}],"replies":[{"embeddable":true,"href":"https:\/\/spinstein-casino.net\/it\/wp-json\/wp\/v2\/comments?post=1445"}],"version-history":[{"count":3,"href":"https:\/\/spinstein-casino.net\/it\/wp-json\/wp\/v2\/pages\/1445\/revisions"}],"predecessor-version":[{"id":2071,"href":"https:\/\/spinstein-casino.net\/it\/wp-json\/wp\/v2\/pages\/1445\/revisions\/2071"}],"wp:attachment":[{"href":"https:\/\/spinstein-casino.net\/it\/wp-json\/wp\/v2\/media?parent=1445"}],"curies":[{"name":"wp","href":"https:\/\/api.w.org\/{rel}","templated":true}]}}