{"id":1482,"date":"2026-01-20T12:11:11","date_gmt":"2026-01-20T12:11:11","guid":{"rendered":"https:\/\/bonuskongcasino.com\/login-and-registration\/"},"modified":"2026-03-30T14:23:24","modified_gmt":"2026-03-30T13:23:24","slug":"connexion-et-inscription","status":"publish","type":"page","link":"https:\/\/spinstein-casino.net\/fr\/connexion-et-inscription\/","title":{"rendered":"Connexion et inscription"},"content":{"rendered":"<h1>Connexion et inscription sur Spinstein<\/h1>\n<p>Une fois le Spinstein login effectu\u00e9e, vous pouvez commencer \u00e0 jouer avec de l&rsquo;argent r\u00e9el en toute s\u00e9curit\u00e9. Si vous n&rsquo;avez pas de compte, vous ne pouvez pas utiliser toutes les fonctionnalit\u00e9s. L&rsquo;inscription vous donne acc\u00e8s \u00e0 tout : jeux, bonus, paiements et service client sont imm\u00e9diatement disponibles.<\/p>\n<p><div class=\"banner-wrap\" aria-label=\"Banner\"><img src=\"https:\/\/spinstein-casino.net\/wp-content\/uploads\/2026\/03\/Spinstein-banner-carousel-800\u0445400.webp\" class=\"w-100 d-none d-lg-block img-pc main-banner-img\" alt=\"spinstein banner desktop\" fetchpriority=\"high\" decoding=\"async\"><img src=\"https:\/\/spinstein-casino.net\/wp-content\/uploads\/2026\/03\/spinstein-banner-mobile.webp\" class=\"w-100 d-none d-md-block d-lg-none main-banner-img\" alt=\"spinstein banner mobile\" fetchpriority=\"high\" decoding=\"async\"><img src=\"https:\/\/spinstein-casino.net\/wp-content\/uploads\/2026\/03\/spinstein-banner-mobile.webp\" class=\"w-100 d-md-none\" alt=\"spinstein banner mobile\" fetchpriority=\"high\" decoding=\"async\"><div class=\"banner-description\">\n<div class=\"banner-title\">Bonus de bienvenue<\/div>\n<p class=\"banner-header-title\">1500 \u20ac<\/p>\n<div class=\"banner-header-AdditionalText\">+ 250 Tours gratuits<\/div>\n<button data-item=\"homepage_banner_link\" class=\"goto m-button m-gradient-border m-button--primary m-button--large banner-button btn-orange\">\n            <div class=\"m-button-content\">\n                <span>Inscrivez-vous d\u00e8s maintenant<\/span>\n                <span><\/span>\n            <\/div>\n        <\/button>\n<\/div>\n<div class=\"WelcomePack\">\n<p><img loading=\"lazy\" decoding=\"async\" class=\"alignnone size-full wp-image-1852\" src=\"https:\/\/spinstein-casino.net\/wp-content\/uploads\/2026\/03\/welcome-crown.png\" alt=\"crown\" width=\"25\" height=\"26\" \/><\/p>\n<div class=\"WelcomePack-Info\">Cashback hebdomadaire jusqu&rsquo;\u00e0 25 %<\/div>\n<p><img loading=\"lazy\" decoding=\"async\" class=\"alignnone size-full wp-image-1852\" src=\"https:\/\/spinstein-casino.net\/wp-content\/uploads\/2026\/03\/welcome-crown.png\" alt=\"crown\" width=\"25\" height=\"26\" \/><\/p>\n<\/div>\n<\/div><div class=\"scrollable-content-wrap my-5\"><div class=\"scrollable-content-inner\"><h2>Pourquoi il est important de cr\u00e9er un compte sur le casino Spinstein<\/h2>\n<p>La connexion \u00e0 Spinstein est accessible \u00e0 toute personne \u00e2g\u00e9e de 18 ans ou plus. Cela permet de passer du mode d\u00e9mo au jeu en argent r\u00e9el. Lorsque vous vous inscrivez, vous avez acc\u00e8s \u00e0 l&rsquo;int\u00e9gralit\u00e9 de la collection de jeux, \u00e0 des offres sp\u00e9ciales, \u00e0 la possibilit\u00e9 d&rsquo;effectuer des paiements et \u00e0 un contact direct avec l&rsquo;\u00e9quipe d&rsquo;assistance multilingue.<\/p>\n<p>Chez Spinstein, la r\u00e8gle est que chaque utilisateur ne peut avoir qu&rsquo;un seul profil. Il est judicieux de lire les r\u00e8gles de la plateforme avant de commencer. La cr\u00e9ation d&rsquo;un compte est fortement recommand\u00e9e si vous souhaitez profiter de tout ce que le casino offre sans aucune limite.<\/p>\n<h3>Comment fonctionne la cr\u00e9ation d&rsquo;un compte<\/h3>\n<p>La cr\u00e9ation de votre profil Spinstein Casino ne prend que quelques minutes. M\u00eame les personnes qui n\u2019ont jamais mis les pieds dans un casino en ligne trouveront cela facile. Il est important de fournir des informations v\u00e9ridiques, car des contr\u00f4les de v\u00e9rification auront lieu par la suite. Au d\u00e9but, tout ce dont vous avez besoin, c\u2019est d\u2019une adresse e-mail et d\u2019un mot de passe. Vous n\u2019avez pas besoin de fournir davantage d\u2019informations personnelles pour l\u2019instant. Suivez ces \u00e9tapes :<\/p>\n<ol>\n<li>Cliquez sur le bouton vert en haut de la page d&rsquo;accueil du site web de Spin Stein.<\/li>\n<li>Ensuite, saisissez vos informations personnelles dans les formulaires.<\/li>\n<li>Assurez-vous que votre mot de passe est fort et qu&rsquo;il contient \u00e0 la fois des lettres majuscules et minuscules ainsi que d&rsquo;autres caract\u00e8res.<\/li>\n<li>Lors de votre inscription, utilisez les codes promotionnels dont vous disposez pour obtenir des r\u00e9compenses imm\u00e9diatement.<\/li>\n<li>Vous devez v\u00e9rifier votre \u00e2ge et accepter les conditions g\u00e9n\u00e9rales de la plateforme Spinstein.<\/li>\n<li>Pour terminer la proc\u00e9dure et activer votre compte, cliquez sur \u00ab S&rsquo;inscrire \u00bb.<\/li>\n<\/ol>\n<p><img loading=\"lazy\" decoding=\"async\" class=\"alignnone size-full wp-image-1948\" src=\"https:\/\/spinstein-casino.net\/wp-content\/uploads\/2026\/03\/Spinstein-Login.webp\" alt=\"Spinstein Login\" width=\"1248\" height=\"536\" srcset=\"https:\/\/spinstein-casino.net\/wp-content\/uploads\/2026\/03\/Spinstein-Login.webp 1248w, https:\/\/spinstein-casino.net\/wp-content\/uploads\/2026\/03\/Spinstein-Login-300x129.webp 300w, https:\/\/spinstein-casino.net\/wp-content\/uploads\/2026\/03\/Spinstein-Login-1024x440.webp 1024w, https:\/\/spinstein-casino.net\/wp-content\/uploads\/2026\/03\/Spinstein-Login-768x330.webp 768w\" sizes=\"auto, (max-width: 1248px) 100vw, 1248px\" \/><\/p>\n<h2>Se reconnecter \u00e0 votre compte Spinstein<\/h2>\n<p>Pour vous connecter apr\u00e8s votre inscription, vous devez suivre la proc\u00e9dure de connexion \u00e0 Spinstein. Rep\u00e9rez le bouton \u00ab Se connecter \u00bb situ\u00e9 dans le coin sup\u00e9rieur droit de la page d&rsquo;accueil et cliquez dessus. Vous devrez saisir votre adresse e-mail et le mot de passe que vous avez d\u00e9fini lors de votre inscription.<\/p>\n<p>Tout ne se passe pas toujours comme pr\u00e9vu, mais il existe toujours une solution pour r\u00e9soudre un probl\u00e8me. Consultez la liste ci-dessous pour savoir comment g\u00e9rer les probl\u00e8mes courants.<\/p>\n<table>\n<tbody>\n<tr>\n<td>Probl\u00e8me de connexion \u00e0 Spinstein<\/td>\n<td>Pourquoi cela s&rsquo;est-il produit ?<\/td>\n<td>Comment y rem\u00e9dier<\/td>\n<\/tr>\n<tr>\n<td>Le mot de passe est refus\u00e9<\/td>\n<td>C&rsquo;est peut-\u00eatre parce que vous avez fait une erreur en le saisissant, que vous l&rsquo;avez confondu avec le mot de passe d&rsquo;un autre compte ou que vous avez oubli\u00e9 celui que vous aviez choisi.<\/td>\n<td>Un lien sur l&rsquo;\u00e9cran de connexion de Spinstein vous permet de r\u00e9initialiser votre mot de passe en v\u00e9rifiant votre adresse e-mail.<\/td>\n<\/tr>\n<tr>\n<td>Le compte Spinstein Casino est enti\u00e8rement verrouill\u00e9<\/td>\n<td>Plusieurs tentatives de connexion infructueuses ont d\u00e9clench\u00e9 le syst\u00e8me de s\u00e9curit\u00e9 automatique, qui a bloqu\u00e9 l&rsquo;acc\u00e8s pendant un court moment.<\/td>\n<td>Pour un d\u00e9blocage automatique, veuillez patienter environ 15 minutes. Pour une r\u00e9ponse plus rapide, contactez l&rsquo;assistance via le chat en direct.<\/td>\n<\/tr>\n<tr>\n<td>D\u00e9connect\u00e9 soudainement en plein milieu d&rsquo;une session<\/td>\n<td>Le d\u00e9lai d&rsquo;inactivit\u00e9 s&rsquo;est d\u00e9clench\u00e9, ce qui emp\u00eache toute personne non autoris\u00e9e d&rsquo;acc\u00e9der \u00e0 une session de navigateur abandonn\u00e9e.<\/td>\n<td>Il vous suffit de vous reconnecter. Les sessions prennent fin apr\u00e8s 30 \u00e0 60 minutes d&rsquo;inactivit\u00e9 pour des raisons de s\u00e9curit\u00e9.<\/td>\n<\/tr>\n<tr>\n<td>Le code d&rsquo;authentification ne fonctionne pas<\/td>\n<td>Le code \u00e0 dur\u00e9e limit\u00e9e a expir\u00e9 (il n&rsquo;\u00e9tait valable que pendant 30 \u00e0 60 secondes).<\/td>\n<td>Saisissez le code le plus r\u00e9cent de l&rsquo;application d&rsquo;authentification ou g\u00e9n\u00e9rez-en un nouveau.<\/td>\n<\/tr>\n<\/tbody>\n<\/table>\n<h2>Ce que vous pouvez faire depuis le tableau de bord de votre profil<\/h2>\n<p>Votre connexion \u00e0 Spin Stein vous permet de faire bien plus que simplement jouer et profiter d&rsquo;offres. Votre profil comporte un certain nombre de param\u00e8tres et de fonctionnalit\u00e9s qui am\u00e9liorent votre exp\u00e9rience de jeu. Vous pouvez modifier vos informations personnelles \u00e0 tout moment. Avant de pouvoir changer votre mot de passe, vous devez confirmer votre adresse e-mail.<\/p>\n<p>Pour garantir la s\u00e9curit\u00e9 du jeu, vous devriez v\u00e9rifier r\u00e9guli\u00e8rement votre historique d&rsquo;activit\u00e9, qui comprend le temps pass\u00e9 sur la plateforme, les montants d\u00e9pos\u00e9s, le total des pertes et le total des gains. Vous pouvez \u00e0 tout moment v\u00e9rifier l&rsquo;\u00e9tat de votre bonus Spinstein Casino. Les clients utilisent des outils sp\u00e9cialis\u00e9s de jeu responsable pour fixer des limites raisonnables lorsqu&rsquo;ils en ont besoin.<\/p>\n<h2>Comment vos informations sont-elles prot\u00e9g\u00e9es chez Spinstein<\/h2>\n<p>Il est important de faire confiance \u00e0 Spinstein pour la gestion de vos informations personnelles et financi\u00e8res. Nous disposons d&rsquo;une licence officielle de jeux en ligne, ce qui nous oblige \u00e0 respecter certaines r\u00e8gles de s\u00e9curit\u00e9. Nous veillons en permanence \u00e0 \u00eatre en totale conformit\u00e9 avec le RGPD. Le site web prot\u00e8ge toutes ses donn\u00e9es gr\u00e2ce \u00e0 un cryptage AES 256 bits afin que personne d&rsquo;autre ne puisse y acc\u00e9der.<\/p>\n<p>L&rsquo;authentification \u00e0 deux facteurs, disponible en option, ajoute une couche de s\u00e9curit\u00e9 suppl\u00e9mentaire \u00e0 votre compte. Nous surveillons toutes les activit\u00e9s de connexion sur Spin Stein Casino et envoyons imm\u00e9diatement des alertes si nous constatons des tendances inhabituelles. Vous pouvez contacter notre \u00e9quipe d&rsquo;assistance bilingue 24h\/24 et 7j\/7 par chat en direct ou par e-mail pour obtenir imm\u00e9diatement des r\u00e9ponses \u00e0 vos questions ou \u00e0 vos probl\u00e8mes.<\/p>\n<h2>FAQ<\/h2>\n<h3>La v\u00e9rification a-t-elle lieu imm\u00e9diatement apr\u00e8s l&rsquo;inscription sur Spinstein ?<\/h3>\n<p>Chaque client de Spinstein doit passer par le processus de v\u00e9rification avant d&rsquo;effectuer sa premi\u00e8re demande de retrait. Cela implique de t\u00e9l\u00e9charger une photo d&rsquo;un document sur la plateforme afin de prouver votre identit\u00e9, la propri\u00e9t\u00e9 du compte de paiement et votre \u00e2ge l\u00e9gal. Le processus de v\u00e9rification prend entre 24 et 48 heures.<\/p>\n<h3>Mon ami et moi pouvons-nous utiliser un seul compte Spin Stein ensemble ?<\/h3>\n<p>Sur Spinstein Casino, il est obligatoire de poss\u00e9der un profil individuel. Vous devez fournir vos propres informations personnelles et utiliser votre propre compte de paiement. Le partage de comptes est contraire au r\u00e8glement et peut entra\u00eener la suspension des deux personnes concern\u00e9es.<\/p>\n<h3>\u00c0 quoi a-t-on acc\u00e8s sur Spinstein Casino sans s&rsquo;inscrire ?<\/h3>\n<p>En mode d\u00e9mo, les joueurs peuvent essayer certains jeux. Jouer avec des pi\u00e8ces virtuelles ne vous co\u00fbte rien. Mais vous ne pouvez pas retirer vos gains ; c&rsquo;est le compromis. Les visiteurs non inscrits peuvent tout de m\u00eame contacter l&rsquo;\u00e9quipe d&rsquo;assistance pour des questions g\u00e9n\u00e9rales sur le site.<\/p>\n<\/div><\/div><\/p>\n","protected":false},"excerpt":{"rendered":"<p>Connexion et inscription sur Spinstein Une fois le Spinstein login effectu\u00e9e, vous pouvez commencer \u00e0 jouer avec de l&rsquo;argent r\u00e9el en toute s\u00e9curit\u00e9. Si vous n&rsquo;avez pas de compte, vous ne pouvez pas utiliser toutes les fonctionnalit\u00e9s. L&rsquo;inscription vous donne acc\u00e8s \u00e0 tout : jeux, bonus, paiements et service client sont imm\u00e9diatement disponibles.<\/p>\n","protected":false},"author":1,"featured_media":0,"parent":0,"menu_order":0,"comment_status":"closed","ping_status":"closed","template":"template-builder.php","meta":{"_acf_changed":false,"inline_featured_image":false,"footnotes":""},"class_list":["post-1482","page","type-page","status-publish","hentry"],"acf":[],"yoast_head":"<!-- This site is optimized with the Yoast SEO plugin v27.3 - https:\/\/yoast.com\/product\/yoast-seo-wordpress\/ -->\n<title>Spinstein Login - Acc\u00e8s s\u00e9curis\u00e9 \u00e0 l&#039;inscription et \u00e0 la connexion<\/title>\n<meta name=\"description\" content=\"Connexion \u00e0 Spinstein : acc\u00e9dez \u00e0 votre compte en toute s\u00e9curit\u00e9 ou cr\u00e9ez-en un nouveau en quelques minutes. G\u00e9rez facilement la v\u00e9rification, la r\u00e9cup\u00e9ration de mot de passe et les param\u00e8tres de votre compte dans Spinstein.\" \/>\n<meta name=\"robots\" content=\"index, follow, max-snippet:-1, max-image-preview:large, max-video-preview:-1\" \/>\n<link rel=\"canonical\" href=\"https:\/\/spinstein-casino.net\/fr\/connexion-et-inscription\/\" \/>\n<meta property=\"og:locale\" content=\"fr_FR\" \/>\n<meta property=\"og:type\" content=\"article\" \/>\n<meta property=\"og:title\" content=\"Spinstein Login - Acc\u00e8s s\u00e9curis\u00e9 \u00e0 l&#039;inscription et \u00e0 la connexion\" \/>\n<meta property=\"og:description\" content=\"Connexion \u00e0 Spinstein : acc\u00e9dez \u00e0 votre compte en toute s\u00e9curit\u00e9 ou cr\u00e9ez-en un nouveau en quelques minutes. G\u00e9rez facilement la v\u00e9rification, la r\u00e9cup\u00e9ration de mot de passe et les param\u00e8tres de votre compte dans Spinstein.\" \/>\n<meta property=\"og:url\" content=\"https:\/\/spinstein-casino.net\/fr\/connexion-et-inscription\/\" \/>\n<meta property=\"og:site_name\" content=\"spinstein\" \/>\n<meta property=\"article:modified_time\" content=\"2026-03-30T13:23:24+00:00\" \/>\n<meta name=\"twitter:card\" content=\"summary_large_image\" \/>\n<meta name=\"twitter:label1\" content=\"Dur\u00e9e de lecture estim\u00e9e\" \/>\n\t<meta name=\"twitter:data1\" content=\"1 minute\" \/>\n<script type=\"application\/ld+json\" class=\"yoast-schema-graph\">{\"@context\":\"https:\\\/\\\/schema.org\",\"@graph\":[{\"@type\":\"WebPage\",\"@id\":\"https:\\\/\\\/spinstein-casino.net\\\/fr\\\/connexion-et-inscription\\\/\",\"url\":\"https:\\\/\\\/spinstein-casino.net\\\/fr\\\/connexion-et-inscription\\\/\",\"name\":\"Spinstein Login - Acc\u00e8s s\u00e9curis\u00e9 \u00e0 l'inscription et \u00e0 la connexion\",\"isPartOf\":{\"@id\":\"https:\\\/\\\/spinstein-casino.net\\\/fr\\\/#website\"},\"datePublished\":\"2026-01-20T12:11:11+00:00\",\"dateModified\":\"2026-03-30T13:23:24+00:00\",\"description\":\"Connexion \u00e0 Spinstein : acc\u00e9dez \u00e0 votre compte en toute s\u00e9curit\u00e9 ou cr\u00e9ez-en un nouveau en quelques minutes. G\u00e9rez facilement la v\u00e9rification, la r\u00e9cup\u00e9ration de mot de passe et les param\u00e8tres de votre compte dans Spinstein.\",\"breadcrumb\":{\"@id\":\"https:\\\/\\\/spinstein-casino.net\\\/fr\\\/connexion-et-inscription\\\/#breadcrumb\"},\"inLanguage\":\"fr-FR\",\"potentialAction\":[{\"@type\":\"ReadAction\",\"target\":[\"https:\\\/\\\/spinstein-casino.net\\\/fr\\\/connexion-et-inscription\\\/\"]}]},{\"@type\":\"BreadcrumbList\",\"@id\":\"https:\\\/\\\/spinstein-casino.net\\\/fr\\\/connexion-et-inscription\\\/#breadcrumb\",\"itemListElement\":[{\"@type\":\"ListItem\",\"position\":1,\"name\":\"Spinstein\",\"item\":\"https:\\\/\\\/spinstein-casino.net\\\/fr\\\/\"},{\"@type\":\"ListItem\",\"position\":2,\"name\":\"Connexion et inscription\"}]},{\"@type\":\"WebSite\",\"@id\":\"https:\\\/\\\/spinstein-casino.net\\\/fr\\\/#website\",\"url\":\"https:\\\/\\\/spinstein-casino.net\\\/fr\\\/\",\"name\":\"Spinstein\",\"description\":\"\",\"publisher\":{\"@id\":\"https:\\\/\\\/spinstein-casino.net\\\/fr\\\/#organization\"},\"potentialAction\":[{\"@type\":\"SearchAction\",\"target\":{\"@type\":\"EntryPoint\",\"urlTemplate\":\"https:\\\/\\\/spinstein-casino.net\\\/fr\\\/?s={search_term_string}\"},\"query-input\":{\"@type\":\"PropertyValueSpecification\",\"valueRequired\":true,\"valueName\":\"search_term_string\"}}],\"inLanguage\":\"fr-FR\"},{\"@type\":\"Organization\",\"@id\":\"https:\\\/\\\/spinstein-casino.net\\\/fr\\\/#organization\",\"name\":\"Spinstein\",\"url\":\"https:\\\/\\\/spinstein-casino.net\\\/fr\\\/\",\"logo\":{\"@type\":\"ImageObject\",\"inLanguage\":\"fr-FR\",\"@id\":\"https:\\\/\\\/spinstein-casino.net\\\/fr\\\/#\\\/schema\\\/logo\\\/image\\\/\",\"url\":\"https:\\\/\\\/spinstein-casino.net\\\/wp-content\\\/uploads\\\/2026\\\/03\\\/spinstein-logo.png\",\"contentUrl\":\"https:\\\/\\\/spinstein-casino.net\\\/wp-content\\\/uploads\\\/2026\\\/03\\\/spinstein-logo.png\",\"width\":166,\"height\":40,\"caption\":\"Spinstein\"},\"image\":{\"@id\":\"https:\\\/\\\/spinstein-casino.net\\\/fr\\\/#\\\/schema\\\/logo\\\/image\\\/\"}}]}<\/script>\n<!-- \/ Yoast SEO plugin. -->","yoast_head_json":{"title":"Spinstein Login - Acc\u00e8s s\u00e9curis\u00e9 \u00e0 l'inscription et \u00e0 la connexion","description":"Connexion \u00e0 Spinstein : acc\u00e9dez \u00e0 votre compte en toute s\u00e9curit\u00e9 ou cr\u00e9ez-en un nouveau en quelques minutes. G\u00e9rez facilement la v\u00e9rification, la r\u00e9cup\u00e9ration de mot de passe et les param\u00e8tres de votre compte dans Spinstein.","robots":{"index":"index","follow":"follow","max-snippet":"max-snippet:-1","max-image-preview":"max-image-preview:large","max-video-preview":"max-video-preview:-1"},"canonical":"https:\/\/spinstein-casino.net\/fr\/connexion-et-inscription\/","og_locale":"fr_FR","og_type":"article","og_title":"Spinstein Login - Acc\u00e8s s\u00e9curis\u00e9 \u00e0 l'inscription et \u00e0 la connexion","og_description":"Connexion \u00e0 Spinstein : acc\u00e9dez \u00e0 votre compte en toute s\u00e9curit\u00e9 ou cr\u00e9ez-en un nouveau en quelques minutes. G\u00e9rez facilement la v\u00e9rification, la r\u00e9cup\u00e9ration de mot de passe et les param\u00e8tres de votre compte dans Spinstein.","og_url":"https:\/\/spinstein-casino.net\/fr\/connexion-et-inscription\/","og_site_name":"spinstein","article_modified_time":"2026-03-30T13:23:24+00:00","twitter_card":"summary_large_image","twitter_misc":{"Dur\u00e9e de lecture estim\u00e9e":"1 minute"},"schema":{"@context":"https:\/\/schema.org","@graph":[{"@type":"WebPage","@id":"https:\/\/spinstein-casino.net\/fr\/connexion-et-inscription\/","url":"https:\/\/spinstein-casino.net\/fr\/connexion-et-inscription\/","name":"Spinstein Login - Acc\u00e8s s\u00e9curis\u00e9 \u00e0 l'inscription et \u00e0 la connexion","isPartOf":{"@id":"https:\/\/spinstein-casino.net\/fr\/#website"},"datePublished":"2026-01-20T12:11:11+00:00","dateModified":"2026-03-30T13:23:24+00:00","description":"Connexion \u00e0 Spinstein : acc\u00e9dez \u00e0 votre compte en toute s\u00e9curit\u00e9 ou cr\u00e9ez-en un nouveau en quelques minutes. G\u00e9rez facilement la v\u00e9rification, la r\u00e9cup\u00e9ration de mot de passe et les param\u00e8tres de votre compte dans Spinstein.","breadcrumb":{"@id":"https:\/\/spinstein-casino.net\/fr\/connexion-et-inscription\/#breadcrumb"},"inLanguage":"fr-FR","potentialAction":[{"@type":"ReadAction","target":["https:\/\/spinstein-casino.net\/fr\/connexion-et-inscription\/"]}]},{"@type":"BreadcrumbList","@id":"https:\/\/spinstein-casino.net\/fr\/connexion-et-inscription\/#breadcrumb","itemListElement":[{"@type":"ListItem","position":1,"name":"Spinstein","item":"https:\/\/spinstein-casino.net\/fr\/"},{"@type":"ListItem","position":2,"name":"Connexion et inscription"}]},{"@type":"WebSite","@id":"https:\/\/spinstein-casino.net\/fr\/#website","url":"https:\/\/spinstein-casino.net\/fr\/","name":"Spinstein","description":"","publisher":{"@id":"https:\/\/spinstein-casino.net\/fr\/#organization"},"potentialAction":[{"@type":"SearchAction","target":{"@type":"EntryPoint","urlTemplate":"https:\/\/spinstein-casino.net\/fr\/?s={search_term_string}"},"query-input":{"@type":"PropertyValueSpecification","valueRequired":true,"valueName":"search_term_string"}}],"inLanguage":"fr-FR"},{"@type":"Organization","@id":"https:\/\/spinstein-casino.net\/fr\/#organization","name":"Spinstein","url":"https:\/\/spinstein-casino.net\/fr\/","logo":{"@type":"ImageObject","inLanguage":"fr-FR","@id":"https:\/\/spinstein-casino.net\/fr\/#\/schema\/logo\/image\/","url":"https:\/\/spinstein-casino.net\/wp-content\/uploads\/2026\/03\/spinstein-logo.png","contentUrl":"https:\/\/spinstein-casino.net\/wp-content\/uploads\/2026\/03\/spinstein-logo.png","width":166,"height":40,"caption":"Spinstein"},"image":{"@id":"https:\/\/spinstein-casino.net\/fr\/#\/schema\/logo\/image\/"}}]}},"_links":{"self":[{"href":"https:\/\/spinstein-casino.net\/fr\/wp-json\/wp\/v2\/pages\/1482","targetHints":{"allow":["GET"]}}],"collection":[{"href":"https:\/\/spinstein-casino.net\/fr\/wp-json\/wp\/v2\/pages"}],"about":[{"href":"https:\/\/spinstein-casino.net\/fr\/wp-json\/wp\/v2\/types\/page"}],"author":[{"embeddable":true,"href":"https:\/\/spinstein-casino.net\/fr\/wp-json\/wp\/v2\/users\/1"}],"replies":[{"embeddable":true,"href":"https:\/\/spinstein-casino.net\/fr\/wp-json\/wp\/v2\/comments?post=1482"}],"version-history":[{"count":3,"href":"https:\/\/spinstein-casino.net\/fr\/wp-json\/wp\/v2\/pages\/1482\/revisions"}],"predecessor-version":[{"id":2049,"href":"https:\/\/spinstein-casino.net\/fr\/wp-json\/wp\/v2\/pages\/1482\/revisions\/2049"}],"wp:attachment":[{"href":"https:\/\/spinstein-casino.net\/fr\/wp-json\/wp\/v2\/media?parent=1482"}],"curies":[{"name":"wp","href":"https:\/\/api.w.org\/{rel}","templated":true}]}}