{"id":1440,"date":"2026-01-20T12:08:23","date_gmt":"2026-01-20T12:08:23","guid":{"rendered":"https:\/\/bonuskongcasino.com\/app\/"},"modified":"2026-03-30T14:01:22","modified_gmt":"2026-03-30T13:01:22","slug":"app","status":"publish","type":"page","link":"https:\/\/spinstein-casino.net\/fr\/app\/","title":{"rendered":"App"},"content":{"rendered":"<h1>Plateforme mobile Spinstein<\/h1>\n<p>Spinstein App facilite consid\u00e9rablement votre exp\u00e9rience de jeu. Elle fonctionne sur tous les appareils modernes et vous permet de jouer o\u00f9 que vous soyez. Que vous ayez un t\u00e9l\u00e9phone Android ou iOS, le jeu se chargera rapidement et fonctionnera parfaitement. Toutes les fonctionnalit\u00e9s, le design et la navigation vous seront familiers, car ils sont similaires \u00e0 ceux du site web principal sur PC. Vous pouvez l&rsquo;installer rapidement et facilement depuis le site web de Spinstein.<\/p>\n<div class=\"banner-wrap\" aria-label=\"Banner\"><img src=\"https:\/\/spinstein-casino.net\/wp-content\/uploads\/2026\/03\/Spinstein-banner-carousel-800\u0445400.webp\" class=\"w-100 d-none d-lg-block img-pc main-banner-img\" alt=\"spinstein banner desktop\" fetchpriority=\"high\" decoding=\"async\"><img src=\"https:\/\/spinstein-casino.net\/wp-content\/uploads\/2026\/03\/spinstein-banner-mobile.webp\" class=\"w-100 d-none d-md-block d-lg-none main-banner-img\" alt=\"spinstein banner mobile\" fetchpriority=\"high\" decoding=\"async\"><img src=\"https:\/\/spinstein-casino.net\/wp-content\/uploads\/2026\/03\/spinstein-banner-mobile.webp\" class=\"w-100 d-md-none\" alt=\"spinstein banner mobile\" fetchpriority=\"high\" decoding=\"async\"><div class=\"banner-description\">\n<div class=\"banner-title\">Bonus de bienvenue<\/div>\n<p class=\"banner-header-title\">1500 \u20ac<\/p>\n<div class=\"banner-header-AdditionalText\">+ 250 Tours gratuits<\/div>\n<button data-item=\"homepage_banner_link\" class=\"goto m-button m-gradient-border m-button--primary m-button--large banner-button btn-orange\">\n            <div class=\"m-button-content\">\n                <span>Inscrivez-vous d\u00e8s maintenant<\/span>\n                <span><\/span>\n            <\/div>\n        <\/button>\n<\/div>\n<div class=\"WelcomePack\">\n<p><img loading=\"lazy\" decoding=\"async\" class=\"alignnone size-full wp-image-1852\" src=\"https:\/\/spinstein-casino.net\/wp-content\/uploads\/2026\/03\/welcome-crown.png\" alt=\"crown\" width=\"25\" height=\"26\" \/><\/p>\n<div class=\"WelcomePack-Info\">Cashback hebdomadaire jusqu&rsquo;\u00e0 25 %<\/div>\n<p><img loading=\"lazy\" decoding=\"async\" class=\"alignnone size-full wp-image-1852\" src=\"https:\/\/spinstein-casino.net\/wp-content\/uploads\/2026\/03\/welcome-crown.png\" alt=\"crown\" width=\"25\" height=\"26\" \/><\/p>\n<\/div>\n<\/div>\n<h2>Application Spinstein \u2013 Principales fonctionnalit\u00e9s<\/h2>\n<p>Plus de la moiti\u00e9 des clients du casino Spinstein aiment jouer sur leur t\u00e9l\u00e9phone. Il n&rsquo;est gu\u00e8re surprenant que les gens souhaitent rester flexibles et \u00eatre en ligne o\u00f9 qu&rsquo;ils se trouvent. Tous les clients ont deux choix simples : la version pour navigateur mobile et l&rsquo;application Spinstein.<\/p>\n<table>\n<tbody>\n<tr>\n<td>Fonctionnalit\u00e9<\/td>\n<td>R\u00e9alit\u00e9 technique<\/td>\n<td>Ce que cela signifie<\/td>\n<\/tr>\n<tr>\n<td>Une interface qui fonctionne bien sur les appareils mobiles<\/td>\n<td>Pour faciliter la navigation au pouce, chaque bouton, menu et \u00e9l\u00e9ment de jeu est r\u00e9duit et repositionn\u00e9.<\/td>\n<td>Fini les erreurs de s\u00e9lection : tout est d\u00e9sormais \u00e0 la bonne taille et espac\u00e9 pour s&rsquo;adapter aux doigts.<\/td>\n<\/tr>\n<tr>\n<td>Chargement rapide des jeux<\/td>\n<td>Gr\u00e2ce \u00e0 une mise en cache intelligente et \u00e0 des ressources compress\u00e9es, les jeux se chargent en arri\u00e8re-plan avant m\u00eame que vous ne cliquiez dessus.<\/td>\n<td>Le temps d&rsquo;attente entre les parties est r\u00e9duit, ce qui permet de maintenir le rythme de l&rsquo;action.<\/td>\n<\/tr>\n<tr>\n<td>Performances constantes<\/td>\n<td>Les programmes en arri\u00e8re-plan sont ralentis et les coupures de connexion sont g\u00e9r\u00e9es en douceur.<\/td>\n<td>Les jeux Spin Stein fonctionnent sans \u00e0-coups, sans latence ni interruption, m\u00eame lorsque la connexion Wi-Fi n&rsquo;est pas stable.<\/td>\n<\/tr>\n<tr>\n<td>Des commandes qui r\u00e9agissent au toucher<\/td>\n<td>Les zones de d\u00e9tection des touches ont \u00e9t\u00e9 agrandies par rapport \u00e0 ce que vous voyez, de sorte que les tapotements sont enregistr\u00e9s m\u00eame lorsque votre vis\u00e9e est l\u00e9g\u00e8rement d\u00e9cal\u00e9e.<\/td>\n<td>Les tapotements et le d\u00e9filement fonctionnent parfaitement, sans d\u00e9lai ni frustration li\u00e9e \u00e0 des commandes manqu\u00e9es aux moments importants.<\/td>\n<\/tr>\n<tr>\n<td>Sessions mobiles s\u00e9curis\u00e9es<\/td>\n<td>Le chiffrement de bout en bout prot\u00e8ge chaque bit de donn\u00e9es \u00e9chang\u00e9 entre les t\u00e9l\u00e9phones et les serveurs de Spinstein Casino.<\/td>\n<td>Le processus de connexion et vos informations personnelles sont s\u00e9curis\u00e9s, m\u00eame sur les r\u00e9seaux Wi-Fi publics.<\/td>\n<\/tr>\n<tr>\n<td>Mises \u00e0 jour automatiques<\/td>\n<td>Lorsque vous ouvrez une application web progressive, elle t\u00e9l\u00e9charge discr\u00e8tement les derni\u00e8res fonctionnalit\u00e9s en arri\u00e8re-plan.<\/td>\n<td>Vous avez toujours acc\u00e8s \u00e0 la derni\u00e8re version sans avoir \u00e0 la t\u00e9l\u00e9charger manuellement, \u00e0 obtenir l&rsquo;autorisation de l&rsquo;App Store ou \u00e0 vous soucier de l&rsquo;espace de stockage.<\/td>\n<\/tr>\n<\/tbody>\n<\/table>\n<h3>S\u00e9curit\u00e9 de vos donn\u00e9es<\/h3>\n<p>Votre s\u00e9curit\u00e9 est la priorit\u00e9 absolue lorsque vous utilisez la version mobile de l&rsquo;application Spinstein. Les pare-feu d&rsquo;applications web (WAF) prot\u00e8gent contre les bots et autres activit\u00e9s suspectes sur les appareils mobiles. La plateforme surveille en permanence l&rsquo;activit\u00e9 pour pr\u00e9venir la fraude.<\/p>\n<p>Les joueurs peuvent contacter l&rsquo;\u00e9quipe d&rsquo;assistance \u00e0 tout moment pour toute question relative \u00e0 la s\u00e9curit\u00e9 ou \u00e0 tout autre sujet. L&rsquo;application Spinstein Casino propose une option de chat en direct qui fournit des r\u00e9ponses en quelques minutes.<\/p>\n<p><div class=\"scrollable-content-wrap my-5\"><div class=\"scrollable-content-inner\"><h2>Jouer sur Android avec une exp\u00e9rience de jeu fluide<\/h2>\n<p>Lorsque les clients jouent sur Android chez Spinstein, ils b\u00e9n\u00e9ficient d&rsquo;un environnement de jeu rapide, stable et enti\u00e8rement optimis\u00e9, sp\u00e9cialement con\u00e7u pour les appareils mobiles. La plateforme est compatible avec toutes les nouvelles versions d&rsquo;Android. Le logiciel a \u00e9t\u00e9 con\u00e7u pour r\u00e9duire au minimum les temps de chargement et la consommation de donn\u00e9es.<\/p>\n<p>Les commandes tactiles du casino mobile Spin Stein ont \u00e9t\u00e9 con\u00e7ues pour \u00eatre pr\u00e9cises. Vous pouvez placer des paris, faire tourner les rouleaux et retirer vos gains rapidement et facilement gr\u00e2ce \u00e0 elles. Tous les processus en arri\u00e8re-plan ont \u00e9t\u00e9 optimis\u00e9s pour garantir la stabilit\u00e9 de votre session, m\u00eame pendant de longues sessions de jeu.<\/p>\n<p>Pour installer le programme sans aucun probl\u00e8me, il vous suffit de suivre les \u00e9tapes ci-dessous :<\/p>\n<ol>\n<li>Si vous utilisez Chrome lorsque vous \u00eates sur le site web du casino Spinstein, cliquez sur le bouton \u00ab Plus \u00bb dans la barre d&rsquo;adresse.<\/li>\n<li>Les utilisateurs doivent s\u00e9lectionner \u00ab Ajouter \u00e0 l&rsquo;\u00e9cran d&rsquo;accueil \u00bb dans la liste.<\/li>\n<li>Vous pouvez modifier le nom et l&rsquo;apparence de l&rsquo;ic\u00f4ne pour la personnaliser.<\/li>\n<li>Il vous suffit d&rsquo;appuyer sur \u00ab Ajouter \u00bb pour valider vos actions.<\/li>\n<\/ol>\n<p><img loading=\"lazy\" decoding=\"async\" class=\"alignnone size-full wp-image-1924\" src=\"https:\/\/spinstein-casino.net\/wp-content\/uploads\/2026\/03\/Spinstein-Android-App.webp\" alt=\"Spinstein Android App\" width=\"1248\" height=\"536\" srcset=\"https:\/\/spinstein-casino.net\/wp-content\/uploads\/2026\/03\/Spinstein-Android-App.webp 1248w, https:\/\/spinstein-casino.net\/wp-content\/uploads\/2026\/03\/Spinstein-Android-App-300x129.webp 300w, https:\/\/spinstein-casino.net\/wp-content\/uploads\/2026\/03\/Spinstein-Android-App-1024x440.webp 1024w, https:\/\/spinstein-casino.net\/wp-content\/uploads\/2026\/03\/Spinstein-Android-App-768x330.webp 768w\" sizes=\"auto, (max-width: 1248px) 100vw, 1248px\" \/><\/p>\n<\/div><\/div><div style=\"clear: both\"><\/div><div class=\"d-flex justify-content-center\"><button data-item=\"decouvrez_link\" data-group=\"website_links\" class=\"goto fw-bold rounded-pill btn btn-orange\" aria-label=\"T\u00e9l\u00e9chargez l&#039;application Spinstein\" >T\u00e9l\u00e9chargez l&#039;application Spinstein<\/button><\/div><div class=\"scrollable-content-wrap my-5\"><div class=\"scrollable-content-inner\"><h2>Application mobile pour iOS<\/h2>\n<p>Tous les joueurs iOS peuvent acc\u00e9der rapidement au casino mobile \u00e0 l&rsquo;aide de n&rsquo;importe quel navigateur sur leur t\u00e9l\u00e9phone ou leur tablette. Tous les jeux, tels que les machines \u00e0 sous en ligne, les jeux de table et les jeux de casino en direct, s&rsquo;adaptent automatiquement \u00e0 la taille et \u00e0 la r\u00e9solution de votre \u00e9cran. Il n&rsquo;y a aucune limite, et toutes les fonctionnalit\u00e9s seront disponibles sur votre appareil.<\/p>\n<p>Vous pouvez utiliser soit la version Web, soit l&rsquo;application Spinstein. Les joueurs peuvent m\u00eame les combiner en utilisant le m\u00eame compte Spinstein Casino sans aucun probl\u00e8me.<\/p>\n<h3>Instructions d&rsquo;installation<\/h3>\n<p>L&rsquo;application mobile utilise uniquement des donn\u00e9es mises en cache, les clients n&rsquo;ont donc pas \u00e0 s&rsquo;inqui\u00e9ter d&rsquo;un manque d&rsquo;espace sur leur appareil. Suivez ces \u00e9tapes pour installer l&rsquo;application Spin Stein :<\/p>\n<ol>\n<li>L&rsquo;application Raccourcis est d\u00e9j\u00e0 install\u00e9e sur votre iPhone. Vous devez d&rsquo;abord la lancer.<\/li>\n<li>Dans le coin sup\u00e9rieur droit, vous devriez voir l&rsquo;ic\u00f4ne en forme de signe plus (+). Lorsque vous appuyez dessus, un nouveau raccourci est cr\u00e9\u00e9. Ensuite, appuyez sur le bouton \u00ab Ajouter une action \u00bb et tapez \u00ab Spinstein \u00bb.<\/li>\n<li>Les r\u00e9sultats de recherche ci-dessous devraient afficher l&rsquo;application que vous recherchez. Vous pouvez la s\u00e9lectionner dans cette liste.<\/li>\n<li>Cliquez ensuite sur la petite fl\u00e8che vers le bas \u00e0 c\u00f4t\u00e9 du nom du raccourci. Choisissez \u00ab Ajouter \u00e0 l&rsquo;\u00e9cran d&rsquo;accueil \u00bb dans la liste des options qui s&rsquo;affiche.<\/li>\n<li>Si vous souhaitez faire preuve de cr\u00e9ativit\u00e9, vous pouvez choisir une photo personnalis\u00e9e pour votre ic\u00f4ne si celle par d\u00e9faut vous semble ennuyeuse. Donnez-lui un nom, puis appuyez sur le bouton \u00ab Ajouter \u00bb.<\/li>\n<li>L&rsquo;ic\u00f4ne Spinstein appara\u00eet sur votre \u00e9cran d&rsquo;accueil, juste \u00e0 c\u00f4t\u00e9 de toutes vos autres applications.<\/li>\n<\/ol>\n<p><img loading=\"lazy\" decoding=\"async\" class=\"alignnone size-full wp-image-1932\" src=\"https:\/\/spinstein-casino.net\/wp-content\/uploads\/2026\/03\/Spinstein-iOS-App.webp\" alt=\"Spinstein iOS App\" width=\"1248\" height=\"536\" srcset=\"https:\/\/spinstein-casino.net\/wp-content\/uploads\/2026\/03\/Spinstein-iOS-App.webp 1248w, https:\/\/spinstein-casino.net\/wp-content\/uploads\/2026\/03\/Spinstein-iOS-App-300x129.webp 300w, https:\/\/spinstein-casino.net\/wp-content\/uploads\/2026\/03\/Spinstein-iOS-App-1024x440.webp 1024w, https:\/\/spinstein-casino.net\/wp-content\/uploads\/2026\/03\/Spinstein-iOS-App-768x330.webp 768w\" sizes=\"auto, (max-width: 1248px) 100vw, 1248px\" \/><\/p>\n<\/div><\/div><div style=\"clear: both\"><\/div><div class=\"d-flex justify-content-center\"><button data-item=\"decouvrez_link\" data-group=\"website_links\" class=\"goto fw-bold rounded-pill btn btn-orange\" aria-label=\"T\u00e9l\u00e9charger Spinstein\" >T\u00e9l\u00e9charger Spinstein<\/button><\/div><div class=\"scrollable-content-wrap my-5\"><div class=\"scrollable-content-inner\"><h2>Options Spinstein pour Windows et macOS<\/h2>\n<p>Si vous jouez sur Spin Stein Casino depuis votre PC ou votre ordinateur portable, vous n&rsquo;aurez aucun probl\u00e8me. Vous n&rsquo;avez pas besoin d&rsquo;installer de logiciel suppl\u00e9mentaire. Vous pouvez toujours acc\u00e9der au site web depuis n&rsquo;importe quel navigateur.<\/p>\n<p>Vous pouvez installer une ic\u00f4ne de raccourci sur le bureau de votre ordinateur si vous souhaitez acc\u00e9der au site web en un seul clic. Pour ce faire, rendez-vous dans les param\u00e8tres de votre navigateur. Si vous rencontrez des difficult\u00e9s pour installer l&rsquo;ic\u00f4ne de l&rsquo;application Spinstein, vous pouvez obtenir de l&rsquo;aide imm\u00e9diatement via le chat en direct ou par e-mail.<\/p>\n<p><img loading=\"lazy\" decoding=\"async\" class=\"alignnone size-full wp-image-1940\" src=\"https:\/\/spinstein-casino.net\/wp-content\/uploads\/2026\/03\/Spinstein-Desktop.webp\" alt=\"Spinstein Desktop\" width=\"1248\" height=\"536\" srcset=\"https:\/\/spinstein-casino.net\/wp-content\/uploads\/2026\/03\/Spinstein-Desktop.webp 1248w, https:\/\/spinstein-casino.net\/wp-content\/uploads\/2026\/03\/Spinstein-Desktop-300x129.webp 300w, https:\/\/spinstein-casino.net\/wp-content\/uploads\/2026\/03\/Spinstein-Desktop-1024x440.webp 1024w, https:\/\/spinstein-casino.net\/wp-content\/uploads\/2026\/03\/Spinstein-Desktop-768x330.webp 768w\" sizes=\"auto, (max-width: 1248px) 100vw, 1248px\" \/><\/p>\n<\/div><\/div><div style=\"clear: both\"><\/div><div class=\"d-flex justify-content-center\"><button data-item=\"decouvrez_link\" data-group=\"website_links\" class=\"goto fw-bold rounded-pill btn btn-orange\" aria-label=\"T\u00e9l\u00e9chargez l&#039;application Spinstein\" >T\u00e9l\u00e9chargez l&#039;application Spinstein<\/button><\/div><div class=\"scrollable-content-wrap my-5\"><div class=\"scrollable-content-inner\"><h2>FAQ<\/h2>\n<h3>Puis-je effectuer l&rsquo;inscription dans l&rsquo;application Spinstein ?<\/h3>\n<p>Si vous \u00eates nouveau sur le casino en ligne Spinstein et que vous souhaitez commencer par l&rsquo;application, l&rsquo;inscription y est tr\u00e8s simple. La proc\u00e9dure est la m\u00eame et ne n\u00e9cessite que votre adresse e-mail et votre mot de passe. Par mesure de s\u00e9curit\u00e9, vous devez terminer le processus de v\u00e9rification avant de pouvoir effectuer votre premier retrait.<\/p>\n<h3>Est-il possible de jouer aux jeux de casino en direct de Spinstein sur un smartphone ?<\/h3>\n<p>Vous pouvez toujours jouer \u00e0 tous les jeux de la collection, qui compte plus de 6 000 titres, sur votre smartphone ou votre tablette. Elle propose \u00e9galement des jeux pour le casino en direct. Spinstein utilise des fonctionnalit\u00e9s tactiles sp\u00e9cifiques pour s&rsquo;assurer que votre exp\u00e9rience de jeu soit toujours simple et agr\u00e9able, quel que soit l&rsquo;appareil que vous utilisez.<\/p>\n<h3>Comment saurai-je que l&rsquo;application mobile a besoin d&rsquo;une mise \u00e0 jour ?<\/h3>\n<p>Vous n&rsquo;avez rien \u00e0 faire pour que l&rsquo;application PWA de Spinstein Casino se mette \u00e0 jour. Des notifications push et des e-mails informent toujours les utilisateurs des changements apport\u00e9s \u00e0 la plateforme, afin que vous ne soyez jamais pris au d\u00e9pourvu.<\/p>\n<\/div><\/div><\/p>\n","protected":false},"excerpt":{"rendered":"<p>Plateforme mobile Spinstein Spinstein App facilite consid\u00e9rablement votre exp\u00e9rience de jeu. Elle fonctionne sur tous les appareils modernes et vous permet de jouer o\u00f9 que vous soyez. Que vous ayez un t\u00e9l\u00e9phone Android ou iOS, le jeu se chargera rapidement et fonctionnera parfaitement. Toutes les fonctionnalit\u00e9s, le design et la navigation vous seront familiers, car [&hellip;]<\/p>\n","protected":false},"author":1,"featured_media":0,"parent":0,"menu_order":0,"comment_status":"closed","ping_status":"closed","template":"template-builder.php","meta":{"_acf_changed":false,"inline_featured_image":false,"footnotes":""},"class_list":["post-1440","page","type-page","status-publish","hentry"],"acf":[],"yoast_head":"<!-- This site is optimized with the Yoast SEO plugin v27.3 - https:\/\/yoast.com\/product\/yoast-seo-wordpress\/ -->\n<title>T\u00e9l\u00e9chargement de l&#039;application Spinstein | iOS, Android et ordinateur de bureau<\/title>\n<meta name=\"description\" content=\"Installez l&#039;application Spinstein sur iOS, Android, Windows et macOS pour jouer \u00e0 plus de 6 000 jeux de casino o\u00f9 que vous soyez. Performances fluides, synchronisation des comptes et assistance 24 h\/24, 7 j\/7 : tout cela dans Spinstein.\" \/>\n<meta name=\"robots\" content=\"index, follow, max-snippet:-1, max-image-preview:large, max-video-preview:-1\" \/>\n<link rel=\"canonical\" href=\"https:\/\/spinstein-casino.net\/fr\/app\/\" \/>\n<meta property=\"og:locale\" content=\"fr_FR\" \/>\n<meta property=\"og:type\" content=\"article\" \/>\n<meta property=\"og:title\" content=\"T\u00e9l\u00e9chargement de l&#039;application Spinstein | iOS, Android et ordinateur de bureau\" \/>\n<meta property=\"og:description\" content=\"Installez l&#039;application Spinstein sur iOS, Android, Windows et macOS pour jouer \u00e0 plus de 6 000 jeux de casino o\u00f9 que vous soyez. Performances fluides, synchronisation des comptes et assistance 24 h\/24, 7 j\/7 : tout cela dans Spinstein.\" \/>\n<meta property=\"og:url\" content=\"https:\/\/spinstein-casino.net\/fr\/app\/\" \/>\n<meta property=\"og:site_name\" content=\"spinstein\" \/>\n<meta property=\"article:modified_time\" content=\"2026-03-30T13:01:22+00:00\" \/>\n<meta name=\"twitter:card\" content=\"summary_large_image\" \/>\n<meta name=\"twitter:label1\" content=\"Dur\u00e9e de lecture estim\u00e9e\" \/>\n\t<meta name=\"twitter:data1\" content=\"3 minutes\" \/>\n<script type=\"application\/ld+json\" class=\"yoast-schema-graph\">{\"@context\":\"https:\\\/\\\/schema.org\",\"@graph\":[{\"@type\":\"WebPage\",\"@id\":\"https:\\\/\\\/spinstein-casino.net\\\/fr\\\/app\\\/\",\"url\":\"https:\\\/\\\/spinstein-casino.net\\\/fr\\\/app\\\/\",\"name\":\"T\u00e9l\u00e9chargement de l'application Spinstein | iOS, Android et ordinateur de bureau\",\"isPartOf\":{\"@id\":\"https:\\\/\\\/spinstein-casino.net\\\/fr\\\/#website\"},\"datePublished\":\"2026-01-20T12:08:23+00:00\",\"dateModified\":\"2026-03-30T13:01:22+00:00\",\"description\":\"Installez l'application Spinstein sur iOS, Android, Windows et macOS pour jouer \u00e0 plus de 6 000 jeux de casino o\u00f9 que vous soyez. Performances fluides, synchronisation des comptes et assistance 24 h\\\/24, 7 j\\\/7 : tout cela dans Spinstein.\",\"breadcrumb\":{\"@id\":\"https:\\\/\\\/spinstein-casino.net\\\/fr\\\/app\\\/#breadcrumb\"},\"inLanguage\":\"fr-FR\",\"potentialAction\":[{\"@type\":\"ReadAction\",\"target\":[\"https:\\\/\\\/spinstein-casino.net\\\/fr\\\/app\\\/\"]}]},{\"@type\":\"BreadcrumbList\",\"@id\":\"https:\\\/\\\/spinstein-casino.net\\\/fr\\\/app\\\/#breadcrumb\",\"itemListElement\":[{\"@type\":\"ListItem\",\"position\":1,\"name\":\"Spinstein\",\"item\":\"https:\\\/\\\/spinstein-casino.net\\\/fr\\\/\"},{\"@type\":\"ListItem\",\"position\":2,\"name\":\"App\"}]},{\"@type\":\"WebSite\",\"@id\":\"https:\\\/\\\/spinstein-casino.net\\\/fr\\\/#website\",\"url\":\"https:\\\/\\\/spinstein-casino.net\\\/fr\\\/\",\"name\":\"Spinstein\",\"description\":\"\",\"publisher\":{\"@id\":\"https:\\\/\\\/spinstein-casino.net\\\/fr\\\/#organization\"},\"potentialAction\":[{\"@type\":\"SearchAction\",\"target\":{\"@type\":\"EntryPoint\",\"urlTemplate\":\"https:\\\/\\\/spinstein-casino.net\\\/fr\\\/?s={search_term_string}\"},\"query-input\":{\"@type\":\"PropertyValueSpecification\",\"valueRequired\":true,\"valueName\":\"search_term_string\"}}],\"inLanguage\":\"fr-FR\"},{\"@type\":\"Organization\",\"@id\":\"https:\\\/\\\/spinstein-casino.net\\\/fr\\\/#organization\",\"name\":\"Spinstein\",\"url\":\"https:\\\/\\\/spinstein-casino.net\\\/fr\\\/\",\"logo\":{\"@type\":\"ImageObject\",\"inLanguage\":\"fr-FR\",\"@id\":\"https:\\\/\\\/spinstein-casino.net\\\/fr\\\/#\\\/schema\\\/logo\\\/image\\\/\",\"url\":\"https:\\\/\\\/spinstein-casino.net\\\/wp-content\\\/uploads\\\/2026\\\/03\\\/spinstein-logo.png\",\"contentUrl\":\"https:\\\/\\\/spinstein-casino.net\\\/wp-content\\\/uploads\\\/2026\\\/03\\\/spinstein-logo.png\",\"width\":166,\"height\":40,\"caption\":\"Spinstein\"},\"image\":{\"@id\":\"https:\\\/\\\/spinstein-casino.net\\\/fr\\\/#\\\/schema\\\/logo\\\/image\\\/\"}}]}<\/script>\n<!-- \/ Yoast SEO plugin. -->","yoast_head_json":{"title":"T\u00e9l\u00e9chargement de l'application Spinstein | iOS, Android et ordinateur de bureau","description":"Installez l'application Spinstein sur iOS, Android, Windows et macOS pour jouer \u00e0 plus de 6 000 jeux de casino o\u00f9 que vous soyez. Performances fluides, synchronisation des comptes et assistance 24 h\/24, 7 j\/7 : tout cela dans Spinstein.","robots":{"index":"index","follow":"follow","max-snippet":"max-snippet:-1","max-image-preview":"max-image-preview:large","max-video-preview":"max-video-preview:-1"},"canonical":"https:\/\/spinstein-casino.net\/fr\/app\/","og_locale":"fr_FR","og_type":"article","og_title":"T\u00e9l\u00e9chargement de l'application Spinstein | iOS, Android et ordinateur de bureau","og_description":"Installez l'application Spinstein sur iOS, Android, Windows et macOS pour jouer \u00e0 plus de 6 000 jeux de casino o\u00f9 que vous soyez. Performances fluides, synchronisation des comptes et assistance 24 h\/24, 7 j\/7 : tout cela dans Spinstein.","og_url":"https:\/\/spinstein-casino.net\/fr\/app\/","og_site_name":"spinstein","article_modified_time":"2026-03-30T13:01:22+00:00","twitter_card":"summary_large_image","twitter_misc":{"Dur\u00e9e de lecture estim\u00e9e":"3 minutes"},"schema":{"@context":"https:\/\/schema.org","@graph":[{"@type":"WebPage","@id":"https:\/\/spinstein-casino.net\/fr\/app\/","url":"https:\/\/spinstein-casino.net\/fr\/app\/","name":"T\u00e9l\u00e9chargement de l'application Spinstein | iOS, Android et ordinateur de bureau","isPartOf":{"@id":"https:\/\/spinstein-casino.net\/fr\/#website"},"datePublished":"2026-01-20T12:08:23+00:00","dateModified":"2026-03-30T13:01:22+00:00","description":"Installez l'application Spinstein sur iOS, Android, Windows et macOS pour jouer \u00e0 plus de 6 000 jeux de casino o\u00f9 que vous soyez. Performances fluides, synchronisation des comptes et assistance 24 h\/24, 7 j\/7 : tout cela dans Spinstein.","breadcrumb":{"@id":"https:\/\/spinstein-casino.net\/fr\/app\/#breadcrumb"},"inLanguage":"fr-FR","potentialAction":[{"@type":"ReadAction","target":["https:\/\/spinstein-casino.net\/fr\/app\/"]}]},{"@type":"BreadcrumbList","@id":"https:\/\/spinstein-casino.net\/fr\/app\/#breadcrumb","itemListElement":[{"@type":"ListItem","position":1,"name":"Spinstein","item":"https:\/\/spinstein-casino.net\/fr\/"},{"@type":"ListItem","position":2,"name":"App"}]},{"@type":"WebSite","@id":"https:\/\/spinstein-casino.net\/fr\/#website","url":"https:\/\/spinstein-casino.net\/fr\/","name":"Spinstein","description":"","publisher":{"@id":"https:\/\/spinstein-casino.net\/fr\/#organization"},"potentialAction":[{"@type":"SearchAction","target":{"@type":"EntryPoint","urlTemplate":"https:\/\/spinstein-casino.net\/fr\/?s={search_term_string}"},"query-input":{"@type":"PropertyValueSpecification","valueRequired":true,"valueName":"search_term_string"}}],"inLanguage":"fr-FR"},{"@type":"Organization","@id":"https:\/\/spinstein-casino.net\/fr\/#organization","name":"Spinstein","url":"https:\/\/spinstein-casino.net\/fr\/","logo":{"@type":"ImageObject","inLanguage":"fr-FR","@id":"https:\/\/spinstein-casino.net\/fr\/#\/schema\/logo\/image\/","url":"https:\/\/spinstein-casino.net\/wp-content\/uploads\/2026\/03\/spinstein-logo.png","contentUrl":"https:\/\/spinstein-casino.net\/wp-content\/uploads\/2026\/03\/spinstein-logo.png","width":166,"height":40,"caption":"Spinstein"},"image":{"@id":"https:\/\/spinstein-casino.net\/fr\/#\/schema\/logo\/image\/"}}]}},"_links":{"self":[{"href":"https:\/\/spinstein-casino.net\/fr\/wp-json\/wp\/v2\/pages\/1440","targetHints":{"allow":["GET"]}}],"collection":[{"href":"https:\/\/spinstein-casino.net\/fr\/wp-json\/wp\/v2\/pages"}],"about":[{"href":"https:\/\/spinstein-casino.net\/fr\/wp-json\/wp\/v2\/types\/page"}],"author":[{"embeddable":true,"href":"https:\/\/spinstein-casino.net\/fr\/wp-json\/wp\/v2\/users\/1"}],"replies":[{"embeddable":true,"href":"https:\/\/spinstein-casino.net\/fr\/wp-json\/wp\/v2\/comments?post=1440"}],"version-history":[{"count":3,"href":"https:\/\/spinstein-casino.net\/fr\/wp-json\/wp\/v2\/pages\/1440\/revisions"}],"predecessor-version":[{"id":2047,"href":"https:\/\/spinstein-casino.net\/fr\/wp-json\/wp\/v2\/pages\/1440\/revisions\/2047"}],"wp:attachment":[{"href":"https:\/\/spinstein-casino.net\/fr\/wp-json\/wp\/v2\/media?parent=1440"}],"curies":[{"name":"wp","href":"https:\/\/api.w.org\/{rel}","templated":true}]}}