{"id":1487,"date":"2026-01-20T12:11:11","date_gmt":"2026-01-20T12:11:11","guid":{"rendered":"https:\/\/bonuskongcasino.com\/login-and-registration\/"},"modified":"2026-03-30T15:18:52","modified_gmt":"2026-03-30T14:18:52","slug":"inicio-de-sesion-y-registro","status":"publish","type":"page","link":"https:\/\/spinstein-casino.net\/es\/inicio-de-sesion-y-registro\/","title":{"rendered":"Inicio de sesi\u00f3n y Registro"},"content":{"rendered":"<h1>Inicio de sesi\u00f3n y registro en Spinstein<\/h1>\n<p>Una vez que hayas completado el Spinstein login, podr\u00e1s empezar a jugar con dinero real en un entorno seguro. Si no tienes una cuenta, no podr\u00e1s utilizar todas las funciones. El registro abre todas las puertas a los jugadores espa\u00f1oles: juegos, bonos, pagos y servicio de atenci\u00f3n al cliente est\u00e1n disponibles de inmediato.<\/p>\n<p><div class=\"banner-wrap\" aria-label=\"Banner\"><img src=\"https:\/\/spinstein-casino.net\/wp-content\/uploads\/2026\/03\/Spinstein-banner-carousel-800\u0445400.webp\" class=\"w-100 d-none d-lg-block img-pc main-banner-img\" alt=\"spinstein banner desktop\" fetchpriority=\"high\" decoding=\"async\"><img src=\"https:\/\/spinstein-casino.net\/wp-content\/uploads\/2026\/03\/spinstein-banner-mobile.webp\" class=\"w-100 d-none d-md-block d-lg-none main-banner-img\" alt=\"spinstein banner mobile\" fetchpriority=\"high\" decoding=\"async\"><img src=\"https:\/\/spinstein-casino.net\/wp-content\/uploads\/2026\/03\/spinstein-banner-mobile.webp\" class=\"w-100 d-md-none\" alt=\"spinstein banner mobile\" fetchpriority=\"high\" decoding=\"async\"><div class=\"banner-description\">\n<div class=\"banner-title\">Bonos de bienvenida<\/div>\n<p class=\"banner-header-title\">1500 \u20ac<\/p>\n<div class=\"banner-header-AdditionalText\">+ 250 Tiradas gratis<\/div>\n<button data-item=\"homepage_banner_link\" class=\"goto m-button m-gradient-border m-button--primary m-button--large banner-button btn-orange\">\n            <div class=\"m-button-content\">\n                <span>Reg\u00edstrate ahora<\/span>\n                <span><\/span>\n            <\/div>\n        <\/button>\n<\/div>\n<div class=\"WelcomePack\">\n<p><img loading=\"lazy\" decoding=\"async\" class=\"alignnone size-full wp-image-1857\" src=\"https:\/\/spinstein-casino.net\/wp-content\/uploads\/2026\/03\/welcome-crown.png\" alt=\"crown\" width=\"25\" height=\"26\" \/><\/p>\n<div class=\"WelcomePack-Info\">Reembolso semanal de hasta el 25 %<\/div>\n<p><img loading=\"lazy\" decoding=\"async\" class=\"alignnone size-full wp-image-1857\" src=\"https:\/\/spinstein-casino.net\/wp-content\/uploads\/2026\/03\/welcome-crown.png\" alt=\"crown\" width=\"25\" height=\"26\" \/><\/p>\n<\/div>\n<\/div><div class=\"scrollable-content-wrap my-5\"><div class=\"scrollable-content-inner\"><h2>Por qu\u00e9 es importante crear una cuenta en el casino Spinstein<\/h2>\n<p>El inicio de sesi\u00f3n en Spinstein est\u00e1 disponible para cualquier persona mayor de 18 a\u00f1os. Esto transforma el juego en modo demo en juego con dinero real. Al registrarte, tendr\u00e1s acceso a la colecci\u00f3n completa de juegos, ofertas especiales, la posibilidad de realizar pagos y contacto directo con el equipo de atenci\u00f3n al cliente multiling\u00fce.<\/p>\n<p>En Spinstein, la restricci\u00f3n es que cada usuario solo puede tener un perfil. Es recomendable leer las normas de la plataforma antes de empezar. Se recomienda encarecidamente crear una cuenta si quieres disfrutar de todo lo que ofrece el casino sin ning\u00fan tipo de l\u00edmite.<\/p>\n<h3>C\u00f3mo funciona la creaci\u00f3n de una cuenta<\/h3>\n<p>Solo te llevar\u00e1 unos minutos configurar tu perfil en Spinstein Casino. Incluso a quienes nunca hayan visitado un casino online les resultar\u00e1 f\u00e1cil empezar. Es importante proporcionar informaci\u00f3n real, ya que m\u00e1s adelante se realizan comprobaciones de verificaci\u00f3n. Al principio, solo necesitas una direcci\u00f3n de correo electr\u00f3nico y una contrase\u00f1a. No tienes que facilitar m\u00e1s informaci\u00f3n personal por el momento. Sigue estos pasos:<\/p>\n<ol>\n<li>Haz clic en el bot\u00f3n verde situado en la parte superior de la p\u00e1gina principal del sitio web de Spin Stein.<\/li>\n<li>A continuaci\u00f3n, introduce tus datos personales en los formularios.<\/li>\n<li>Aseg\u00farate de que tu contrase\u00f1a sea segura y contenga tanto may\u00fasculas como min\u00fasculas y otros caracteres.<\/li>\n<li>Cuando te registres, utiliza cualquier c\u00f3digo promocional que tengas para obtener recompensas de inmediato.<\/li>\n<li>Debes verificar tu edad y aceptar los t\u00e9rminos y condiciones de la plataforma Spinstein.<\/li>\n<li>Para finalizar el proceso y activar tu cuenta, haz clic en \u00abReg\u00edstrate\u00bb.<\/li>\n<\/ol>\n<p><img loading=\"lazy\" decoding=\"async\" class=\"alignnone size-full wp-image-1953\" src=\"https:\/\/spinstein-casino.net\/wp-content\/uploads\/2026\/03\/Spinstein-Login.webp\" alt=\"Spinstein Login\" width=\"1248\" height=\"536\" srcset=\"https:\/\/spinstein-casino.net\/wp-content\/uploads\/2026\/03\/Spinstein-Login.webp 1248w, https:\/\/spinstein-casino.net\/wp-content\/uploads\/2026\/03\/Spinstein-Login-300x129.webp 300w, https:\/\/spinstein-casino.net\/wp-content\/uploads\/2026\/03\/Spinstein-Login-1024x440.webp 1024w, https:\/\/spinstein-casino.net\/wp-content\/uploads\/2026\/03\/Spinstein-Login-768x330.webp 768w\" sizes=\"auto, (max-width: 1248px) 100vw, 1248px\" \/><\/p>\n<h2>C\u00f3mo volver a acceder a tu cuenta de Spinstein<\/h2>\n<p>Para acceder tras registrarte, debes completar el proceso de inicio de sesi\u00f3n de Spinstein. Busca el bot\u00f3n \u00abIniciar sesi\u00f3n\u00bb en la esquina superior derecha de la p\u00e1gina de inicio y haz clic en \u00e9l. Tendr\u00e1s que introducir tu direcci\u00f3n de correo electr\u00f3nico y la contrase\u00f1a que configuraste al registrarte.<\/p>\n<p>No siempre todo sale seg\u00fan lo previsto, pero siempre hay una forma de solucionar cualquier problema. Consulta la siguiente lista para saber c\u00f3mo resolver los problemas m\u00e1s comunes.<\/p>\n<table>\n<tbody>\n<tr>\n<td>Problema de inicio de sesi\u00f3n en Spinstein<\/td>\n<td>Por qu\u00e9 ha ocurrido<\/td>\n<td>C\u00f3mo solucionarlo<\/td>\n<\/tr>\n<tr>\n<td>La contrase\u00f1a no es v\u00e1lida<\/td>\n<td>Puede ser porque te has equivocado al introducirla, la has confundido con la contrase\u00f1a de otra cuenta o has olvidado cu\u00e1l elegiste.<\/td>\n<td>En la pantalla de inicio de sesi\u00f3n de Spinstein hay un enlace que te permite restablecer tu contrase\u00f1a verificando tu correo electr\u00f3nico.<\/td>\n<\/tr>\n<tr>\n<td>La cuenta de Spinstein Casino est\u00e1 completamente bloqueada<\/td>\n<td>Varios intentos fallidos de inicio de sesi\u00f3n han provocado que el sistema de seguridad autom\u00e1tico bloquee el acceso durante un breve periodo de tiempo.<\/td>\n<td>Para desbloquearla autom\u00e1ticamente, espera unos 15 minutos. Si necesitas una respuesta m\u00e1s r\u00e1pida, ponte en contacto con el servicio de asistencia a trav\u00e9s del chat en vivo.<\/td>\n<\/tr>\n<tr>\n<td>Te han expulsado de repente en mitad de una sesi\u00f3n<\/td>\n<td>Se ha activado el tiempo de espera por inactividad, que protege las sesiones de navegador abandonadas para que no pueda acceder a ellas alguien que no deber\u00eda.<\/td>\n<td>Solo tienes que volver a iniciar sesi\u00f3n. Las sesiones finalizan tras 30 a 60 minutos de inactividad por motivos de seguridad.<\/td>\n<\/tr>\n<tr>\n<td>El c\u00f3digo de autenticaci\u00f3n no funciona<\/td>\n<td>El c\u00f3digo de uso \u00fanico ha caducado (solo era v\u00e1lido durante 30-60 segundos).<\/td>\n<td>Introduce el c\u00f3digo m\u00e1s reciente de la aplicaci\u00f3n de autenticaci\u00f3n o genera uno nuevo.<\/td>\n<\/tr>\n<\/tbody>\n<\/table>\n<h2>Qu\u00e9 puedes hacer en el panel de control de tu perfil<\/h2>\n<p>Con tu inicio de sesi\u00f3n en Spin Stein puedes hacer mucho m\u00e1s que jugar y conseguir ofertas. Hay una serie de ajustes y funciones en tu perfil que mejoran la experiencia de juego. Puedes modificar tu informaci\u00f3n personal en cualquier momento. Antes de cambiar tu contrase\u00f1a, debes confirmar tu direcci\u00f3n de correo electr\u00f3nico.<\/p>\n<p>Para mantener la seguridad del juego, debes revisar constantemente tu historial de actividad, que incluye el tiempo que has pasado en la plataforma, las cantidades que has depositado, las p\u00e9rdidas totales y las ganancias totales. Siempre puedes consultar el estado de tu bono de Spinstein Casino. Los clientes utilizan herramientas especializadas de juego responsable para establecer l\u00edmites saludables cuando lo necesitan.<\/p>\n<h2>C\u00f3mo se protege tu informaci\u00f3n en Spinstein<\/h2>\n<p>Es importante que conf\u00edes en Spinstein para el inicio de sesi\u00f3n con tu informaci\u00f3n personal y financiera. Contamos con una licencia oficial de juego online, por lo que debemos cumplir ciertas normas de seguridad. Nos aseguramos siempre de cumplir plenamente con el RGPD. El sitio web protege todos sus datos con cifrado AES de 256 bits para que nadie m\u00e1s pueda acceder a ellos.<\/p>\n<p>La autenticaci\u00f3n de dos factores opcional a\u00f1ade capas adicionales de seguridad a tu cuenta. Supervisamos toda la actividad de inicio de sesi\u00f3n en Spin Stein Casino y enviamos alertas de inmediato si detectamos cualquier tendencia extra\u00f1a. Puedes ponerte en contacto con nuestro equipo de atenci\u00f3n al cliente biling\u00fce las 24 horas del d\u00eda, los 7 d\u00edas de la semana, a trav\u00e9s del chat en vivo o por correo electr\u00f3nico para obtener respuestas a tus consultas o problemas de inmediato.<\/p>\n<h2>Preguntas frecuentes<\/h2>\n<h3>\u00bfLa verificaci\u00f3n se realiza inmediatamente despu\u00e9s de registrarse en Spinstein?<\/h3>\n<p>Todos los clientes de Spinstein deben pasar por el proceso de verificaci\u00f3n antes de realizar su primera solicitud de retirada. Esto implica subir una foto de un documento a la plataforma para demostrar su identidad, la titularidad de la cuenta de pago y su mayor\u00eda de edad. El proceso de revisi\u00f3n tarda entre 24 y 48 horas.<\/p>\n<h3>\u00bfPodemos mi amigo y yo compartir una cuenta de Spinstein?<\/h3>\n<p>En Spinstein Casino, es obligatorio tener un perfil individual. Debes proporcionar tu propia informaci\u00f3n personal y utilizar tu propia cuenta de pago. Compartir cuentas va en contra de las normas y puede dar lugar a la suspensi\u00f3n de ambas personas.<\/p>\n<h3>\u00bfA qu\u00e9 se puede acceder en Spinstein Casino sin registrarse?<\/h3>\n<p>En el modo demo, los jugadores pueden probar algunos juegos. Jugar con monedas virtuales no te cuesta nada. Pero no puedes retirar las ganancias; esa es la contrapartida. Los visitantes no registrados pueden ponerse en contacto con el equipo de atenci\u00f3n al cliente para preguntas generales sobre el sitio.<\/p>\n<\/div><\/div><\/p>\n","protected":false},"excerpt":{"rendered":"<p>Inicio de sesi\u00f3n y registro en Spinstein Una vez que hayas completado el Spinstein login, podr\u00e1s empezar a jugar con dinero real en un entorno seguro. Si no tienes una cuenta, no podr\u00e1s utilizar todas las funciones. El registro abre todas las puertas a los jugadores espa\u00f1oles: juegos, bonos, pagos y servicio de atenci\u00f3n al [&hellip;]<\/p>\n","protected":false},"author":1,"featured_media":0,"parent":0,"menu_order":0,"comment_status":"closed","ping_status":"closed","template":"template-builder.php","meta":{"_acf_changed":false,"inline_featured_image":false,"footnotes":""},"class_list":["post-1487","page","type-page","status-publish","hentry"],"acf":[],"yoast_head":"<!-- This site is optimized with the Yoast SEO plugin v27.3 - https:\/\/yoast.com\/product\/yoast-seo-wordpress\/ -->\n<title>Spinstein Login: acceso seguro al registro y al inicio de sesi\u00f3n<\/title>\n<meta name=\"description\" content=\"Inicio de sesi\u00f3n en Spinstein: acceda a su cuenta de forma segura o cree una nueva en cuesti\u00f3n de minutos. Gestione f\u00e1cilmente la verificaci\u00f3n, la recuperaci\u00f3n de contrase\u00f1a y la configuraci\u00f3n de la cuenta en Spinstein.\" \/>\n<meta name=\"robots\" content=\"index, follow, max-snippet:-1, max-image-preview:large, max-video-preview:-1\" \/>\n<link rel=\"canonical\" href=\"https:\/\/spinstein-casino.net\/es\/inicio-de-sesion-y-registro\/\" \/>\n<meta property=\"og:locale\" content=\"es_ES\" \/>\n<meta property=\"og:type\" content=\"article\" \/>\n<meta property=\"og:title\" content=\"Spinstein Login: acceso seguro al registro y al inicio de sesi\u00f3n\" \/>\n<meta property=\"og:description\" content=\"Inicio de sesi\u00f3n en Spinstein: acceda a su cuenta de forma segura o cree una nueva en cuesti\u00f3n de minutos. Gestione f\u00e1cilmente la verificaci\u00f3n, la recuperaci\u00f3n de contrase\u00f1a y la configuraci\u00f3n de la cuenta en Spinstein.\" \/>\n<meta property=\"og:url\" content=\"https:\/\/spinstein-casino.net\/es\/inicio-de-sesion-y-registro\/\" \/>\n<meta property=\"og:site_name\" content=\"spinstein\" \/>\n<meta property=\"article:modified_time\" content=\"2026-03-30T14:18:52+00:00\" \/>\n<meta name=\"twitter:card\" content=\"summary_large_image\" \/>\n<meta name=\"twitter:label1\" content=\"Est. reading time\" \/>\n\t<meta name=\"twitter:data1\" content=\"1 minute\" \/>\n<script type=\"application\/ld+json\" class=\"yoast-schema-graph\">{\"@context\":\"https:\\\/\\\/schema.org\",\"@graph\":[{\"@type\":\"WebPage\",\"@id\":\"https:\\\/\\\/spinstein-casino.net\\\/es\\\/inicio-de-sesion-y-registro\\\/\",\"url\":\"https:\\\/\\\/spinstein-casino.net\\\/es\\\/inicio-de-sesion-y-registro\\\/\",\"name\":\"Spinstein Login: acceso seguro al registro y al inicio de sesi\u00f3n\",\"isPartOf\":{\"@id\":\"https:\\\/\\\/spinstein-casino.net\\\/es\\\/#website\"},\"datePublished\":\"2026-01-20T12:11:11+00:00\",\"dateModified\":\"2026-03-30T14:18:52+00:00\",\"description\":\"Inicio de sesi\u00f3n en Spinstein: acceda a su cuenta de forma segura o cree una nueva en cuesti\u00f3n de minutos. Gestione f\u00e1cilmente la verificaci\u00f3n, la recuperaci\u00f3n de contrase\u00f1a y la configuraci\u00f3n de la cuenta en Spinstein.\",\"breadcrumb\":{\"@id\":\"https:\\\/\\\/spinstein-casino.net\\\/es\\\/inicio-de-sesion-y-registro\\\/#breadcrumb\"},\"inLanguage\":\"es-ES\",\"potentialAction\":[{\"@type\":\"ReadAction\",\"target\":[\"https:\\\/\\\/spinstein-casino.net\\\/es\\\/inicio-de-sesion-y-registro\\\/\"]}]},{\"@type\":\"BreadcrumbList\",\"@id\":\"https:\\\/\\\/spinstein-casino.net\\\/es\\\/inicio-de-sesion-y-registro\\\/#breadcrumb\",\"itemListElement\":[{\"@type\":\"ListItem\",\"position\":1,\"name\":\"Spinstein\",\"item\":\"https:\\\/\\\/spinstein-casino.net\\\/es\\\/\"},{\"@type\":\"ListItem\",\"position\":2,\"name\":\"Inicio de sesi\u00f3n y Registro\"}]},{\"@type\":\"WebSite\",\"@id\":\"https:\\\/\\\/spinstein-casino.net\\\/es\\\/#website\",\"url\":\"https:\\\/\\\/spinstein-casino.net\\\/es\\\/\",\"name\":\"Spinstein\",\"description\":\"\",\"publisher\":{\"@id\":\"https:\\\/\\\/spinstein-casino.net\\\/es\\\/#organization\"},\"potentialAction\":[{\"@type\":\"SearchAction\",\"target\":{\"@type\":\"EntryPoint\",\"urlTemplate\":\"https:\\\/\\\/spinstein-casino.net\\\/es\\\/?s={search_term_string}\"},\"query-input\":{\"@type\":\"PropertyValueSpecification\",\"valueRequired\":true,\"valueName\":\"search_term_string\"}}],\"inLanguage\":\"es-ES\"},{\"@type\":\"Organization\",\"@id\":\"https:\\\/\\\/spinstein-casino.net\\\/es\\\/#organization\",\"name\":\"Spinstein\",\"url\":\"https:\\\/\\\/spinstein-casino.net\\\/es\\\/\",\"logo\":{\"@type\":\"ImageObject\",\"inLanguage\":\"es-ES\",\"@id\":\"https:\\\/\\\/spinstein-casino.net\\\/es\\\/#\\\/schema\\\/logo\\\/image\\\/\",\"url\":\"https:\\\/\\\/spinstein-casino.net\\\/wp-content\\\/uploads\\\/2026\\\/03\\\/spinstein-logo.png\",\"contentUrl\":\"https:\\\/\\\/spinstein-casino.net\\\/wp-content\\\/uploads\\\/2026\\\/03\\\/spinstein-logo.png\",\"width\":166,\"height\":40,\"caption\":\"Spinstein\"},\"image\":{\"@id\":\"https:\\\/\\\/spinstein-casino.net\\\/es\\\/#\\\/schema\\\/logo\\\/image\\\/\"}}]}<\/script>\n<!-- \/ Yoast SEO plugin. -->","yoast_head_json":{"title":"Spinstein Login: acceso seguro al registro y al inicio de sesi\u00f3n","description":"Inicio de sesi\u00f3n en Spinstein: acceda a su cuenta de forma segura o cree una nueva en cuesti\u00f3n de minutos. Gestione f\u00e1cilmente la verificaci\u00f3n, la recuperaci\u00f3n de contrase\u00f1a y la configuraci\u00f3n de la cuenta en Spinstein.","robots":{"index":"index","follow":"follow","max-snippet":"max-snippet:-1","max-image-preview":"max-image-preview:large","max-video-preview":"max-video-preview:-1"},"canonical":"https:\/\/spinstein-casino.net\/es\/inicio-de-sesion-y-registro\/","og_locale":"es_ES","og_type":"article","og_title":"Spinstein Login: acceso seguro al registro y al inicio de sesi\u00f3n","og_description":"Inicio de sesi\u00f3n en Spinstein: acceda a su cuenta de forma segura o cree una nueva en cuesti\u00f3n de minutos. Gestione f\u00e1cilmente la verificaci\u00f3n, la recuperaci\u00f3n de contrase\u00f1a y la configuraci\u00f3n de la cuenta en Spinstein.","og_url":"https:\/\/spinstein-casino.net\/es\/inicio-de-sesion-y-registro\/","og_site_name":"spinstein","article_modified_time":"2026-03-30T14:18:52+00:00","twitter_card":"summary_large_image","twitter_misc":{"Est. reading time":"1 minute"},"schema":{"@context":"https:\/\/schema.org","@graph":[{"@type":"WebPage","@id":"https:\/\/spinstein-casino.net\/es\/inicio-de-sesion-y-registro\/","url":"https:\/\/spinstein-casino.net\/es\/inicio-de-sesion-y-registro\/","name":"Spinstein Login: acceso seguro al registro y al inicio de sesi\u00f3n","isPartOf":{"@id":"https:\/\/spinstein-casino.net\/es\/#website"},"datePublished":"2026-01-20T12:11:11+00:00","dateModified":"2026-03-30T14:18:52+00:00","description":"Inicio de sesi\u00f3n en Spinstein: acceda a su cuenta de forma segura o cree una nueva en cuesti\u00f3n de minutos. Gestione f\u00e1cilmente la verificaci\u00f3n, la recuperaci\u00f3n de contrase\u00f1a y la configuraci\u00f3n de la cuenta en Spinstein.","breadcrumb":{"@id":"https:\/\/spinstein-casino.net\/es\/inicio-de-sesion-y-registro\/#breadcrumb"},"inLanguage":"es-ES","potentialAction":[{"@type":"ReadAction","target":["https:\/\/spinstein-casino.net\/es\/inicio-de-sesion-y-registro\/"]}]},{"@type":"BreadcrumbList","@id":"https:\/\/spinstein-casino.net\/es\/inicio-de-sesion-y-registro\/#breadcrumb","itemListElement":[{"@type":"ListItem","position":1,"name":"Spinstein","item":"https:\/\/spinstein-casino.net\/es\/"},{"@type":"ListItem","position":2,"name":"Inicio de sesi\u00f3n y Registro"}]},{"@type":"WebSite","@id":"https:\/\/spinstein-casino.net\/es\/#website","url":"https:\/\/spinstein-casino.net\/es\/","name":"Spinstein","description":"","publisher":{"@id":"https:\/\/spinstein-casino.net\/es\/#organization"},"potentialAction":[{"@type":"SearchAction","target":{"@type":"EntryPoint","urlTemplate":"https:\/\/spinstein-casino.net\/es\/?s={search_term_string}"},"query-input":{"@type":"PropertyValueSpecification","valueRequired":true,"valueName":"search_term_string"}}],"inLanguage":"es-ES"},{"@type":"Organization","@id":"https:\/\/spinstein-casino.net\/es\/#organization","name":"Spinstein","url":"https:\/\/spinstein-casino.net\/es\/","logo":{"@type":"ImageObject","inLanguage":"es-ES","@id":"https:\/\/spinstein-casino.net\/es\/#\/schema\/logo\/image\/","url":"https:\/\/spinstein-casino.net\/wp-content\/uploads\/2026\/03\/spinstein-logo.png","contentUrl":"https:\/\/spinstein-casino.net\/wp-content\/uploads\/2026\/03\/spinstein-logo.png","width":166,"height":40,"caption":"Spinstein"},"image":{"@id":"https:\/\/spinstein-casino.net\/es\/#\/schema\/logo\/image\/"}}]}},"_links":{"self":[{"href":"https:\/\/spinstein-casino.net\/es\/wp-json\/wp\/v2\/pages\/1487","targetHints":{"allow":["GET"]}}],"collection":[{"href":"https:\/\/spinstein-casino.net\/es\/wp-json\/wp\/v2\/pages"}],"about":[{"href":"https:\/\/spinstein-casino.net\/es\/wp-json\/wp\/v2\/types\/page"}],"author":[{"embeddable":true,"href":"https:\/\/spinstein-casino.net\/es\/wp-json\/wp\/v2\/users\/1"}],"replies":[{"embeddable":true,"href":"https:\/\/spinstein-casino.net\/es\/wp-json\/wp\/v2\/comments?post=1487"}],"version-history":[{"count":2,"href":"https:\/\/spinstein-casino.net\/es\/wp-json\/wp\/v2\/pages\/1487\/revisions"}],"predecessor-version":[{"id":2087,"href":"https:\/\/spinstein-casino.net\/es\/wp-json\/wp\/v2\/pages\/1487\/revisions\/2087"}],"wp:attachment":[{"href":"https:\/\/spinstein-casino.net\/es\/wp-json\/wp\/v2\/media?parent=1487"}],"curies":[{"name":"wp","href":"https:\/\/api.w.org\/{rel}","templated":true}]}}