{"id":1449,"date":"2026-01-20T12:08:23","date_gmt":"2026-01-20T12:08:23","guid":{"rendered":"https:\/\/bonuskongcasino.com\/app-2\/"},"modified":"2026-03-30T15:17:45","modified_gmt":"2026-03-30T14:17:45","slug":"aplicacion","status":"publish","type":"page","link":"https:\/\/spinstein-casino.net\/es\/aplicacion\/","title":{"rendered":"Aplicaci\u00f3n"},"content":{"rendered":"<h1>Plataforma m\u00f3vil de Spinstein<\/h1>\n<p>Spinstein App facilita mucho tu experiencia de juego. Funciona con todos los dispositivos modernos y permite a los usuarios espa\u00f1oles jugar est\u00e9n donde est\u00e9n. No importa si tienes un tel\u00e9fono Android o iOS; el juego se cargar\u00e1 r\u00e1pidamente y funcionar\u00e1 bien. Todas las funciones, el dise\u00f1o y la navegaci\u00f3n te resultar\u00e1n familiares, ya que son similares a los de la p\u00e1gina web principal para PC. Puedes instalarla r\u00e1pida y f\u00e1cilmente desde la p\u00e1gina web de Spinstein.<\/p>\n<div class=\"banner-wrap\" aria-label=\"Banner\"><img src=\"https:\/\/spinstein-casino.net\/wp-content\/uploads\/2026\/03\/Spinstein-banner-carousel-800\u0445400.webp\" class=\"w-100 d-none d-lg-block img-pc main-banner-img\" alt=\"spinstein banner desktop\" fetchpriority=\"high\" decoding=\"async\"><img src=\"https:\/\/spinstein-casino.net\/wp-content\/uploads\/2026\/03\/spinstein-banner-mobile.webp\" class=\"w-100 d-none d-md-block d-lg-none main-banner-img\" alt=\"spinstein banner mobile\" fetchpriority=\"high\" decoding=\"async\"><img src=\"https:\/\/spinstein-casino.net\/wp-content\/uploads\/2026\/03\/spinstein-banner-mobile.webp\" class=\"w-100 d-md-none\" alt=\"spinstein banner mobile\" fetchpriority=\"high\" decoding=\"async\"><div class=\"banner-description\">\n<div class=\"banner-title\">Bonos de bienvenida<\/div>\n<p class=\"banner-header-title\">1500 \u20ac<\/p>\n<div class=\"banner-header-AdditionalText\">+ 250 Tiradas gratis<\/div>\n<button data-item=\"homepage_banner_link\" class=\"goto m-button m-gradient-border m-button--primary m-button--large banner-button btn-orange\">\n            <div class=\"m-button-content\">\n                <span>Reg\u00edstrate ahora<\/span>\n                <span><\/span>\n            <\/div>\n        <\/button>\n<\/div>\n<div class=\"WelcomePack\">\n<p><img loading=\"lazy\" decoding=\"async\" class=\"alignnone size-full wp-image-1857\" src=\"https:\/\/spinstein-casino.net\/wp-content\/uploads\/2026\/03\/welcome-crown.png\" alt=\"crown\" width=\"25\" height=\"26\" \/><\/p>\n<div class=\"WelcomePack-Info\">Reembolso semanal de hasta el 25 %<\/div>\n<p><img loading=\"lazy\" decoding=\"async\" class=\"alignnone size-full wp-image-1857\" src=\"https:\/\/spinstein-casino.net\/wp-content\/uploads\/2026\/03\/welcome-crown.png\" alt=\"crown\" width=\"25\" height=\"26\" \/><\/p>\n<\/div>\n<\/div>\n<h2>Aplicaci\u00f3n de Spinstein: caracter\u00edsticas principales<\/h2>\n<p>A m\u00e1s de la mitad de los clientes de Spinstein Casino les gusta jugar en sus tel\u00e9fonos. No es de extra\u00f1ar que la gente quiera mantener la flexibilidad y estar conectada sin importar d\u00f3nde se encuentre. Todos los clientes tienen dos opciones sencillas: la versi\u00f3n para navegador m\u00f3vil y la aplicaci\u00f3n de Spinstein.<\/p>\n<table>\n<tbody>\n<tr>\n<td>Caracter\u00edstica<\/td>\n<td>Realidad t\u00e9cnica<\/td>\n<td>Qu\u00e9 significa<\/td>\n<\/tr>\n<tr>\n<td>Una interfaz que funciona bien en dispositivos m\u00f3viles<\/td>\n<td>Para facilitar la navegaci\u00f3n con el pulgar, todos los botones, men\u00fas y elementos del juego se han reducido y reubicado.<\/td>\n<td>Ya no hay que preocuparse por tocar accidentalmente los botones equivocados, ya que todo tiene el tama\u00f1o y el espaciado adecuados para los dedos.<\/td>\n<\/tr>\n<tr>\n<td>Carga r\u00e1pida de los juegos<\/td>\n<td>El almacenamiento en cach\u00e9 inteligente y los recursos comprimidos permiten que los juegos se carguen en segundo plano antes de que hagas clic en ellos.<\/td>\n<td>Menos tiempo entre rondas mantiene la acci\u00f3n en marcha.<\/td>\n<\/tr>\n<tr>\n<td>Rendimiento constante<\/td>\n<td>Los programas en segundo plano se ralentizan y las ca\u00eddas de conexi\u00f3n se gestionan con fluidez.<\/td>\n<td>Los juegos de Spin Stein funcionan con fluidez, sin retrasos ni interrupciones, incluso cuando la conexi\u00f3n Wi-Fi no es estable.<\/td>\n<\/tr>\n<tr>\n<td>Controles que responden al tacto<\/td>\n<td>Las zonas de detecci\u00f3n de golpes se han ampliado m\u00e1s de lo que se ve, por lo que los toques se registran incluso cuando el objetivo no se alcanza con precisi\u00f3n.<\/td>\n<td>Los toques y el desplazamiento funcionan a la perfecci\u00f3n, sin retrasos ni la frustraci\u00f3n de que se pierdan entradas en momentos importantes.<\/td>\n<\/tr>\n<tr>\n<td>Sesiones m\u00f3viles seguras<\/td>\n<td>El cifrado de extremo a extremo protege cada bit de datos que se transmite entre los tel\u00e9fonos y los servidores de Spinstein Casino.<\/td>\n<td>El proceso de inicio de sesi\u00f3n y tu informaci\u00f3n personal est\u00e1n a salvo incluso en redes Wi-Fi p\u00fablicas.<\/td>\n<\/tr>\n<tr>\n<td>Actualizaciones autom\u00e1ticas<\/td>\n<td>Cuando abres una aplicaci\u00f3n web progresiva, esta descarga silenciosamente las \u00faltimas funciones en segundo plano.<\/td>\n<td>Disfruta siempre de la \u00faltima versi\u00f3n sin necesidad de descargarla manualmente, sin tener que esperar la aprobaci\u00f3n de la tienda de aplicaciones ni preocuparte por el espacio de almacenamiento.<\/td>\n<\/tr>\n<\/tbody>\n<\/table>\n<h3>Seguridad de tus datos<\/h3>\n<p>Tu seguridad es lo m\u00e1s importante al utilizar la versi\u00f3n m\u00f3vil de la aplicaci\u00f3n de Spinstein. Los cortafuegos de aplicaciones web (WAF) protegen contra bots y otras actividades sospechosas en dispositivos m\u00f3viles. La plataforma supervisa constantemente la actividad para prevenir el fraude.<\/p>\n<p>Los jugadores pueden ponerse en contacto con el equipo de atenci\u00f3n al cliente en cualquier momento si tienen preguntas sobre seguridad o cualquier otro tema. La aplicaci\u00f3n de Spinstein Casino cuenta con una opci\u00f3n de chat en vivo que responde en cuesti\u00f3n de minutos.<\/p>\n<p><div class=\"scrollable-content-wrap my-5\"><div class=\"scrollable-content-inner\"><h2>Jugar en Android con una experiencia fluida<\/h2>\n<p>Cuando los clientes juegan en Android en Spinstein, disfrutan de un entorno de juego r\u00e1pido, estable y totalmente optimizado, dise\u00f1ado espec\u00edficamente para dispositivos m\u00f3viles. La plataforma es compatible con todas las nuevas versiones de Android. El software se ha dise\u00f1ado para minimizar los tiempos de carga y el consumo de datos.<\/p>\n<p>Los controles t\u00e1ctiles del casino m\u00f3vil Spin Stein se han dise\u00f1ado para ser precisos. Puedes realizar apuestas, girar los rodillos y retirar fondos de forma r\u00e1pida y sencilla utilizando estos controles. Todos los procesos en segundo plano se han ajustado para que tu sesi\u00f3n sea estable, incluso durante largas sesiones de juego.<\/p>\n<p>Para instalar el programa sin problemas, solo tienes que seguir los pasos que se indican a continuaci\u00f3n:<\/p>\n<ol>\n<li>Si utilizas Chrome cuando est\u00e1s en la p\u00e1gina web de Spinstein Casino, haz clic en el bot\u00f3n \u00abM\u00e1s\u00bb de la barra de direcciones.<\/li>\n<li>Los usuarios deben seleccionar \u00abA\u00f1adir a la pantalla de inicio\u00bb en la lista.<\/li>\n<li>Puedes cambiar el nombre y el aspecto del icono para personalizarlo a tu gusto.<\/li>\n<li>Solo tienes que pulsar \u00abA\u00f1adir\u00bb para confirmar tus acciones.<\/li>\n<\/ol>\n<p><img loading=\"lazy\" decoding=\"async\" class=\"alignnone size-full wp-image-1929\" src=\"https:\/\/spinstein-casino.net\/wp-content\/uploads\/2026\/03\/Spinstein-Android-App.webp\" alt=\"Spinstein Android App\" width=\"1248\" height=\"536\" srcset=\"https:\/\/spinstein-casino.net\/wp-content\/uploads\/2026\/03\/Spinstein-Android-App.webp 1248w, https:\/\/spinstein-casino.net\/wp-content\/uploads\/2026\/03\/Spinstein-Android-App-300x129.webp 300w, https:\/\/spinstein-casino.net\/wp-content\/uploads\/2026\/03\/Spinstein-Android-App-1024x440.webp 1024w, https:\/\/spinstein-casino.net\/wp-content\/uploads\/2026\/03\/Spinstein-Android-App-768x330.webp 768w\" sizes=\"auto, (max-width: 1248px) 100vw, 1248px\" \/><\/p>\n<\/div><\/div><div style=\"clear: both\"><\/div><div class=\"d-flex justify-content-center\"><button data-item=\"decouvrez_link\" data-group=\"website_links\" class=\"goto fw-bold rounded-pill btn btn-orange\" aria-label=\"Descarga la aplicaci\u00f3n Spinstein\" >Descarga la aplicaci\u00f3n Spinstein<\/button><\/div><div class=\"scrollable-content-wrap my-5\"><div class=\"scrollable-content-inner\"><h2>Aplicaci\u00f3n m\u00f3vil para iOS<\/h2>\n<p>Todos los usuarios de iOS pueden acceder r\u00e1pidamente al casino m\u00f3vil utilizando cualquier navegador de su tel\u00e9fono o tableta. Todos los juegos, como las tragaperras online, los juegos de mesa y los juegos de casino en vivo, se ajustan autom\u00e1ticamente al tama\u00f1o y la resoluci\u00f3n de tu pantalla. No hay l\u00edmites, y todas las funciones estar\u00e1n disponibles en tu dispositivo.<\/p>\n<p>Puedes utilizar tanto la versi\u00f3n web como la aplicaci\u00f3n de Spinstein. Los jugadores pueden incluso combinarlas utilizando la misma cuenta de Spinstein Casino sin ning\u00fan problema.<\/p>\n<h3>Instrucciones de instalaci\u00f3n<\/h3>\n<p>La aplicaci\u00f3n m\u00f3vil solo utiliza datos almacenados en cach\u00e9, por lo que los clientes no tienen que preocuparse de que sus dispositivos se queden sin espacio. Sigue estos pasos para instalar la aplicaci\u00f3n de Spin Stein:<\/p>\n<ol>\n<li>La aplicaci\u00f3n Atajos ya est\u00e1 en tu iPhone. En primer lugar, tienes que iniciarla.<\/li>\n<li>En la esquina superior derecha, deber\u00edas ver el icono del signo m\u00e1s (+). Al pulsarlo, se crea un nuevo acceso directo. A continuaci\u00f3n, pulsa el bot\u00f3n \u00abA\u00f1adir acci\u00f3n\u00bb y escribe \u00abSpinstein\u00bb.<\/li>\n<li>Los resultados de la b\u00fasqueda que aparecen a continuaci\u00f3n deber\u00edan mostrar la aplicaci\u00f3n que buscas. Puedes seleccionarla de esa lista.<\/li>\n<li>Ahora, haz clic en la peque\u00f1a flecha hacia abajo situada junto al nombre del atajo. Selecciona \u00abA\u00f1adir a la pantalla de inicio\u00bb en la lista de opciones que aparece.<\/li>\n<li>Si quieres ser creativo, puedes elegir una foto personalizada para tu icono si el predeterminado te parece aburrido. Ponle un nombre y, a continuaci\u00f3n, pulsa el bot\u00f3n \u00abA\u00f1adir\u00bb.<\/li>\n<li>El icono de Spinstein aparecer\u00e1 en tu pantalla de inicio justo al lado del resto de tus aplicaciones.<\/li>\n<\/ol>\n<p><img loading=\"lazy\" decoding=\"async\" class=\"alignnone size-full wp-image-1937\" src=\"https:\/\/spinstein-casino.net\/wp-content\/uploads\/2026\/03\/Spinstein-iOS-App.webp\" alt=\"Spinstein iOS App\" width=\"1248\" height=\"536\" srcset=\"https:\/\/spinstein-casino.net\/wp-content\/uploads\/2026\/03\/Spinstein-iOS-App.webp 1248w, https:\/\/spinstein-casino.net\/wp-content\/uploads\/2026\/03\/Spinstein-iOS-App-300x129.webp 300w, https:\/\/spinstein-casino.net\/wp-content\/uploads\/2026\/03\/Spinstein-iOS-App-1024x440.webp 1024w, https:\/\/spinstein-casino.net\/wp-content\/uploads\/2026\/03\/Spinstein-iOS-App-768x330.webp 768w\" sizes=\"auto, (max-width: 1248px) 100vw, 1248px\" \/><\/p>\n<\/div><\/div><div style=\"clear: both\"><\/div><div class=\"d-flex justify-content-center\"><button data-item=\"decouvrez_link\" data-group=\"website_links\" class=\"goto fw-bold rounded-pill btn btn-orange\" aria-label=\"Descargar Spinstein\" >Descargar Spinstein<\/button><\/div><div class=\"scrollable-content-wrap my-5\"><div class=\"scrollable-content-inner\"><h2>Opciones de Spinstein para Windows y macOS<\/h2>\n<p>Si juegas en Spin Stein Casino desde tu PC o port\u00e1til, no tendr\u00e1s ning\u00fan problema. No es necesario instalar ning\u00fan software adicional. Puedes acceder a la p\u00e1gina web desde cualquier navegador.<\/p>\n<p>Puedes instalar un icono de acceso directo en el escritorio si quieres acceder al sitio web con un solo clic. Para ello, debes ir a la configuraci\u00f3n de tu navegador. Si tienes problemas para instalar el icono de la aplicaci\u00f3n de Spinstein, puedes obtener ayuda de inmediato a trav\u00e9s del chat en vivo o por correo electr\u00f3nico.<\/p>\n<p><img loading=\"lazy\" decoding=\"async\" class=\"alignnone size-full wp-image-1945\" src=\"https:\/\/spinstein-casino.net\/wp-content\/uploads\/2026\/03\/Spinstein-Desktop.webp\" alt=\"Spinstein Desktop\" width=\"1248\" height=\"536\" srcset=\"https:\/\/spinstein-casino.net\/wp-content\/uploads\/2026\/03\/Spinstein-Desktop.webp 1248w, https:\/\/spinstein-casino.net\/wp-content\/uploads\/2026\/03\/Spinstein-Desktop-300x129.webp 300w, https:\/\/spinstein-casino.net\/wp-content\/uploads\/2026\/03\/Spinstein-Desktop-1024x440.webp 1024w, https:\/\/spinstein-casino.net\/wp-content\/uploads\/2026\/03\/Spinstein-Desktop-768x330.webp 768w\" sizes=\"auto, (max-width: 1248px) 100vw, 1248px\" \/><\/p>\n<\/div><\/div><div style=\"clear: both\"><\/div><div class=\"d-flex justify-content-center\"><button data-item=\"decouvrez_link\" data-group=\"website_links\" class=\"goto fw-bold rounded-pill btn btn-orange\" aria-label=\"Descarga la aplicaci\u00f3n Spinstein\" >Descarga la aplicaci\u00f3n Spinstein<\/button><\/div><div class=\"scrollable-content-wrap my-5\"><div class=\"scrollable-content-inner\"><h2>Preguntas frecuentes<\/h2>\n<h3>\u00bfPuedo completar el proceso de registro en la aplicaci\u00f3n de Spinstein?<\/h3>\n<p>Si eres nuevo en el casino online Spinstein y quieres empezar con la aplicaci\u00f3n, registrarte all\u00ed es muy f\u00e1cil. El proceso es el mismo y solo necesitas tu direcci\u00f3n de correo electr\u00f3nico y contrase\u00f1a. Como medida de seguridad, debes completar el proceso de verificaci\u00f3n antes de poder realizar tu primer retiro.<\/p>\n<h3>\u00bfEs posible jugar a los juegos de casino en vivo de Spinstein en un smartphone?<\/h3>\n<p>Puedes jugar a todos los juegos de la colecci\u00f3n, que cuenta con m\u00e1s de 6.000 t\u00edtulos, en tu smartphone o tableta. Tambi\u00e9n incluye juegos para el casino en vivo. Spinstein utiliza funciones espec\u00edficas de control t\u00e1ctil para garantizar que tu experiencia de juego sea siempre f\u00e1cil y agradable, independientemente del dispositivo que utilices.<\/p>\n<h3>\u00bfC\u00f3mo sabr\u00e9 que la aplicaci\u00f3n m\u00f3vil necesita una actualizaci\u00f3n?<\/h3>\n<p>No tienes que hacer nada para que la PWA de Spinstein Casino se actualice autom\u00e1ticamente. Las notificaciones push y los correos electr\u00f3nicos siempre informan a los usuarios de los cambios en la plataforma, por lo que no te llevar\u00e1s ninguna sorpresa.<\/p>\n<\/div><\/div><\/p>\n","protected":false},"excerpt":{"rendered":"<p>Plataforma m\u00f3vil de Spinstein Spinstein App facilita mucho tu experiencia de juego. Funciona con todos los dispositivos modernos y permite a los usuarios espa\u00f1oles jugar est\u00e9n donde est\u00e9n. No importa si tienes un tel\u00e9fono Android o iOS; el juego se cargar\u00e1 r\u00e1pidamente y funcionar\u00e1 bien. Todas las funciones, el dise\u00f1o y la navegaci\u00f3n te resultar\u00e1n [&hellip;]<\/p>\n","protected":false},"author":1,"featured_media":0,"parent":0,"menu_order":0,"comment_status":"closed","ping_status":"closed","template":"template-builder.php","meta":{"_acf_changed":false,"inline_featured_image":false,"footnotes":""},"class_list":["post-1449","page","type-page","status-publish","hentry"],"acf":[],"yoast_head":"<!-- This site is optimized with the Yoast SEO plugin v27.3 - https:\/\/yoast.com\/product\/yoast-seo-wordpress\/ -->\n<title>Descargar la aplicaci\u00f3n Spinstein | iOS, Android y escritorio<\/title>\n<meta name=\"description\" content=\"Instala la aplicaci\u00f3n Spinstein en iOS, Android, Windows y macOS para jugar a m\u00e1s de 6000 juegos de casino en cualquier lugar. Rendimiento fluido, sincronizaci\u00f3n de cuentas y asistencia 24\/7: todo en Spinstein.\" \/>\n<meta name=\"robots\" content=\"index, follow, max-snippet:-1, max-image-preview:large, max-video-preview:-1\" \/>\n<link rel=\"canonical\" href=\"https:\/\/spinstein-casino.net\/es\/aplicacion\/\" \/>\n<meta property=\"og:locale\" content=\"es_ES\" \/>\n<meta property=\"og:type\" content=\"article\" \/>\n<meta property=\"og:title\" content=\"Descargar la aplicaci\u00f3n Spinstein | iOS, Android y escritorio\" \/>\n<meta property=\"og:description\" content=\"Instala la aplicaci\u00f3n Spinstein en iOS, Android, Windows y macOS para jugar a m\u00e1s de 6000 juegos de casino en cualquier lugar. Rendimiento fluido, sincronizaci\u00f3n de cuentas y asistencia 24\/7: todo en Spinstein.\" \/>\n<meta property=\"og:url\" content=\"https:\/\/spinstein-casino.net\/es\/aplicacion\/\" \/>\n<meta property=\"og:site_name\" content=\"spinstein\" \/>\n<meta property=\"article:modified_time\" content=\"2026-03-30T14:17:45+00:00\" \/>\n<meta name=\"twitter:card\" content=\"summary_large_image\" \/>\n<meta name=\"twitter:label1\" content=\"Est. reading time\" \/>\n\t<meta name=\"twitter:data1\" content=\"3 minutes\" \/>\n<script type=\"application\/ld+json\" class=\"yoast-schema-graph\">{\"@context\":\"https:\\\/\\\/schema.org\",\"@graph\":[{\"@type\":\"WebPage\",\"@id\":\"https:\\\/\\\/spinstein-casino.net\\\/es\\\/aplicacion\\\/\",\"url\":\"https:\\\/\\\/spinstein-casino.net\\\/es\\\/aplicacion\\\/\",\"name\":\"Descargar la aplicaci\u00f3n Spinstein | iOS, Android y escritorio\",\"isPartOf\":{\"@id\":\"https:\\\/\\\/spinstein-casino.net\\\/es\\\/#website\"},\"datePublished\":\"2026-01-20T12:08:23+00:00\",\"dateModified\":\"2026-03-30T14:17:45+00:00\",\"description\":\"Instala la aplicaci\u00f3n Spinstein en iOS, Android, Windows y macOS para jugar a m\u00e1s de 6000 juegos de casino en cualquier lugar. Rendimiento fluido, sincronizaci\u00f3n de cuentas y asistencia 24\\\/7: todo en Spinstein.\",\"breadcrumb\":{\"@id\":\"https:\\\/\\\/spinstein-casino.net\\\/es\\\/aplicacion\\\/#breadcrumb\"},\"inLanguage\":\"es-ES\",\"potentialAction\":[{\"@type\":\"ReadAction\",\"target\":[\"https:\\\/\\\/spinstein-casino.net\\\/es\\\/aplicacion\\\/\"]}]},{\"@type\":\"BreadcrumbList\",\"@id\":\"https:\\\/\\\/spinstein-casino.net\\\/es\\\/aplicacion\\\/#breadcrumb\",\"itemListElement\":[{\"@type\":\"ListItem\",\"position\":1,\"name\":\"Spinstein\",\"item\":\"https:\\\/\\\/spinstein-casino.net\\\/es\\\/\"},{\"@type\":\"ListItem\",\"position\":2,\"name\":\"Aplicaci\u00f3n\"}]},{\"@type\":\"WebSite\",\"@id\":\"https:\\\/\\\/spinstein-casino.net\\\/es\\\/#website\",\"url\":\"https:\\\/\\\/spinstein-casino.net\\\/es\\\/\",\"name\":\"Spinstein\",\"description\":\"\",\"publisher\":{\"@id\":\"https:\\\/\\\/spinstein-casino.net\\\/es\\\/#organization\"},\"potentialAction\":[{\"@type\":\"SearchAction\",\"target\":{\"@type\":\"EntryPoint\",\"urlTemplate\":\"https:\\\/\\\/spinstein-casino.net\\\/es\\\/?s={search_term_string}\"},\"query-input\":{\"@type\":\"PropertyValueSpecification\",\"valueRequired\":true,\"valueName\":\"search_term_string\"}}],\"inLanguage\":\"es-ES\"},{\"@type\":\"Organization\",\"@id\":\"https:\\\/\\\/spinstein-casino.net\\\/es\\\/#organization\",\"name\":\"Spinstein\",\"url\":\"https:\\\/\\\/spinstein-casino.net\\\/es\\\/\",\"logo\":{\"@type\":\"ImageObject\",\"inLanguage\":\"es-ES\",\"@id\":\"https:\\\/\\\/spinstein-casino.net\\\/es\\\/#\\\/schema\\\/logo\\\/image\\\/\",\"url\":\"https:\\\/\\\/spinstein-casino.net\\\/wp-content\\\/uploads\\\/2026\\\/03\\\/spinstein-logo.png\",\"contentUrl\":\"https:\\\/\\\/spinstein-casino.net\\\/wp-content\\\/uploads\\\/2026\\\/03\\\/spinstein-logo.png\",\"width\":166,\"height\":40,\"caption\":\"Spinstein\"},\"image\":{\"@id\":\"https:\\\/\\\/spinstein-casino.net\\\/es\\\/#\\\/schema\\\/logo\\\/image\\\/\"}}]}<\/script>\n<!-- \/ Yoast SEO plugin. -->","yoast_head_json":{"title":"Descargar la aplicaci\u00f3n Spinstein | iOS, Android y escritorio","description":"Instala la aplicaci\u00f3n Spinstein en iOS, Android, Windows y macOS para jugar a m\u00e1s de 6000 juegos de casino en cualquier lugar. Rendimiento fluido, sincronizaci\u00f3n de cuentas y asistencia 24\/7: todo en Spinstein.","robots":{"index":"index","follow":"follow","max-snippet":"max-snippet:-1","max-image-preview":"max-image-preview:large","max-video-preview":"max-video-preview:-1"},"canonical":"https:\/\/spinstein-casino.net\/es\/aplicacion\/","og_locale":"es_ES","og_type":"article","og_title":"Descargar la aplicaci\u00f3n Spinstein | iOS, Android y escritorio","og_description":"Instala la aplicaci\u00f3n Spinstein en iOS, Android, Windows y macOS para jugar a m\u00e1s de 6000 juegos de casino en cualquier lugar. Rendimiento fluido, sincronizaci\u00f3n de cuentas y asistencia 24\/7: todo en Spinstein.","og_url":"https:\/\/spinstein-casino.net\/es\/aplicacion\/","og_site_name":"spinstein","article_modified_time":"2026-03-30T14:17:45+00:00","twitter_card":"summary_large_image","twitter_misc":{"Est. reading time":"3 minutes"},"schema":{"@context":"https:\/\/schema.org","@graph":[{"@type":"WebPage","@id":"https:\/\/spinstein-casino.net\/es\/aplicacion\/","url":"https:\/\/spinstein-casino.net\/es\/aplicacion\/","name":"Descargar la aplicaci\u00f3n Spinstein | iOS, Android y escritorio","isPartOf":{"@id":"https:\/\/spinstein-casino.net\/es\/#website"},"datePublished":"2026-01-20T12:08:23+00:00","dateModified":"2026-03-30T14:17:45+00:00","description":"Instala la aplicaci\u00f3n Spinstein en iOS, Android, Windows y macOS para jugar a m\u00e1s de 6000 juegos de casino en cualquier lugar. Rendimiento fluido, sincronizaci\u00f3n de cuentas y asistencia 24\/7: todo en Spinstein.","breadcrumb":{"@id":"https:\/\/spinstein-casino.net\/es\/aplicacion\/#breadcrumb"},"inLanguage":"es-ES","potentialAction":[{"@type":"ReadAction","target":["https:\/\/spinstein-casino.net\/es\/aplicacion\/"]}]},{"@type":"BreadcrumbList","@id":"https:\/\/spinstein-casino.net\/es\/aplicacion\/#breadcrumb","itemListElement":[{"@type":"ListItem","position":1,"name":"Spinstein","item":"https:\/\/spinstein-casino.net\/es\/"},{"@type":"ListItem","position":2,"name":"Aplicaci\u00f3n"}]},{"@type":"WebSite","@id":"https:\/\/spinstein-casino.net\/es\/#website","url":"https:\/\/spinstein-casino.net\/es\/","name":"Spinstein","description":"","publisher":{"@id":"https:\/\/spinstein-casino.net\/es\/#organization"},"potentialAction":[{"@type":"SearchAction","target":{"@type":"EntryPoint","urlTemplate":"https:\/\/spinstein-casino.net\/es\/?s={search_term_string}"},"query-input":{"@type":"PropertyValueSpecification","valueRequired":true,"valueName":"search_term_string"}}],"inLanguage":"es-ES"},{"@type":"Organization","@id":"https:\/\/spinstein-casino.net\/es\/#organization","name":"Spinstein","url":"https:\/\/spinstein-casino.net\/es\/","logo":{"@type":"ImageObject","inLanguage":"es-ES","@id":"https:\/\/spinstein-casino.net\/es\/#\/schema\/logo\/image\/","url":"https:\/\/spinstein-casino.net\/wp-content\/uploads\/2026\/03\/spinstein-logo.png","contentUrl":"https:\/\/spinstein-casino.net\/wp-content\/uploads\/2026\/03\/spinstein-logo.png","width":166,"height":40,"caption":"Spinstein"},"image":{"@id":"https:\/\/spinstein-casino.net\/es\/#\/schema\/logo\/image\/"}}]}},"_links":{"self":[{"href":"https:\/\/spinstein-casino.net\/es\/wp-json\/wp\/v2\/pages\/1449","targetHints":{"allow":["GET"]}}],"collection":[{"href":"https:\/\/spinstein-casino.net\/es\/wp-json\/wp\/v2\/pages"}],"about":[{"href":"https:\/\/spinstein-casino.net\/es\/wp-json\/wp\/v2\/types\/page"}],"author":[{"embeddable":true,"href":"https:\/\/spinstein-casino.net\/es\/wp-json\/wp\/v2\/users\/1"}],"replies":[{"embeddable":true,"href":"https:\/\/spinstein-casino.net\/es\/wp-json\/wp\/v2\/comments?post=1449"}],"version-history":[{"count":3,"href":"https:\/\/spinstein-casino.net\/es\/wp-json\/wp\/v2\/pages\/1449\/revisions"}],"predecessor-version":[{"id":1813,"href":"https:\/\/spinstein-casino.net\/es\/wp-json\/wp\/v2\/pages\/1449\/revisions\/1813"}],"wp:attachment":[{"href":"https:\/\/spinstein-casino.net\/es\/wp-json\/wp\/v2\/media?parent=1449"}],"curies":[{"name":"wp","href":"https:\/\/api.w.org\/{rel}","templated":true}]}}