{"id":1483,"date":"2026-01-20T12:11:11","date_gmt":"2026-01-20T12:11:11","guid":{"rendered":"https:\/\/bonuskongcasino.com\/login-and-registration\/"},"modified":"2026-03-30T14:24:40","modified_gmt":"2026-03-30T13:24:40","slug":"anmeldung-und-registrierung","status":"publish","type":"page","link":"https:\/\/spinstein-casino.net\/de\/anmeldung-und-registrierung\/","title":{"rendered":"Anmeldung und Registrierung"},"content":{"rendered":"<h1>Spinstein Anmeldung und Registrierung<\/h1>\n<p>Sobald du das Spinstein Login abgeschlossen hast, kannst du an einem sicheren Ort mit echtem Geld spielen. Wenn du kein Konto hast, kannst du nicht alle Funktionen nutzen. Die Registrierung er\u00f6ffnet dir den Zugang zu allem \u2013 Spiele, Boni, Zahlungen und Kundenservice stehen dir sofort zur Verf\u00fcgung.<\/p>\n<p><div class=\"banner-wrap\" aria-label=\"Banner\"><img src=\"https:\/\/spinstein-casino.net\/wp-content\/uploads\/2026\/03\/Spinstein-banner-carousel-800\u0445400.webp\" class=\"w-100 d-none d-lg-block img-pc main-banner-img\" alt=\"spinstein banner desktop\" fetchpriority=\"high\" decoding=\"async\"><img src=\"https:\/\/spinstein-casino.net\/wp-content\/uploads\/2026\/03\/spinstein-banner-mobile.webp\" class=\"w-100 d-none d-md-block d-lg-none main-banner-img\" alt=\"spinstein banner mobile\" fetchpriority=\"high\" decoding=\"async\"><img src=\"https:\/\/spinstein-casino.net\/wp-content\/uploads\/2026\/03\/spinstein-banner-mobile.webp\" class=\"w-100 d-md-none\" alt=\"spinstein banner mobile\" fetchpriority=\"high\" decoding=\"async\"><div class=\"banner-description\">\n<div class=\"banner-title\">Willkommensboni<\/div>\n<p class=\"banner-header-title\">1500 \u20ac<\/p>\n<div class=\"banner-header-AdditionalText\">+ 250 Freispiele<\/div>\n<button data-item=\"homepage_banner_link\" class=\"goto m-button m-gradient-border m-button--primary m-button--large banner-button btn-orange\">\n            <div class=\"m-button-content\">\n                <span>Jetzt anmelden<\/span>\n                <span><\/span>\n            <\/div>\n        <\/button>\n<\/div>\n<div class=\"WelcomePack\">\n<p><img loading=\"lazy\" decoding=\"async\" class=\"alignnone size-full wp-image-1853\" src=\"https:\/\/spinstein-casino.net\/wp-content\/uploads\/2026\/03\/welcome-crown.png\" alt=\"crown\" width=\"25\" height=\"26\" \/><\/p>\n<div class=\"WelcomePack-Info\">W\u00f6chentlicher Cashback von bis zu 25 %<\/div>\n<p><img loading=\"lazy\" decoding=\"async\" class=\"alignnone size-full wp-image-1853\" src=\"https:\/\/spinstein-casino.net\/wp-content\/uploads\/2026\/03\/welcome-crown.png\" alt=\"crown\" width=\"25\" height=\"26\" \/><\/p>\n<\/div>\n<\/div><div class=\"scrollable-content-wrap my-5\"><div class=\"scrollable-content-inner\"><h2>Warum die Erstellung eines Spinstein Casino Kontos wichtig ist<\/h2>\n<p>Die Anmeldung bei Spinstein steht allen Personen ab 18 Jahren offen. Damit wechselt man vom Spielen im Demo-Modus zum Spielen um echtes Geld. Wenn Sie sich registrieren, haben Sie Zugriff auf die gesamte Spielesammlung, Sonderangebote, die M\u00f6glichkeit, Zahlungen zu t\u00e4tigen, sowie direkten Kontakt zum mehrsprachigen Support-Team.<\/p>\n<p>Bei Spinstein gilt die Einschr\u00e4nkung, dass jeder Nutzer nur ein Profil haben darf. Es ist sinnvoll, die Regeln der Plattform zu lesen, bevor du loslegst. Die Erstellung eines Kontos wird dringend empfohlen, wenn du alles, was das Casino bietet, ohne Einschr\u00e4nkungen genie\u00dfen m\u00f6chtest.<\/p>\n<h3>So funktioniert die Kontoerstellung<\/h3>\n<p>Die Einrichtung deines Spinstein Casino Profils dauert nur wenige Minuten. Selbst Personen, die noch nie zuvor in einem Online-Casino waren, werden den Einstieg leicht finden. Die Angabe echter Informationen ist wichtig, da sp\u00e4ter Verifizierungstests stattfinden. Zun\u00e4chst ben\u00f6tigst du lediglich eine E-Mail-Adresse und ein Passwort. Du musst derzeit keine weiteren pers\u00f6nlichen Daten angeben. Gehe wie folgt vor:<\/p>\n<ol>\n<li>Klicken Sie auf den gr\u00fcnen Button oben auf der Hauptseite der Spin Stein Website.<\/li>\n<li>Geben Sie anschlie\u00dfend Ihre pers\u00f6nlichen Daten in die Formulare ein.<\/li>\n<li>Achte darauf, dass dein Passwort sicher ist und sowohl Gro\u00df- als auch Kleinbuchstaben sowie Sonderzeichen enth\u00e4lt.<\/li>\n<li>Verwenden Sie bei der Registrierung alle Promo-Codes, die Sie haben, um sofort Pr\u00e4mien zu erhalten.<\/li>\n<li>Sie m\u00fcssen Ihr Alter best\u00e4tigen und den Allgemeinen Gesch\u00e4ftsbedingungen der Spinstein-Plattform zustimmen.<\/li>\n<li>Um den Vorgang abzuschlie\u00dfen und Ihr Konto zu aktivieren, klicken Sie auf \u201eRegistrieren\u201c.<\/li>\n<\/ol>\n<p><img loading=\"lazy\" decoding=\"async\" class=\"alignnone size-full wp-image-1949\" src=\"https:\/\/spinstein-casino.net\/wp-content\/uploads\/2026\/03\/Spinstein-Login.webp\" alt=\"Spinstein Login\" width=\"1248\" height=\"536\" srcset=\"https:\/\/spinstein-casino.net\/wp-content\/uploads\/2026\/03\/Spinstein-Login.webp 1248w, https:\/\/spinstein-casino.net\/wp-content\/uploads\/2026\/03\/Spinstein-Login-300x129.webp 300w, https:\/\/spinstein-casino.net\/wp-content\/uploads\/2026\/03\/Spinstein-Login-1024x440.webp 1024w, https:\/\/spinstein-casino.net\/wp-content\/uploads\/2026\/03\/Spinstein-Login-768x330.webp 768w\" sizes=\"auto, (max-width: 1248px) 100vw, 1248px\" \/><\/p>\n<h2>Wiederzugang zu Ihrem Spinstein Konto<\/h2>\n<p>Um sich nach der Registrierung anzumelden, m\u00fcssen Sie den Anmeldevorgang bei Spinstein abschlie\u00dfen. Suchen Sie die Schaltfl\u00e4che \u201eAnmelden\u201c oben rechts auf der Startseite und klicken Sie darauf. Geben Sie Ihre E-Mail-Adresse und das Passwort ein, das Sie bei der Registrierung festgelegt haben.<\/p>\n<p>Es l\u00e4uft nicht immer alles nach Plan, aber es gibt immer eine L\u00f6sung f\u00fcr ein Problem. In der folgenden \u00dcbersicht erfahren Sie, wie Sie mit h\u00e4ufigen Problemen umgehen k\u00f6nnen.<\/p>\n<table>\n<tbody>\n<tr>\n<td>Problem beim Spinstein Login<\/td>\n<td>Ursache<\/td>\n<td>So beheben Sie das Problem<\/td>\n<\/tr>\n<tr>\n<td>Das Passwort wird abgelehnt<\/td>\n<td>M\u00f6glicherweise hast du dich bei der Eingabe vertippt, es mit dem Passwort eines anderen Kontos verwechselt oder vergessen, welches du gew\u00e4hlt hast.<\/td>\n<td>Auf dem Spinstein-Anmeldebildschirm gibt es einen Link, \u00fcber den du dein Passwort zur\u00fccksetzen kannst, indem du deine E-Mail-Adresse best\u00e4tigst.<\/td>\n<\/tr>\n<tr>\n<td>Das Spinstein Casino-Konto ist vollst\u00e4ndig gesperrt<\/td>\n<td>Mehrere fehlgeschlagene Anmeldeversuche haben dazu gef\u00fchrt, dass die automatische Sicherheitsfunktion den Zugriff f\u00fcr kurze Zeit gesperrt hat.<\/td>\n<td>F\u00fcr eine automatische Entsperrung warten Sie bitte etwa 15 Minuten. F\u00fcr eine schnellere Antwort wenden Sie sich bitte \u00fcber den Live-Chat an den Kundendienst.<\/td>\n<\/tr>\n<tr>\n<td>Pl\u00f6tzlich mitten in einer Sitzung rausgeworfen<\/td>\n<td>Die Zeit\u00fcberschreitung bei Inaktivit\u00e4t ist ausgel\u00f6st worden, die verlassene Browsersitzungen davor sch\u00fctzt, von Unbefugten aufgerufen zu werden.<\/td>\n<td>Melden Sie sich einfach erneut an. Sitzungen werden aus Sicherheitsgr\u00fcnden nach 30 bis 60 Minuten Inaktivit\u00e4t beendet.<\/td>\n<\/tr>\n<tr>\n<td>Der Authentifizierungscode funktioniert nicht<\/td>\n<td>Der zeitkritische Code ist abgelaufen (er war nur 30\u201360 Sekunden lang g\u00fcltig).<\/td>\n<td>Gib den neuesten Code aus der Authentifikator-App ein oder erstelle einen neuen.<\/td>\n<\/tr>\n<\/tbody>\n<\/table>\n<h2>Was dein Profil-Dashboard kann<\/h2>\n<p>Mit deinem Spin Stein Login kannst du mehr tun, als nur Spiele zu spielen und Angebote zu erhalten. In deinem Profil gibt es eine Reihe von Einstellungen und Funktionen, die das Spielerlebnis verbessern. \u00c4nderungen an deinen pers\u00f6nlichen Daten sind jederzeit m\u00f6glich. Bevor du dein Passwort \u00e4ndern kannst, musst du deine E-Mail-Adresse best\u00e4tigen.<\/p>\n<p>Um die Sicherheit des Spiels zu gew\u00e4hrleisten, solltest du regelm\u00e4\u00dfig deinen Aktivit\u00e4tsverlauf \u00fcberpr\u00fcfen, der die auf der Plattform verbrachte Zeit, die eingezahlten Betr\u00e4ge, die Gesamtverluste und die Gesamtgewinne umfasst. Du kannst jederzeit den Status deines Spinstein Casino Bonus \u00fcberpr\u00fcfen. Kunden nutzen spezielle Tools f\u00fcr verantwortungsbewusstes Spielen, um bei Bedarf gesunde Limits festzulegen.<\/p>\n<h2>So werden Ihre Daten bei Spinstein gesch\u00fctzt<\/h2>\n<p>Es ist wichtig, dass Sie Spinstein Ihre pers\u00f6nlichen und finanziellen Daten anvertrauen k\u00f6nnen. Wir verf\u00fcgen \u00fcber eine offizielle E-Gaming-Lizenz und m\u00fcssen daher bestimmte Sicherheitsvorschriften einhalten. Wir stellen stets sicher, dass wir die DSGVO vollst\u00e4ndig einhalten. Die Website sch\u00fctzt alle Daten mit einer 256-Bit-AES-Verschl\u00fcsselung, sodass niemand sonst darauf zugreifen kann.<\/p>\n<p>Die optionale Zwei-Faktor-Authentifizierung sorgt f\u00fcr zus\u00e4tzliche Sicherheit f\u00fcr Ihr Konto. Wir \u00fcberwachen alle Anmeldeaktivit\u00e4ten bei Spin Stein Casino und senden sofort Benachrichtigungen, wenn wir ungew\u00f6hnliche Tendenzen feststellen. Sie k\u00f6nnen unser zweisprachiges Support-Team rund um die Uhr per Live-Chat oder E-Mail erreichen, um sofort Antworten auf Ihre Fragen oder Probleme zu erhalten.<\/p>\n<h2>FAQ<\/h2>\n<h3>Erfolgt die Verifizierung unmittelbar nach der Anmeldung bei Spinstein?<\/h3>\n<p>Jeder Spinstein-Kunde muss den Verifizierungsprozess durchlaufen, bevor er seine erste Auszahlung beantragen kann. Dazu m\u00fcssen Sie ein Foto eines Dokuments auf die Plattform hochladen, um Ihre Identit\u00e4t, die Inhaberschaft des Zahlungskontos und Ihr vollendetes Alter nachzuweisen. Der \u00dcberpr\u00fcfungsprozess dauert 24 bis 48 Stunden.<\/p>\n<h3>K\u00f6nnen mein Freund und ich gemeinsam ein Spin Stein Konto nutzen?<\/h3>\n<p>Bei Spinstein Casino ist ein individuelles Profil obligatorisch. Sie m\u00fcssen Ihre eigenen pers\u00f6nlichen Daten angeben und Ihr eigenes Zahlungskonto verwenden. Die gemeinsame Nutzung von Konten verst\u00f6\u00dft gegen die Regeln und kann zur Sperrung beider Personen f\u00fchren.<\/p>\n<h3>Was ist im Spinstein Casino ohne Registrierung verf\u00fcgbar?<\/h3>\n<p>Im Demo-Modus k\u00f6nnen Spieler einige Spiele ausprobieren. Das Spielen mit virtuellen M\u00fcnzen kostet Sie kein Geld. Allerdings k\u00f6nnen Sie keine Gewinne auszahlen lassen; das ist der Nachteil. Nicht registrierte Besucher k\u00f6nnen sich bei allgemeinen Fragen zur Website dennoch an den Kundendienst wenden.<\/p>\n<\/div><\/div><\/p>\n","protected":false},"excerpt":{"rendered":"<p>Spinstein Anmeldung und Registrierung Sobald du das Spinstein Login abgeschlossen hast, kannst du an einem sicheren Ort mit echtem Geld spielen. Wenn du kein Konto hast, kannst du nicht alle Funktionen nutzen. Die Registrierung er\u00f6ffnet dir den Zugang zu allem \u2013 Spiele, Boni, Zahlungen und Kundenservice stehen dir sofort zur Verf\u00fcgung.<\/p>\n","protected":false},"author":1,"featured_media":0,"parent":0,"menu_order":0,"comment_status":"closed","ping_status":"closed","template":"template-builder.php","meta":{"_acf_changed":false,"inline_featured_image":false,"footnotes":""},"class_list":["post-1483","page","type-page","status-publish","hentry"],"acf":[],"yoast_head":"<!-- This site is optimized with the Yoast SEO plugin v27.3 - https:\/\/yoast.com\/product\/yoast-seo-wordpress\/ -->\n<title>Spinstein-Login \u2013 Sicherer Zugriff auf Registrierung und Anmeldung<\/title>\n<meta name=\"description\" content=\"Spinstein-Anmeldung \u2013 Greifen Sie sicher auf Ihr Konto zu oder erstellen Sie in wenigen Minuten ein neues Konto. Verwalten Sie die Verifizierung, die Passwortwiederherstellung und die Kontoeinstellungen ganz einfach in Spinstein.\" \/>\n<meta name=\"robots\" content=\"index, follow, max-snippet:-1, max-image-preview:large, max-video-preview:-1\" \/>\n<link rel=\"canonical\" href=\"https:\/\/spinstein-casino.net\/de\/anmeldung-und-registrierung\/\" \/>\n<meta property=\"og:locale\" content=\"de_DE\" \/>\n<meta property=\"og:type\" content=\"article\" \/>\n<meta property=\"og:title\" content=\"Spinstein-Login \u2013 Sicherer Zugriff auf Registrierung und Anmeldung\" \/>\n<meta property=\"og:description\" content=\"Spinstein-Anmeldung \u2013 Greifen Sie sicher auf Ihr Konto zu oder erstellen Sie in wenigen Minuten ein neues Konto. Verwalten Sie die Verifizierung, die Passwortwiederherstellung und die Kontoeinstellungen ganz einfach in Spinstein.\" \/>\n<meta property=\"og:url\" content=\"https:\/\/spinstein-casino.net\/de\/anmeldung-und-registrierung\/\" \/>\n<meta property=\"og:site_name\" content=\"spinstein\" \/>\n<meta property=\"article:modified_time\" content=\"2026-03-30T13:24:40+00:00\" \/>\n<meta name=\"twitter:card\" content=\"summary_large_image\" \/>\n<meta name=\"twitter:label1\" content=\"Gesch\u00e4tzte Lesezeit\" \/>\n\t<meta name=\"twitter:data1\" content=\"1\u00a0Minute\" \/>\n<script type=\"application\/ld+json\" class=\"yoast-schema-graph\">{\"@context\":\"https:\\\/\\\/schema.org\",\"@graph\":[{\"@type\":\"WebPage\",\"@id\":\"https:\\\/\\\/spinstein-casino.net\\\/de\\\/anmeldung-und-registrierung\\\/\",\"url\":\"https:\\\/\\\/spinstein-casino.net\\\/de\\\/anmeldung-und-registrierung\\\/\",\"name\":\"Spinstein-Login \u2013 Sicherer Zugriff auf Registrierung und Anmeldung\",\"isPartOf\":{\"@id\":\"https:\\\/\\\/spinstein-casino.net\\\/de\\\/#website\"},\"datePublished\":\"2026-01-20T12:11:11+00:00\",\"dateModified\":\"2026-03-30T13:24:40+00:00\",\"description\":\"Spinstein-Anmeldung \u2013 Greifen Sie sicher auf Ihr Konto zu oder erstellen Sie in wenigen Minuten ein neues Konto. Verwalten Sie die Verifizierung, die Passwortwiederherstellung und die Kontoeinstellungen ganz einfach in Spinstein.\",\"breadcrumb\":{\"@id\":\"https:\\\/\\\/spinstein-casino.net\\\/de\\\/anmeldung-und-registrierung\\\/#breadcrumb\"},\"inLanguage\":\"de\",\"potentialAction\":[{\"@type\":\"ReadAction\",\"target\":[\"https:\\\/\\\/spinstein-casino.net\\\/de\\\/anmeldung-und-registrierung\\\/\"]}]},{\"@type\":\"BreadcrumbList\",\"@id\":\"https:\\\/\\\/spinstein-casino.net\\\/de\\\/anmeldung-und-registrierung\\\/#breadcrumb\",\"itemListElement\":[{\"@type\":\"ListItem\",\"position\":1,\"name\":\"Spinstein\",\"item\":\"https:\\\/\\\/spinstein-casino.net\\\/de\\\/\"},{\"@type\":\"ListItem\",\"position\":2,\"name\":\"Anmeldung und Registrierung\"}]},{\"@type\":\"WebSite\",\"@id\":\"https:\\\/\\\/spinstein-casino.net\\\/de\\\/#website\",\"url\":\"https:\\\/\\\/spinstein-casino.net\\\/de\\\/\",\"name\":\"Spinstein\",\"description\":\"\",\"publisher\":{\"@id\":\"https:\\\/\\\/spinstein-casino.net\\\/de\\\/#organization\"},\"potentialAction\":[{\"@type\":\"SearchAction\",\"target\":{\"@type\":\"EntryPoint\",\"urlTemplate\":\"https:\\\/\\\/spinstein-casino.net\\\/de\\\/?s={search_term_string}\"},\"query-input\":{\"@type\":\"PropertyValueSpecification\",\"valueRequired\":true,\"valueName\":\"search_term_string\"}}],\"inLanguage\":\"de\"},{\"@type\":\"Organization\",\"@id\":\"https:\\\/\\\/spinstein-casino.net\\\/de\\\/#organization\",\"name\":\"Spinstein\",\"url\":\"https:\\\/\\\/spinstein-casino.net\\\/de\\\/\",\"logo\":{\"@type\":\"ImageObject\",\"inLanguage\":\"de\",\"@id\":\"https:\\\/\\\/spinstein-casino.net\\\/de\\\/#\\\/schema\\\/logo\\\/image\\\/\",\"url\":\"https:\\\/\\\/spinstein-casino.net\\\/wp-content\\\/uploads\\\/2026\\\/03\\\/spinstein-logo.png\",\"contentUrl\":\"https:\\\/\\\/spinstein-casino.net\\\/wp-content\\\/uploads\\\/2026\\\/03\\\/spinstein-logo.png\",\"width\":166,\"height\":40,\"caption\":\"Spinstein\"},\"image\":{\"@id\":\"https:\\\/\\\/spinstein-casino.net\\\/de\\\/#\\\/schema\\\/logo\\\/image\\\/\"}}]}<\/script>\n<!-- \/ Yoast SEO plugin. -->","yoast_head_json":{"title":"Spinstein-Login \u2013 Sicherer Zugriff auf Registrierung und Anmeldung","description":"Spinstein-Anmeldung \u2013 Greifen Sie sicher auf Ihr Konto zu oder erstellen Sie in wenigen Minuten ein neues Konto. Verwalten Sie die Verifizierung, die Passwortwiederherstellung und die Kontoeinstellungen ganz einfach in Spinstein.","robots":{"index":"index","follow":"follow","max-snippet":"max-snippet:-1","max-image-preview":"max-image-preview:large","max-video-preview":"max-video-preview:-1"},"canonical":"https:\/\/spinstein-casino.net\/de\/anmeldung-und-registrierung\/","og_locale":"de_DE","og_type":"article","og_title":"Spinstein-Login \u2013 Sicherer Zugriff auf Registrierung und Anmeldung","og_description":"Spinstein-Anmeldung \u2013 Greifen Sie sicher auf Ihr Konto zu oder erstellen Sie in wenigen Minuten ein neues Konto. Verwalten Sie die Verifizierung, die Passwortwiederherstellung und die Kontoeinstellungen ganz einfach in Spinstein.","og_url":"https:\/\/spinstein-casino.net\/de\/anmeldung-und-registrierung\/","og_site_name":"spinstein","article_modified_time":"2026-03-30T13:24:40+00:00","twitter_card":"summary_large_image","twitter_misc":{"Gesch\u00e4tzte Lesezeit":"1\u00a0Minute"},"schema":{"@context":"https:\/\/schema.org","@graph":[{"@type":"WebPage","@id":"https:\/\/spinstein-casino.net\/de\/anmeldung-und-registrierung\/","url":"https:\/\/spinstein-casino.net\/de\/anmeldung-und-registrierung\/","name":"Spinstein-Login \u2013 Sicherer Zugriff auf Registrierung und Anmeldung","isPartOf":{"@id":"https:\/\/spinstein-casino.net\/de\/#website"},"datePublished":"2026-01-20T12:11:11+00:00","dateModified":"2026-03-30T13:24:40+00:00","description":"Spinstein-Anmeldung \u2013 Greifen Sie sicher auf Ihr Konto zu oder erstellen Sie in wenigen Minuten ein neues Konto. Verwalten Sie die Verifizierung, die Passwortwiederherstellung und die Kontoeinstellungen ganz einfach in Spinstein.","breadcrumb":{"@id":"https:\/\/spinstein-casino.net\/de\/anmeldung-und-registrierung\/#breadcrumb"},"inLanguage":"de","potentialAction":[{"@type":"ReadAction","target":["https:\/\/spinstein-casino.net\/de\/anmeldung-und-registrierung\/"]}]},{"@type":"BreadcrumbList","@id":"https:\/\/spinstein-casino.net\/de\/anmeldung-und-registrierung\/#breadcrumb","itemListElement":[{"@type":"ListItem","position":1,"name":"Spinstein","item":"https:\/\/spinstein-casino.net\/de\/"},{"@type":"ListItem","position":2,"name":"Anmeldung und Registrierung"}]},{"@type":"WebSite","@id":"https:\/\/spinstein-casino.net\/de\/#website","url":"https:\/\/spinstein-casino.net\/de\/","name":"Spinstein","description":"","publisher":{"@id":"https:\/\/spinstein-casino.net\/de\/#organization"},"potentialAction":[{"@type":"SearchAction","target":{"@type":"EntryPoint","urlTemplate":"https:\/\/spinstein-casino.net\/de\/?s={search_term_string}"},"query-input":{"@type":"PropertyValueSpecification","valueRequired":true,"valueName":"search_term_string"}}],"inLanguage":"de"},{"@type":"Organization","@id":"https:\/\/spinstein-casino.net\/de\/#organization","name":"Spinstein","url":"https:\/\/spinstein-casino.net\/de\/","logo":{"@type":"ImageObject","inLanguage":"de","@id":"https:\/\/spinstein-casino.net\/de\/#\/schema\/logo\/image\/","url":"https:\/\/spinstein-casino.net\/wp-content\/uploads\/2026\/03\/spinstein-logo.png","contentUrl":"https:\/\/spinstein-casino.net\/wp-content\/uploads\/2026\/03\/spinstein-logo.png","width":166,"height":40,"caption":"Spinstein"},"image":{"@id":"https:\/\/spinstein-casino.net\/de\/#\/schema\/logo\/image\/"}}]}},"_links":{"self":[{"href":"https:\/\/spinstein-casino.net\/de\/wp-json\/wp\/v2\/pages\/1483","targetHints":{"allow":["GET"]}}],"collection":[{"href":"https:\/\/spinstein-casino.net\/de\/wp-json\/wp\/v2\/pages"}],"about":[{"href":"https:\/\/spinstein-casino.net\/de\/wp-json\/wp\/v2\/types\/page"}],"author":[{"embeddable":true,"href":"https:\/\/spinstein-casino.net\/de\/wp-json\/wp\/v2\/users\/1"}],"replies":[{"embeddable":true,"href":"https:\/\/spinstein-casino.net\/de\/wp-json\/wp\/v2\/comments?post=1483"}],"version-history":[{"count":3,"href":"https:\/\/spinstein-casino.net\/de\/wp-json\/wp\/v2\/pages\/1483\/revisions"}],"predecessor-version":[{"id":2057,"href":"https:\/\/spinstein-casino.net\/de\/wp-json\/wp\/v2\/pages\/1483\/revisions\/2057"}],"wp:attachment":[{"href":"https:\/\/spinstein-casino.net\/de\/wp-json\/wp\/v2\/media?parent=1483"}],"curies":[{"name":"wp","href":"https:\/\/api.w.org\/{rel}","templated":true}]}}