{"id":1442,"date":"2026-01-20T12:08:23","date_gmt":"2026-01-20T12:08:23","guid":{"rendered":"https:\/\/bonuskongcasino.com\/app-2\/"},"modified":"2026-03-30T14:19:46","modified_gmt":"2026-03-30T13:19:46","slug":"app","status":"publish","type":"page","link":"https:\/\/spinstein-casino.net\/de\/app\/","title":{"rendered":"App"},"content":{"rendered":"<h1>Spinstein Mobile Plattform<\/h1>\n<p>Die Spinstein App macht Ihr Spielerlebnis viel einfacher. Sie funktioniert mit allen modernen Ger\u00e4ten und erm\u00f6glicht es Ihnen, zu spielen, wo immer Sie sind. Es spielt keine Rolle, ob Sie ein Android- oder iOS-Smartphone besitzen; das Spiel wird schnell geladen und l\u00e4uft reibungslos. Alle Funktionen, das Design und die Navigation werden Ihnen vertraut vorkommen, da sie denen auf der Haupt-PC-Website \u00e4hneln. Sie k\u00f6nnen die App schnell und einfach von der Spinstein-Website installieren.<\/p>\n<div class=\"banner-wrap\" aria-label=\"Banner\"><img src=\"https:\/\/spinstein-casino.net\/wp-content\/uploads\/2026\/03\/Spinstein-banner-carousel-800\u0445400.webp\" class=\"w-100 d-none d-lg-block img-pc main-banner-img\" alt=\"spinstein banner desktop\" fetchpriority=\"high\" decoding=\"async\"><img src=\"https:\/\/spinstein-casino.net\/wp-content\/uploads\/2026\/03\/spinstein-banner-mobile.webp\" class=\"w-100 d-none d-md-block d-lg-none main-banner-img\" alt=\"spinstein banner mobile\" fetchpriority=\"high\" decoding=\"async\"><img src=\"https:\/\/spinstein-casino.net\/wp-content\/uploads\/2026\/03\/spinstein-banner-mobile.webp\" class=\"w-100 d-md-none\" alt=\"spinstein banner mobile\" fetchpriority=\"high\" decoding=\"async\"><div class=\"banner-description\">\n<div class=\"banner-title\">Willkommensboni<\/div>\n<p class=\"banner-header-title\">1500 \u20ac<\/p>\n<div class=\"banner-header-AdditionalText\">+ 250 Freispiele<\/div>\n<button data-item=\"homepage_banner_link\" class=\"goto m-button m-gradient-border m-button--primary m-button--large banner-button btn-orange\">\n            <div class=\"m-button-content\">\n                <span>Jetzt anmelden<\/span>\n                <span><\/span>\n            <\/div>\n        <\/button>\n<\/div>\n<div class=\"WelcomePack\">\n<p><img loading=\"lazy\" decoding=\"async\" class=\"alignnone size-full wp-image-1853\" src=\"https:\/\/spinstein-casino.net\/wp-content\/uploads\/2026\/03\/welcome-crown.png\" alt=\"crown\" width=\"25\" height=\"26\" \/><\/p>\n<div class=\"WelcomePack-Info\">W\u00f6chentlicher Cashback von bis zu 25 %<\/div>\n<p><img loading=\"lazy\" decoding=\"async\" class=\"alignnone size-full wp-image-1853\" src=\"https:\/\/spinstein-casino.net\/wp-content\/uploads\/2026\/03\/welcome-crown.png\" alt=\"crown\" width=\"25\" height=\"26\" \/><\/p>\n<\/div>\n<\/div>\n<h2>Spinstein App \u2013 Hauptmerkmale<\/h2>\n<p>Mehr als die H\u00e4lfte der Spinstein Casino Kunden spielt gerne auf ihrem Smartphone. Es ist kaum \u00fcberraschend, dass die Leute flexibel bleiben und online sein wollen, egal wo sie sich gerade befinden. Alle Kunden haben zwei einfache Optionen: die mobile Browser-Version und die Spinstein App.<\/p>\n<table>\n<tbody>\n<tr>\n<td>Funktion<\/td>\n<td>Technische Realit\u00e4t<\/td>\n<td>Was das bedeutet<\/td>\n<\/tr>\n<tr>\n<td>Eine Benutzeroberfl\u00e4che, die auf Mobilger\u00e4ten gut funktioniert<\/td>\n<td>F\u00fcr die Navigation mit dem Daumen werden alle Schaltfl\u00e4chen, Men\u00fcs und Spielelemente verkleinert und neu angeordnet.<\/td>\n<td>Es kommt nicht mehr vor, dass man versehentlich die falschen Schaltfl\u00e4chen ber\u00fchrt, da alles die richtige Gr\u00f6\u00dfe hat und f\u00fcr Finger abgesetzt ist.<\/td>\n<\/tr>\n<tr>\n<td>Schnelles Laden von Spielen<\/td>\n<td>Dank intelligentem Caching und komprimierten Assets werden Spiele bereits im Hintergrund geladen, bevor du darauf klickst.<\/td>\n<td>K\u00fcrzere Wartezeiten zwischen den Runden sorgen f\u00fcr ununterbrochenen Spielspa\u00df.<\/td>\n<\/tr>\n<tr>\n<td>Konstante Leistung<\/td>\n<td>Hintergrundprogramme werden verlangsamt, und Verbindungsabbr\u00fcche werden reibungslos abgewickelt.<\/td>\n<td>Spin Stein Spiele laufen fl\u00fcssig und ohne Verz\u00f6gerungen oder Unterbrechungen, selbst wenn die WLAN-Verbindung nicht stabil ist.<\/td>\n<\/tr>\n<tr>\n<td>Steuerung, die auf Ber\u00fchrungen reagiert<\/td>\n<td>Die Erkennungsbereiche f\u00fcr Ber\u00fchrungen wurden gr\u00f6\u00dfer gestaltet, als man sehen kann, sodass Ber\u00fchrungen auch dann registriert werden, wenn du etwas daneben zielst.<\/td>\n<td>Tippen und Scrollen funktionieren einwandfrei, ohne Verz\u00f6gerungen oder \u00c4rger durch fehlende Eingaben in wichtigen Momenten.<\/td>\n<\/tr>\n<tr>\n<td>Sichere mobile Sitzungen<\/td>\n<td>Eine End-to-End-Verschl\u00fcsselung sch\u00fctzt jedes einzelne Datenbit, das zwischen den Smartphones und den Servern von Spinstein Casino \u00fcbertragen wird.<\/td>\n<td>Der Anmeldevorgang und Ihre pers\u00f6nlichen Daten sind selbst in \u00f6ffentlichen WLAN-Netzwerken sicher.<\/td>\n<\/tr>\n<tr>\n<td>Automatische Updates<\/td>\n<td>Wenn du eine Progressive Web App \u00f6ffnest, l\u00e4dt sie im Hintergrund still und leise die neuesten Funktionen herunter.<\/td>\n<td>Sie haben immer Zugriff auf die neueste Version, ohne sie manuell herunterladen, im App Store freischalten oder sich Gedanken \u00fcber Speicherplatz machen zu m\u00fcssen.<\/td>\n<\/tr>\n<\/tbody>\n<\/table>\n<h3>Sicherheit Ihrer Daten<\/h3>\n<p>Ihre Sicherheit ist das Wichtigste bei der Nutzung der mobilen Version der Spinstein App. Web Application Firewalls (WAFs) sch\u00fctzen vor Bots und anderen verd\u00e4chtigen Aktivit\u00e4ten auf Mobilger\u00e4ten. Die Plattform \u00fcberwacht st\u00e4ndig die Aktivit\u00e4ten, um Betrug zu verhindern.<\/p>\n<p>Spieler k\u00f6nnen sich jederzeit mit Fragen zur Sicherheit oder zu anderen Themen an den Kundendienst wenden. Die Spinstein Casino App verf\u00fcgt \u00fcber eine Live-Chat-Option, die innerhalb von Minuten Antworten liefert.<\/p>\n<p><div class=\"scrollable-content-wrap my-5\"><div class=\"scrollable-content-inner\"><h2>Spielen auf Android mit fl\u00fcssigem Gameplay<\/h2>\n<p>Wenn Kunden bei Spinstein auf Android spielen, erhalten sie eine schnelle, stabile und vollst\u00e4ndig optimierte Spielumgebung, die speziell f\u00fcr mobile Ger\u00e4te entwickelt wurde. Die Plattform funktioniert mit allen neuen Android-Versionen. Die Software wurde so konzipiert, dass Ladezeiten und Datenverbrauch minimiert werden.<\/p>\n<p>Die Touch-Steuerung des Spin Stein Mobile Casinos wurde auf Pr\u00e4zision ausgelegt. Mit ihr k\u00f6nnen Sie schnell und einfach Eins\u00e4tze t\u00e4tigen, die Walzen drehen und Auszahlungen vornehmen. Alle Hintergrundprozesse wurden so optimiert, dass Ihre Spielsitzung auch bei langen Spielphasen stabil bleibt.<\/p>\n<p>Um das Programm problemlos zu installieren, befolge einfach die folgenden Schritte:<\/p>\n<ol>\n<li>Wenn Sie Chrome verwenden, w\u00e4hrend Sie sich auf der Website des Spinstein Casinos befinden, klicken Sie in der Adressleiste auf die Schaltfl\u00e4che \u201eMehr\u201c.<\/li>\n<li>W\u00e4hlen Sie aus der Liste die Option \u201eZum Startbildschirm hinzuf\u00fcgen\u201c aus.<\/li>\n<li>Sie k\u00f6nnen den Namen und das Aussehen des Symbols \u00e4ndern, um es an Ihre Vorlieben anzupassen.<\/li>\n<li>Dr\u00fccken Sie einfach auf \u201eHinzuf\u00fcgen\u201c, um Ihre \u00c4nderungen zu best\u00e4tigen.<\/li>\n<\/ol>\n<p><img loading=\"lazy\" decoding=\"async\" class=\"alignnone size-full wp-image-1925\" src=\"https:\/\/spinstein-casino.net\/wp-content\/uploads\/2026\/03\/Spinstein-Android-App.webp\" alt=\"Spinstein Android App\" width=\"1248\" height=\"536\" srcset=\"https:\/\/spinstein-casino.net\/wp-content\/uploads\/2026\/03\/Spinstein-Android-App.webp 1248w, https:\/\/spinstein-casino.net\/wp-content\/uploads\/2026\/03\/Spinstein-Android-App-300x129.webp 300w, https:\/\/spinstein-casino.net\/wp-content\/uploads\/2026\/03\/Spinstein-Android-App-1024x440.webp 1024w, https:\/\/spinstein-casino.net\/wp-content\/uploads\/2026\/03\/Spinstein-Android-App-768x330.webp 768w\" sizes=\"auto, (max-width: 1248px) 100vw, 1248px\" \/><\/p>\n<\/div><\/div><div style=\"clear: both\"><\/div><div class=\"d-flex justify-content-center\"><button data-item=\"decouvrez_link\" data-group=\"website_links\" class=\"goto fw-bold rounded-pill btn btn-orange\" aria-label=\"Laden Sie die Spinstein-App herunter\" >Laden Sie die Spinstein-App herunter<\/button><\/div><div class=\"scrollable-content-wrap my-5\"><div class=\"scrollable-content-inner\"><h2>Mobile App f\u00fcr iOS<\/h2>\n<p>Alle iOS-Nutzer k\u00f6nnen \u00fcber jeden beliebigen Browser auf ihrem Smartphone oder Tablet schnell auf das mobile Casino zugreifen. Alle Spiele, wie Online-Slots, Tischspiele und Live-Casino-Spiele, passen sich automatisch an Ihre Bildschirmgr\u00f6\u00dfe und Aufl\u00f6sung an. Es gibt keine Einschr\u00e4nkungen, und alle Funktionen stehen auf Ihrem Ger\u00e4t zur Verf\u00fcgung.<\/p>\n<p>Sie k\u00f6nnen entweder die Webversion oder die Spinstein App nutzen. Spieler k\u00f6nnen beide sogar problemlos miteinander kombinieren, indem sie dasselbe Spinstein-Casino-Konto verwenden.<\/p>\n<h3>Installationsanleitung<\/h3>\n<p>Die mobile App verwendet ausschlie\u00dflich zwischengespeicherte Daten, sodass sich Kunden keine Sorgen machen m\u00fcssen, dass auf ihren Ger\u00e4ten der Speicherplatz knapp wird. Befolgen Sie diese Schritte, um die Spinstein App zu installieren:<\/p>\n<ol>\n<li>Die Shortcuts-App ist bereits auf Ihrem iPhone installiert. Starten Sie sie zun\u00e4chst.<\/li>\n<li>In der oberen rechten Ecke sollten Sie das Pluszeichen (+) sehen. Wenn Sie darauf tippen, wird eine neue Verkn\u00fcpfung erstellt. Tippen Sie anschlie\u00dfend auf die Schaltfl\u00e4che \u201eAktion hinzuf\u00fcgen\u201c und geben Sie \u201eSpinstein\u201c ein.<\/li>\n<li>In den Suchergebnissen darunter sollte die gew\u00fcnschte App angezeigt werden. Sie k\u00f6nnen sie aus dieser Liste ausw\u00e4hlen.<\/li>\n<li>Klicken Sie nun auf den kleinen Abw\u00e4rtspfeil neben dem Namen der Verkn\u00fcpfung. W\u00e4hlen Sie \u201eZum Startbildschirm hinzuf\u00fcgen\u201c aus der Liste der angezeigten Optionen.<\/li>\n<li>Wenn du kreativ sein m\u00f6chtest, kannst du ein eigenes Foto f\u00fcr dein Symbol ausw\u00e4hlen, falls dir das Standardbild zu langweilig erscheint. Gib ihm einen Namen und tippe dann auf die Schaltfl\u00e4che \u201eHinzuf\u00fcgen\u201c.<\/li>\n<li>Das Spinstein-Symbol erscheint auf deinem Startbildschirm direkt neben all deinen anderen Apps.<\/li>\n<\/ol>\n<p><img loading=\"lazy\" decoding=\"async\" class=\"alignnone size-full wp-image-1933\" src=\"https:\/\/spinstein-casino.net\/wp-content\/uploads\/2026\/03\/Spinstein-iOS-App.webp\" alt=\"Spinstein iOS App\" width=\"1248\" height=\"536\" srcset=\"https:\/\/spinstein-casino.net\/wp-content\/uploads\/2026\/03\/Spinstein-iOS-App.webp 1248w, https:\/\/spinstein-casino.net\/wp-content\/uploads\/2026\/03\/Spinstein-iOS-App-300x129.webp 300w, https:\/\/spinstein-casino.net\/wp-content\/uploads\/2026\/03\/Spinstein-iOS-App-1024x440.webp 1024w, https:\/\/spinstein-casino.net\/wp-content\/uploads\/2026\/03\/Spinstein-iOS-App-768x330.webp 768w\" sizes=\"auto, (max-width: 1248px) 100vw, 1248px\" \/><\/p>\n<\/div><\/div><div style=\"clear: both\"><\/div><div class=\"d-flex justify-content-center\"><button data-item=\"decouvrez_link\" data-group=\"website_links\" class=\"goto fw-bold rounded-pill btn btn-orange\" aria-label=\"Spinstein herunterladen\" >Spinstein herunterladen<\/button><\/div><div class=\"scrollable-content-wrap my-5\"><div class=\"scrollable-content-inner\"><h2>Spinstein-Optionen f\u00fcr Windows und macOS<\/h2>\n<p>Wenn Sie im Spin Stein Casino auf Ihrem PC oder Laptop spielen, werden Sie keine Probleme haben. Sie m\u00fcssen keine zus\u00e4tzliche Software installieren. Sie k\u00f6nnen die Website weiterhin in jedem Browser aufrufen.<\/p>\n<p>Sie k\u00f6nnen ein Verkn\u00fcpfungssymbol auf Ihrem Desktop-Startbildschirm installieren, wenn Sie die Website mit nur einem Klick aufrufen m\u00f6chten. Dazu m\u00fcssen Sie die Seiteneinstellungen Ihres Browsers aufrufen. Wenn Sie Probleme bei der Installation des Spinstein-App-Symbols haben, erhalten Sie sofort Hilfe per Live-Chat oder E-Mail.<\/p>\n<p><img loading=\"lazy\" decoding=\"async\" class=\"alignnone size-full wp-image-1941\" src=\"https:\/\/spinstein-casino.net\/wp-content\/uploads\/2026\/03\/Spinstein-Desktop.webp\" alt=\"Spinstein Desktop\" width=\"1248\" height=\"536\" srcset=\"https:\/\/spinstein-casino.net\/wp-content\/uploads\/2026\/03\/Spinstein-Desktop.webp 1248w, https:\/\/spinstein-casino.net\/wp-content\/uploads\/2026\/03\/Spinstein-Desktop-300x129.webp 300w, https:\/\/spinstein-casino.net\/wp-content\/uploads\/2026\/03\/Spinstein-Desktop-1024x440.webp 1024w, https:\/\/spinstein-casino.net\/wp-content\/uploads\/2026\/03\/Spinstein-Desktop-768x330.webp 768w\" sizes=\"auto, (max-width: 1248px) 100vw, 1248px\" \/><\/p>\n<\/div><\/div><div style=\"clear: both\"><\/div><div class=\"d-flex justify-content-center\"><button data-item=\"decouvrez_link\" data-group=\"website_links\" class=\"goto fw-bold rounded-pill btn btn-orange\" aria-label=\"Laden Sie die Spinstein-App herunter\" >Laden Sie die Spinstein-App herunter<\/button><\/div><div class=\"scrollable-content-wrap my-5\"><div class=\"scrollable-content-inner\"><h2>FAQ<\/h2>\n<h3>Kann ich die Registrierung in der Spinstein App abschlie\u00dfen?<\/h3>\n<p>Wenn du neu im Spinstein Online Casino bist und mit der App beginnen m\u00f6chtest, kannst du dich dort ganz einfach anmelden. Der Vorgang ist derselbe und erfordert lediglich deine E-Mail-Adresse und dein Passwort. Aus Sicherheitsgr\u00fcnden musst du den Verifizierungsprozess abschlie\u00dfen, bevor du deine erste Auszahlung vornehmen kannst.<\/p>\n<h3>Ist es m\u00f6glich, die Live-Casino-Spiele von Spinstein auf einem Smartphone zu spielen?<\/h3>\n<p>Sie k\u00f6nnen weiterhin alle Spiele aus der Sammlung, die mehr als 6.000 Titel umfasst, auf Ihrem Smartphone oder Tablet spielen. Dazu geh\u00f6ren auch Spiele f\u00fcr das Live-Casino. Spinstein nutzt spezielle Touch-Steuerungsfunktionen, um sicherzustellen, dass Ihr Spielerlebnis immer einfach und angenehm ist, egal welches Ger\u00e4t Sie verwenden.<\/p>\n<h3>Wie erfahre ich, dass die mobile Software ein Update ben\u00f6tigt?<\/h3>\n<p>Sie m\u00fcssen nichts tun, damit sich die Spinstein Casino PWA selbst aktualisiert. Push-Benachrichtigungen und E-Mails informieren die Nutzer stets \u00fcber \u00c4nderungen an der Plattform, sodass Sie keine \u00dcberraschungen erleben.<\/p>\n<\/div><\/div><\/p>\n","protected":false},"excerpt":{"rendered":"<p>Spinstein Mobile Plattform Die Spinstein App macht Ihr Spielerlebnis viel einfacher. Sie funktioniert mit allen modernen Ger\u00e4ten und erm\u00f6glicht es Ihnen, zu spielen, wo immer Sie sind. Es spielt keine Rolle, ob Sie ein Android- oder iOS-Smartphone besitzen; das Spiel wird schnell geladen und l\u00e4uft reibungslos. Alle Funktionen, das Design und die Navigation werden Ihnen [&hellip;]<\/p>\n","protected":false},"author":1,"featured_media":0,"parent":0,"menu_order":0,"comment_status":"closed","ping_status":"closed","template":"template-builder.php","meta":{"_acf_changed":false,"inline_featured_image":false,"footnotes":""},"class_list":["post-1442","page","type-page","status-publish","hentry"],"acf":[],"yoast_head":"<!-- This site is optimized with the Yoast SEO plugin v27.3 - https:\/\/yoast.com\/product\/yoast-seo-wordpress\/ -->\n<title>Spinstein App herunterladen | iOS, Android und Desktop<\/title>\n<meta name=\"description\" content=\"Installieren Sie die Spinstein-App auf iOS, Android, Windows und macOS, um \u00fcber 6000 Casinospiele \u00fcberall zu spielen. Reibungslose Leistung, Kontosynchronisierung und Support rund um die Uhr \u2013 alles in Spinstein.\" \/>\n<meta name=\"robots\" content=\"index, follow, max-snippet:-1, max-image-preview:large, max-video-preview:-1\" \/>\n<link rel=\"canonical\" href=\"https:\/\/spinstein-casino.net\/de\/app\/\" \/>\n<meta property=\"og:locale\" content=\"de_DE\" \/>\n<meta property=\"og:type\" content=\"article\" \/>\n<meta property=\"og:title\" content=\"Spinstein App herunterladen | iOS, Android und Desktop\" \/>\n<meta property=\"og:description\" content=\"Installieren Sie die Spinstein-App auf iOS, Android, Windows und macOS, um \u00fcber 6000 Casinospiele \u00fcberall zu spielen. Reibungslose Leistung, Kontosynchronisierung und Support rund um die Uhr \u2013 alles in Spinstein.\" \/>\n<meta property=\"og:url\" content=\"https:\/\/spinstein-casino.net\/de\/app\/\" \/>\n<meta property=\"og:site_name\" content=\"spinstein\" \/>\n<meta property=\"article:modified_time\" content=\"2026-03-30T13:19:46+00:00\" \/>\n<meta name=\"twitter:card\" content=\"summary_large_image\" \/>\n<meta name=\"twitter:label1\" content=\"Gesch\u00e4tzte Lesezeit\" \/>\n\t<meta name=\"twitter:data1\" content=\"2\u00a0Minuten\" \/>\n<script type=\"application\/ld+json\" class=\"yoast-schema-graph\">{\"@context\":\"https:\\\/\\\/schema.org\",\"@graph\":[{\"@type\":\"WebPage\",\"@id\":\"https:\\\/\\\/spinstein-casino.net\\\/de\\\/app\\\/\",\"url\":\"https:\\\/\\\/spinstein-casino.net\\\/de\\\/app\\\/\",\"name\":\"Spinstein App herunterladen | iOS, Android und Desktop\",\"isPartOf\":{\"@id\":\"https:\\\/\\\/spinstein-casino.net\\\/de\\\/#website\"},\"datePublished\":\"2026-01-20T12:08:23+00:00\",\"dateModified\":\"2026-03-30T13:19:46+00:00\",\"description\":\"Installieren Sie die Spinstein-App auf iOS, Android, Windows und macOS, um \u00fcber 6000 Casinospiele \u00fcberall zu spielen. Reibungslose Leistung, Kontosynchronisierung und Support rund um die Uhr \u2013 alles in Spinstein.\",\"breadcrumb\":{\"@id\":\"https:\\\/\\\/spinstein-casino.net\\\/de\\\/app\\\/#breadcrumb\"},\"inLanguage\":\"de\",\"potentialAction\":[{\"@type\":\"ReadAction\",\"target\":[\"https:\\\/\\\/spinstein-casino.net\\\/de\\\/app\\\/\"]}]},{\"@type\":\"BreadcrumbList\",\"@id\":\"https:\\\/\\\/spinstein-casino.net\\\/de\\\/app\\\/#breadcrumb\",\"itemListElement\":[{\"@type\":\"ListItem\",\"position\":1,\"name\":\"Spinstein\",\"item\":\"https:\\\/\\\/spinstein-casino.net\\\/de\\\/\"},{\"@type\":\"ListItem\",\"position\":2,\"name\":\"App\"}]},{\"@type\":\"WebSite\",\"@id\":\"https:\\\/\\\/spinstein-casino.net\\\/de\\\/#website\",\"url\":\"https:\\\/\\\/spinstein-casino.net\\\/de\\\/\",\"name\":\"Spinstein\",\"description\":\"\",\"publisher\":{\"@id\":\"https:\\\/\\\/spinstein-casino.net\\\/de\\\/#organization\"},\"potentialAction\":[{\"@type\":\"SearchAction\",\"target\":{\"@type\":\"EntryPoint\",\"urlTemplate\":\"https:\\\/\\\/spinstein-casino.net\\\/de\\\/?s={search_term_string}\"},\"query-input\":{\"@type\":\"PropertyValueSpecification\",\"valueRequired\":true,\"valueName\":\"search_term_string\"}}],\"inLanguage\":\"de\"},{\"@type\":\"Organization\",\"@id\":\"https:\\\/\\\/spinstein-casino.net\\\/de\\\/#organization\",\"name\":\"Spinstein\",\"url\":\"https:\\\/\\\/spinstein-casino.net\\\/de\\\/\",\"logo\":{\"@type\":\"ImageObject\",\"inLanguage\":\"de\",\"@id\":\"https:\\\/\\\/spinstein-casino.net\\\/de\\\/#\\\/schema\\\/logo\\\/image\\\/\",\"url\":\"https:\\\/\\\/spinstein-casino.net\\\/wp-content\\\/uploads\\\/2026\\\/03\\\/spinstein-logo.png\",\"contentUrl\":\"https:\\\/\\\/spinstein-casino.net\\\/wp-content\\\/uploads\\\/2026\\\/03\\\/spinstein-logo.png\",\"width\":166,\"height\":40,\"caption\":\"Spinstein\"},\"image\":{\"@id\":\"https:\\\/\\\/spinstein-casino.net\\\/de\\\/#\\\/schema\\\/logo\\\/image\\\/\"}}]}<\/script>\n<!-- \/ Yoast SEO plugin. -->","yoast_head_json":{"title":"Spinstein App herunterladen | iOS, Android und Desktop","description":"Installieren Sie die Spinstein-App auf iOS, Android, Windows und macOS, um \u00fcber 6000 Casinospiele \u00fcberall zu spielen. Reibungslose Leistung, Kontosynchronisierung und Support rund um die Uhr \u2013 alles in Spinstein.","robots":{"index":"index","follow":"follow","max-snippet":"max-snippet:-1","max-image-preview":"max-image-preview:large","max-video-preview":"max-video-preview:-1"},"canonical":"https:\/\/spinstein-casino.net\/de\/app\/","og_locale":"de_DE","og_type":"article","og_title":"Spinstein App herunterladen | iOS, Android und Desktop","og_description":"Installieren Sie die Spinstein-App auf iOS, Android, Windows und macOS, um \u00fcber 6000 Casinospiele \u00fcberall zu spielen. Reibungslose Leistung, Kontosynchronisierung und Support rund um die Uhr \u2013 alles in Spinstein.","og_url":"https:\/\/spinstein-casino.net\/de\/app\/","og_site_name":"spinstein","article_modified_time":"2026-03-30T13:19:46+00:00","twitter_card":"summary_large_image","twitter_misc":{"Gesch\u00e4tzte Lesezeit":"2\u00a0Minuten"},"schema":{"@context":"https:\/\/schema.org","@graph":[{"@type":"WebPage","@id":"https:\/\/spinstein-casino.net\/de\/app\/","url":"https:\/\/spinstein-casino.net\/de\/app\/","name":"Spinstein App herunterladen | iOS, Android und Desktop","isPartOf":{"@id":"https:\/\/spinstein-casino.net\/de\/#website"},"datePublished":"2026-01-20T12:08:23+00:00","dateModified":"2026-03-30T13:19:46+00:00","description":"Installieren Sie die Spinstein-App auf iOS, Android, Windows und macOS, um \u00fcber 6000 Casinospiele \u00fcberall zu spielen. Reibungslose Leistung, Kontosynchronisierung und Support rund um die Uhr \u2013 alles in Spinstein.","breadcrumb":{"@id":"https:\/\/spinstein-casino.net\/de\/app\/#breadcrumb"},"inLanguage":"de","potentialAction":[{"@type":"ReadAction","target":["https:\/\/spinstein-casino.net\/de\/app\/"]}]},{"@type":"BreadcrumbList","@id":"https:\/\/spinstein-casino.net\/de\/app\/#breadcrumb","itemListElement":[{"@type":"ListItem","position":1,"name":"Spinstein","item":"https:\/\/spinstein-casino.net\/de\/"},{"@type":"ListItem","position":2,"name":"App"}]},{"@type":"WebSite","@id":"https:\/\/spinstein-casino.net\/de\/#website","url":"https:\/\/spinstein-casino.net\/de\/","name":"Spinstein","description":"","publisher":{"@id":"https:\/\/spinstein-casino.net\/de\/#organization"},"potentialAction":[{"@type":"SearchAction","target":{"@type":"EntryPoint","urlTemplate":"https:\/\/spinstein-casino.net\/de\/?s={search_term_string}"},"query-input":{"@type":"PropertyValueSpecification","valueRequired":true,"valueName":"search_term_string"}}],"inLanguage":"de"},{"@type":"Organization","@id":"https:\/\/spinstein-casino.net\/de\/#organization","name":"Spinstein","url":"https:\/\/spinstein-casino.net\/de\/","logo":{"@type":"ImageObject","inLanguage":"de","@id":"https:\/\/spinstein-casino.net\/de\/#\/schema\/logo\/image\/","url":"https:\/\/spinstein-casino.net\/wp-content\/uploads\/2026\/03\/spinstein-logo.png","contentUrl":"https:\/\/spinstein-casino.net\/wp-content\/uploads\/2026\/03\/spinstein-logo.png","width":166,"height":40,"caption":"Spinstein"},"image":{"@id":"https:\/\/spinstein-casino.net\/de\/#\/schema\/logo\/image\/"}}]}},"_links":{"self":[{"href":"https:\/\/spinstein-casino.net\/de\/wp-json\/wp\/v2\/pages\/1442","targetHints":{"allow":["GET"]}}],"collection":[{"href":"https:\/\/spinstein-casino.net\/de\/wp-json\/wp\/v2\/pages"}],"about":[{"href":"https:\/\/spinstein-casino.net\/de\/wp-json\/wp\/v2\/types\/page"}],"author":[{"embeddable":true,"href":"https:\/\/spinstein-casino.net\/de\/wp-json\/wp\/v2\/users\/1"}],"replies":[{"embeddable":true,"href":"https:\/\/spinstein-casino.net\/de\/wp-json\/wp\/v2\/comments?post=1442"}],"version-history":[{"count":3,"href":"https:\/\/spinstein-casino.net\/de\/wp-json\/wp\/v2\/pages\/1442\/revisions"}],"predecessor-version":[{"id":2055,"href":"https:\/\/spinstein-casino.net\/de\/wp-json\/wp\/v2\/pages\/1442\/revisions\/2055"}],"wp:attachment":[{"href":"https:\/\/spinstein-casino.net\/de\/wp-json\/wp\/v2\/media?parent=1442"}],"curies":[{"name":"wp","href":"https:\/\/api.w.org\/{rel}","templated":true}]}}